{"id":33277,"date":"2014-11-16T11:43:36","date_gmt":"2014-11-16T11:43:36","guid":{"rendered":"https:\/\/the7.io\/main\/?page_id=33277"},"modified":"2018-08-10T17:22:04","modified_gmt":"2018-08-10T17:22:04","slug":"faqs","status":"publish","type":"page","link":"https:\/\/www.olivetreehunters.com\/es\/faqs\/","title":{"rendered":"FAQ&#8217;s"},"content":{"rendered":"<div class=\"wpb-content-wrapper\"><p>[vc_row type=\u00bbvc_default\u00bb margin_top=\u00bb0&#8243; margin_bottom=\u00bb-50&#8243; css=\u00bb.vc_custom_1475335361394{margin-bottom: -40px !important;}\u00bb][vc_column offset=\u00bbvc_col-lg-6 vc_col-md-6 vc_col-xs-12&#8243; css=\u00bb.vc_custom_1475335328257{padding-bottom: 50px !important;}\u00bb]<div id=\"ultimate-heading-338369d25c2f79ece\" class=\"uvc-heading ult-adjust-bottom-margin ultimate-heading-338369d25c2f79ece uvc-6250 \" data-hspacer=\"no_spacer\"  data-halign=\"left\" style=\"text-align:left\"><div class=\"uvc-heading-spacer no_spacer\" style=\"top\"><\/div><div class=\"uvc-main-heading ult-responsive\"  data-ultimate-target='.uvc-heading.ultimate-heading-338369d25c2f79ece h2'  data-responsive-json-new='{\"font-size\":\"desktop:24px;\",\"line-height\":\"desktop:34px;\"}' ><h2 style=\"font-weight:bold;margin-bottom:20px;\">Preguntas frecuentes<\/h2><\/div><\/div>[vc_accordion active_tab=\u00bbfalse\u00bb collapsible=\u00bbyes\u00bb style=\u00bb3&#8243;][vc_accordion_tab title=\u00bb\u00bfEn qu\u00e9 pa\u00edses puedo importar olivos?\u00bb][vc_column_text]Aunque el olivo es de origen mediterr\u00e1neo, se trata de un \u00e1rbol que se adapta a casi todos de climas del planeta (excepto los m\u00e1s cercanos a los polos) y pr\u00e1cticamente a cualquier tipo de suelo con un drenaje adecuado.<\/p>\n<p>La resistencia del olivo, as\u00ed como la legislaci\u00f3n vigente, permite que exportemos nuestros olivos a cualquier pa\u00eds del mundo.[\/vc_column_text][\/vc_accordion_tab][vc_accordion_tab title=\u00bb\u00bfSer\u00e1 necesaria mucha burocracia para poder importar olivos?\u00bb][vc_column_text]La importaci\u00f3n de olivos requiere de varios controles y certificados, los cuales dependen del pa\u00eds donde se quieran llevar los olivos. Le aconsejamos que visite nuestra secci\u00f3n \u201cRequisitos\u201d y descubrir\u00e1 toda la informaci\u00f3n necesaria.[\/vc_column_text][\/vc_accordion_tab][vc_accordion_tab title=\u00bb\u00bfC\u00f3mo pueden los olivos resistir los largos trayectos hasta su nuevo hogar?\u00bb][vc_column_text]Para que podamos realizar la exportaci\u00f3n de los olivos con garant\u00edas, les aplicamos un protocolo de preparaci\u00f3n fitosanitaria que se adecue a lo aceptado por los distintos agentes de origen y destino (inspectores \/ t\u00e9cnicos). Adem\u00e1s, tambi\u00e9n se les protege para que factores externos no les afecten durante su viaje.<\/p>\n<p>En nuestra secci\u00f3n \u201cPreparaci\u00f3n &amp; log\u00edstica\u201d encontrar\u00e1 m\u00e1s detalles sobre el proceso que llevamos a cabo.[\/vc_column_text][\/vc_accordion_tab][vc_accordion_tab title=\u00bb\u00bfQu\u00e9 temperaturas resisten los olivos?\u00bb][vc_column_text]El olivo es un \u00e1rbol muy duro, resiste temperaturas m\u00ednimas de -10\u00baC y m\u00e1ximas de m\u00e1s de 50\u00baC.[\/vc_column_text][\/vc_accordion_tab][vc_accordion_tab title=\u00bb\u00bfC\u00f3mo son las ra\u00edces de los olivos? \u00bfCon que construcciones son compatibles?\u00bb][vc_column_text]Los olivos no tienen ra\u00edces profundas. Por esta raz\u00f3n es muy com\u00fan ver olivos en casas y fincas particulares, pues no da\u00f1an construcciones como piscinas, patios, etc.[\/vc_column_text][\/vc_accordion_tab][vc_accordion_tab title=\u00bb\u00bfQu\u00e9 es un olivo centenario? \u00bfY un olivo milenario?\u00bb][vc_column_text]Los olivos centenarios son aquellos cuya edad se estima que tienen entre 100 a\u00f1os y 1000 a\u00f1os. Llamamos olivos milenarios aquellos olivos que tienen una edad estimada superior a los 1000 a\u00f1os.[\/vc_column_text][\/vc_accordion_tab][vc_accordion_tab title=\u00bb\u00bfEs exclusivo mi olivo milenario?\u00bb][vc_column_text]La escasez de olivos milenarios cada vez es mayor y su precio va en auge, pues se trata de \u00e1rboles que son aut\u00e9nticas obras de arte y piezas \u00fanicas que han perdurado en el tiempo.<\/p>\n<p>De hecho, se estima que en el Paleol\u00edtico (12.000 a.C.) ya hab\u00eda olivos, aunque hoy no se conocen olivos vivos de m\u00e1s de 3000 a\u00f1os.<\/p>\n<p>El olivo crece lentamente, aproximadamente 1 metro cada 200 a\u00f1os. Por ello y por sus exuberantes formas, cada olivo es \u00fanico y exclusivo. Adem\u00e1s, con su olivo milenario, centenario o bons\u00e1i tiene su n\u00famero de referencia, que garantiza su originalidad y trazabilidad.[\/vc_column_text][\/vc_accordion_tab][vc_accordion_tab title=\u00bb\u00bfC\u00f3mo se puede saber la edad de un olivo?\u00bb][vc_column_text]Normalmente la edad de los \u00e1rboles se calcula contando los anillos del tronco o por radiois\u00f3topos como el carbono 14. No obstante, en los olivos, al faltar la parte m\u00e1s interna del tronco, estos m\u00e9todos son inviables. Por ello, se aplican f\u00f3rmulas que relacionan el per\u00edmetro del tronco con la antig\u00fcedad del \u00e1rbol. De esta manera, podemos saber la edad estimada de nuestros olivos.[\/vc_column_text][\/vc_accordion_tab][vc_accordion_tab title=\u00bb\u00bfQu\u00e9 es un olivo bons\u00e1i style?\u00bb][vc_column_text]Es un olivo que ha sido podado para adquirir formas caprichosas y \u00fanicas. Simboliza la fusi\u00f3n de dos culturas: la Mediterr\u00e1nea por el origen del \u00e1rbol y la asi\u00e1tica por su poda.<\/p>\n<p>Visite nuestra secci\u00f3n \u201cOlivos bons\u00e1i style\u201d y podr\u00e1 ver fotos de estos ejemplares.[\/vc_column_text][\/vc_accordion_tab][vc_accordion_tab title=\u00bb\u00bfCu\u00e1l es el simbolismo de los olivos?\u00bb][vc_column_text]Durante su larga historia, ligada siempre al Mediterr\u00e1neo, los olivos han tenido multitud de simbolismos: sabidur\u00eda, esperanza, luz, fertilidad, paciencia\u2026<\/p>\n<p>El olivo tambi\u00e9n simboliza la paz y concordia entre culturas, \u00a1por eso la ramita que porta la paloma de la paz es una rama de olivo!<\/p>\n<p>Por \u00faltimo, el olivo tambi\u00e9n simboliza la inmortalidad debido a su larga vida, por ello es usado como corona por reyes, sacerdotes y atletas ol\u00edmpicos.[\/vc_column_text][\/vc_accordion_tab][vc_accordion_tab title=\u00bb\u00bfEs mi olivo un buen elemento decorativo? \u00bfDe qu\u00e9 formas se puede usar para decorar?\u00bb][vc_column_text]Un olivo es un gran elemento decorativo, y aporta serenidad, elegancia y belleza en cualquier ambiente. Las opciones son infinitas \u00a1El l\u00edmite lo pones t\u00fa!<\/p>\n<p>Normalmente el olivo se usa en exteriores, por su gran resistencia y bajo mantenimiento. Se suele ubicar en jardines, privados o comunales, en plazas, rotondas, parques&#8230; Adem\u00e1s, en terrazas e incluso en interiores puedes usar olivos j\u00f3venes en maceta. \u00c9stos son muy resistentes, siempre que los coloques cerca de una fuente de luz.<\/p>\n<p>SI tienes dudas \u00a1cons\u00faltanos! Te asesoramos durante todo el proceso y buscamos el olivo que m\u00e1s se adapte a tus necesidades.[\/vc_column_text][\/vc_accordion_tab][vc_accordion_tab title=\u00bb\u00bfSon resistentes los olivos?\u00bb][vc_column_text]Cualquier olivo puede resistir plagas e inclemencias meteorol\u00f3gicas. De hecho, muchos de los olivos en la naturaleza no reciben ning\u00fan tipo de cuidados y viven durante siglos y milenios.[\/vc_column_text][\/vc_accordion_tab][vc_accordion_tab title=\u00bb\u00bfMi olivo se ver\u00e1 afectado por plagas o enfermedades?\u00bb][vc_column_text]Los olivos son \u00e1rboles muy longevos sin ser tratados con productos fitosanitarios. Si le proporcionamos los cuidados adecuados con nuestros productos exclusivos, minimizamos el riesgo de plagas.[\/vc_column_text][\/vc_accordion_tab][vc_accordion_tab title=\u00bb\u00bfC\u00f3mo tengo que cuidar mi olivo? \u00ab][vc_column_text]Los olivos est\u00e1n habituados a las sequ\u00edas, por ello no requieren de mucha agua. Se riegan poco y dosificadamente o mejor a\u00fan mediante sistema de riego por goteo.<\/p>\n<p>En cuanto a la poda debemos cortar ramas y hojas que crecen hacia el suelo, y tambi\u00e9n las que aparezcan en el tronco del \u00e1rbol. As\u00ed nuestros olivos vivir\u00e1n m\u00e1s tiempo y permanecer\u00e1n igual de bellos.[\/vc_column_text][\/vc_accordion_tab][vc_accordion_tab title=\u00bb\u00bfTengo que usar alg\u00fan producto para mantener el olivo en perfecto estado?\u00bb][vc_column_text]Aunque los olivos son muy resistentes y viven durante a\u00f1os sin recibir cuidado alguno, siempre es mejor usar productos especialmente dise\u00f1ados para el mantenimiento de los olivos como los de nuestra l\u00ednea exclusiva para clientes Olive Tree Hunters.[\/vc_column_text][\/vc_accordion_tab][vc_accordion_tab title=\u00bb\u00bfQu\u00e9 ocurre si tengo dudas acerca de la plantaci\u00f3n o el mantenimiento de mi olivo?\u00bb][vc_column_text]Si ahora o m\u00e1s adelante tiene cualquier duda sobre la plantaci\u00f3n o el mantenimiento le ofrecemos asesoramiento t\u00e9cnico personalizado.[\/vc_column_text][\/vc_accordion_tab][\/vc_accordion][\/vc_column][vc_column offset=\u00bbvc_col-lg-6 vc_col-md-6 vc_col-xs-12&#8243; css=\u00bb.vc_custom_1475335333766{padding-bottom: 40px !important;}\u00bb]<div id=\"ultimate-heading-357269d25c2f7a266\" class=\"uvc-heading ult-adjust-bottom-margin ultimate-heading-357269d25c2f7a266 uvc-3050 \" data-hspacer=\"no_spacer\"  data-halign=\"left\" style=\"text-align:left\"><div class=\"uvc-heading-spacer no_spacer\" style=\"top\"><\/div><div class=\"uvc-main-heading ult-responsive\"  data-ultimate-target='.uvc-heading.ultimate-heading-357269d25c2f7a266 h2'  data-responsive-json-new='{\"font-size\":\"desktop:24px;\",\"line-height\":\"desktop:34px;\"}' ><h2 style=\"font-weight:bold;margin-bottom:20px;\">\u00bfNo encuentras la respuesta que buscabas?<\/h2><\/div><\/div>[vc_column_text css=\u00bb.vc_custom_1533921662032{padding-bottom: 25px !important;}\u00bb]En este apartado te ponemos una relaci\u00f3n de las principales preguntas que te pueden surgir en Olive Tree Hunters. Si tienes cualquier otra duda, no dudes en contactarnos.[\/vc_column_text]<form class=\"dt-contact-form dt-form privacy-form\" method=\"post\"><input type=\"hidden\" name=\"widget_id\" value=\"presscore-contact-form-widget--1\" \/><input type=\"hidden\" name=\"send_message\" value=\"\" \/><input type=\"hidden\" name=\"security_token\" value=\"21ad7548f282b4cb149e\"\/><div class=\"form-fields\"><span class=\"form-name\"><label class=\"assistive-text\">Name *<\/label><input type=\"text\" class=\"validate[required]\" placeholder=\"Name *\" name=\"name\" value=\"\" aria-required=\"true\">\n<\/span><span class=\"form-mail\"><label class=\"assistive-text\">E-mail *<\/label><input type=\"text\" class=\"validate[required,custom[email]]\" placeholder=\"E-mail *\" name=\"email\" value=\"\" aria-required=\"true\">\n<\/span><span class=\"form-telephone\"><label class=\"assistive-text\">Telephone<\/label><input type=\"text\" placeholder=\"Telephone\" name=\"telephone\" value=\"\" aria-required=\"false\">\n<\/span><\/div><span class=\"form-message\"><label class=\"assistive-text\">Message *<\/label><textarea class=\"validate[required]\" placeholder=\"Message *\" name=\"message\" rows=\"5\" aria-required=\"true\"><\/textarea>\n<\/span><p class=\"the7-form-terms-wrap\"><input type=\"checkbox\" id=\"the7-form-terms-e7b24b112a44fdd9ee93bdf998c6ca0e\" name=\"terms\" class=\"validate[required] the7-form-terms\" aria-required=\"true\" \/>&nbsp;<label for=\"the7-form-terms-e7b24b112a44fdd9ee93bdf998c6ca0e\"><span class=\"form-terms-text\">He le\u00eddo y acepto la <a href=\"\/aviso-legal\" target=\"_blank\">Aviso Legal<\/a><\/span><\/label><\/p><p><a href=\"#\" class=\"dt-btn dt-btn-m dt-btn-submit\" rel=\"nofollow\"><span>ENVIAR MENSAJE<\/span><\/a><input class=\"assistive-text\" type=\"submit\" value=\"submit\"><\/p><\/form>\n[\/vc_column][\/vc_row]<\/p>\n<\/div>","protected":false},"excerpt":{"rendered":"<p>[vc_row type=\u00bbvc_default\u00bb margin_top=\u00bb0&#8243; margin_bottom=\u00bb-50&#8243; css=\u00bb.vc_custom_1475335361394{margin-bottom: -40px !important;}\u00bb][vc_column offset=\u00bbvc_col-lg-6 vc_col-md-6 vc_col-xs-12&#8243; css=\u00bb.vc_custom_1475335328257{padding-bottom: 50px !important;}\u00bb][vc_accordion active_tab=\u00bbfalse\u00bb collapsible=\u00bbyes\u00bb style=\u00bb3&#8243;][vc_accordion_tab title=\u00bb\u00bfEn qu\u00e9 pa\u00edses puedo importar olivos?\u00bb][vc_column_text]Aunque el olivo es de origen mediterr\u00e1neo, se trata de un \u00e1rbol que se adapta a casi todos de climas del planeta (excepto los m\u00e1s cercanos a los polos) y pr\u00e1cticamente a cualquier tipo&hellip;<\/p>\n","protected":false},"author":1,"featured_media":0,"parent":0,"menu_order":20,"comment_status":"closed","ping_status":"closed","template":"","meta":{"footnotes":""},"class_list":["post-33277","page","type-page","status-publish","hentry","description-off"],"yoast_head":"<!-- This site is optimized with the Yoast SEO plugin v27.2 - https:\/\/yoast.com\/product\/yoast-seo-wordpress\/ -->\n<title>FAQ&#039;s | Olive-tree Hunters<\/title>\n<meta name=\"robots\" content=\"index, follow, max-snippet:-1, max-image-preview:large, max-video-preview:-1\" \/>\n<link rel=\"canonical\" href=\"https:\/\/www.olivetreehunters.com\/es\/faqs\/\" \/>\n<meta property=\"og:locale\" content=\"es_ES\" \/>\n<meta property=\"og:type\" content=\"article\" \/>\n<meta property=\"og:title\" content=\"FAQ&#039;s | Olive-tree Hunters\" \/>\n<meta property=\"og:description\" content=\"[vc_row type=\u00bbvc_default\u00bb margin_top=\u00bb0&#8243; margin_bottom=\u00bb-50&#8243; css=\u00bb.vc_custom_1475335361394{margin-bottom: -40px !important;}\u00bb][vc_column offset=\u00bbvc_col-lg-6 vc_col-md-6 vc_col-xs-12&#8243; css=\u00bb.vc_custom_1475335328257{padding-bottom: 50px !important;}\u00bb][vc_accordion active_tab=\u00bbfalse\u00bb collapsible=\u00bbyes\u00bb style=\u00bb3&#8243;][vc_accordion_tab title=\u00bb\u00bfEn qu\u00e9 pa\u00edses puedo importar olivos?\u00bb][vc_column_text]Aunque el olivo es de origen mediterr\u00e1neo, se trata de un \u00e1rbol que se adapta a casi todos de climas del planeta (excepto los m\u00e1s cercanos a los polos) y pr\u00e1cticamente a cualquier tipo&hellip;\" \/>\n<meta property=\"og:url\" content=\"https:\/\/www.olivetreehunters.com\/es\/faqs\/\" \/>\n<meta property=\"og:site_name\" content=\"Olive-tree Hunters\" \/>\n<meta property=\"article:publisher\" content=\"https:\/\/www.facebook.com\/Olive-Tree-Hunters-1085204018293771\/?modal=admin_todo_tour\" \/>\n<meta property=\"article:modified_time\" content=\"2018-08-10T17:22:04+00:00\" \/>\n<meta name=\"twitter:card\" content=\"summary_large_image\" \/>\n<meta name=\"twitter:label1\" content=\"Tiempo de lectura\" \/>\n\t<meta name=\"twitter:data1\" content=\"7 minutos\" \/>\n<script type=\"application\/ld+json\" class=\"yoast-schema-graph\">{\"@context\":\"https:\/\/schema.org\",\"@graph\":[{\"@type\":\"WebPage\",\"@id\":\"https:\/\/www.olivetreehunters.com\/es\/faqs\/\",\"url\":\"https:\/\/www.olivetreehunters.com\/es\/faqs\/\",\"name\":\"FAQ's | Olive-tree Hunters\",\"isPartOf\":{\"@id\":\"https:\/\/www.olivetreehunters.com\/es\/#website\"},\"datePublished\":\"2014-11-16T11:43:36+00:00\",\"dateModified\":\"2018-08-10T17:22:04+00:00\",\"breadcrumb\":{\"@id\":\"https:\/\/www.olivetreehunters.com\/es\/faqs\/#breadcrumb\"},\"inLanguage\":\"es\",\"potentialAction\":[{\"@type\":\"ReadAction\",\"target\":[\"https:\/\/www.olivetreehunters.com\/es\/faqs\/\"]}]},{\"@type\":\"BreadcrumbList\",\"@id\":\"https:\/\/www.olivetreehunters.com\/es\/faqs\/#breadcrumb\",\"itemListElement\":[{\"@type\":\"ListItem\",\"position\":1,\"name\":\"Inicio\",\"item\":\"https:\/\/www.olivetreehunters.com\/es\/\"},{\"@type\":\"ListItem\",\"position\":2,\"name\":\"FAQ&#8217;s\"}]},{\"@type\":\"WebSite\",\"@id\":\"https:\/\/www.olivetreehunters.com\/es\/#website\",\"url\":\"https:\/\/www.olivetreehunters.com\/es\/\",\"name\":\"Olive-tree Hunters\",\"description\":\"Exportamos olivos a todo el mundo\",\"potentialAction\":[{\"@type\":\"SearchAction\",\"target\":{\"@type\":\"EntryPoint\",\"urlTemplate\":\"https:\/\/www.olivetreehunters.com\/es\/?s={search_term_string}\"},\"query-input\":{\"@type\":\"PropertyValueSpecification\",\"valueRequired\":true,\"valueName\":\"search_term_string\"}}],\"inLanguage\":\"es\"}]}<\/script>\n<!-- \/ Yoast SEO plugin. -->","yoast_head_json":{"title":"FAQ's | Olive-tree Hunters","robots":{"index":"index","follow":"follow","max-snippet":"max-snippet:-1","max-image-preview":"max-image-preview:large","max-video-preview":"max-video-preview:-1"},"canonical":"https:\/\/www.olivetreehunters.com\/es\/faqs\/","og_locale":"es_ES","og_type":"article","og_title":"FAQ's | Olive-tree Hunters","og_description":"[vc_row type=\u00bbvc_default\u00bb margin_top=\u00bb0&#8243; margin_bottom=\u00bb-50&#8243; css=\u00bb.vc_custom_1475335361394{margin-bottom: -40px !important;}\u00bb][vc_column offset=\u00bbvc_col-lg-6 vc_col-md-6 vc_col-xs-12&#8243; css=\u00bb.vc_custom_1475335328257{padding-bottom: 50px !important;}\u00bb][vc_accordion active_tab=\u00bbfalse\u00bb collapsible=\u00bbyes\u00bb style=\u00bb3&#8243;][vc_accordion_tab title=\u00bb\u00bfEn qu\u00e9 pa\u00edses puedo importar olivos?\u00bb][vc_column_text]Aunque el olivo es de origen mediterr\u00e1neo, se trata de un \u00e1rbol que se adapta a casi todos de climas del planeta (excepto los m\u00e1s cercanos a los polos) y pr\u00e1cticamente a cualquier tipo&hellip;","og_url":"https:\/\/www.olivetreehunters.com\/es\/faqs\/","og_site_name":"Olive-tree Hunters","article_publisher":"https:\/\/www.facebook.com\/Olive-Tree-Hunters-1085204018293771\/?modal=admin_todo_tour","article_modified_time":"2018-08-10T17:22:04+00:00","twitter_card":"summary_large_image","twitter_misc":{"Tiempo de lectura":"7 minutos"},"schema":{"@context":"https:\/\/schema.org","@graph":[{"@type":"WebPage","@id":"https:\/\/www.olivetreehunters.com\/es\/faqs\/","url":"https:\/\/www.olivetreehunters.com\/es\/faqs\/","name":"FAQ's | Olive-tree Hunters","isPartOf":{"@id":"https:\/\/www.olivetreehunters.com\/es\/#website"},"datePublished":"2014-11-16T11:43:36+00:00","dateModified":"2018-08-10T17:22:04+00:00","breadcrumb":{"@id":"https:\/\/www.olivetreehunters.com\/es\/faqs\/#breadcrumb"},"inLanguage":"es","potentialAction":[{"@type":"ReadAction","target":["https:\/\/www.olivetreehunters.com\/es\/faqs\/"]}]},{"@type":"BreadcrumbList","@id":"https:\/\/www.olivetreehunters.com\/es\/faqs\/#breadcrumb","itemListElement":[{"@type":"ListItem","position":1,"name":"Inicio","item":"https:\/\/www.olivetreehunters.com\/es\/"},{"@type":"ListItem","position":2,"name":"FAQ&#8217;s"}]},{"@type":"WebSite","@id":"https:\/\/www.olivetreehunters.com\/es\/#website","url":"https:\/\/www.olivetreehunters.com\/es\/","name":"Olive-tree Hunters","description":"Exportamos olivos a todo el mundo","potentialAction":[{"@type":"SearchAction","target":{"@type":"EntryPoint","urlTemplate":"https:\/\/www.olivetreehunters.com\/es\/?s={search_term_string}"},"query-input":{"@type":"PropertyValueSpecification","valueRequired":true,"valueName":"search_term_string"}}],"inLanguage":"es"}]}},"_links":{"self":[{"href":"https:\/\/www.olivetreehunters.com\/es\/wp-json\/wp\/v2\/pages\/33277","targetHints":{"allow":["GET"]}}],"collection":[{"href":"https:\/\/www.olivetreehunters.com\/es\/wp-json\/wp\/v2\/pages"}],"about":[{"href":"https:\/\/www.olivetreehunters.com\/es\/wp-json\/wp\/v2\/types\/page"}],"author":[{"embeddable":true,"href":"https:\/\/www.olivetreehunters.com\/es\/wp-json\/wp\/v2\/users\/1"}],"replies":[{"embeddable":true,"href":"https:\/\/www.olivetreehunters.com\/es\/wp-json\/wp\/v2\/comments?post=33277"}],"version-history":[{"count":3,"href":"https:\/\/www.olivetreehunters.com\/es\/wp-json\/wp\/v2\/pages\/33277\/revisions"}],"predecessor-version":[{"id":54427,"href":"https:\/\/www.olivetreehunters.com\/es\/wp-json\/wp\/v2\/pages\/33277\/revisions\/54427"}],"wp:attachment":[{"href":"https:\/\/www.olivetreehunters.com\/es\/wp-json\/wp\/v2\/media?parent=33277"}],"curies":[{"name":"wp","href":"https:\/\/api.w.org\/{rel}","templated":true}]}}