{"id":54304,"date":"2018-08-10T08:40:14","date_gmt":"2018-08-10T08:40:14","guid":{"rendered":"https:\/\/www.olivetreehunters.com\/?page_id=54304"},"modified":"2018-08-10T08:42:37","modified_gmt":"2018-08-10T08:42:37","slug":"politica-de-cookies","status":"publish","type":"page","link":"https:\/\/www.olivetreehunters.com\/es\/politica-de-cookies\/","title":{"rendered":"Pol\u00edtica de cookies"},"content":{"rendered":"<h2>\u00bfQu\u00e9 es una cookie?<\/h2>\n<p>Queremos informarte sobre la clasificaci\u00f3n de las cookies en funci\u00f3n de una serie de categor\u00edas. No obstante, es necesario tener en cuenta que una misma cookie puede estar incluida en m\u00e1s de una categor\u00eda.<\/p>\n<p>Tipos de cookies seg\u00fan la entidad que las gestiona:<\/p>\n<p><strong>Cookies propias:<\/strong> Son aquellas que se env\u00edan a tu equipo desde nuestro propio dominio.<\/p>\n<p><strong>Cookies de terceros:<\/strong> Son aquellas que se env\u00edan a tu equipo desde un equipo o dominio que no es gestionado por nosotros, sino por otra entidad que trata los datos obtenidos trav\u00e9s de las cookies.<\/p>\n<p>Tipos de cookies seg\u00fan el plazo de tiempo que permanecen activadas:<\/p>\n<p><strong>Cookies de sesi\u00f3n:<\/strong> Son un tipo de cookies dise\u00f1adas para recabar y almacenar datos mientras accedes a la p\u00e1gina web. Se suelen emplear para almacenar informaci\u00f3n que solo interesa conservar para la prestaci\u00f3n del servicio solicitado en una sola ocasi\u00f3n (por ejemplo, una lista de productos adquiridos).<\/p>\n<p><strong>Cookies persistentes:<\/strong> Son un tipo de cookies en el que los datos siguen almacenados en tu equipo y pueden ser accedidos y tratados durante un periodo definido por el responsable de la cookie, y que puede ir de unos minutos a varios a\u00f1os.<\/p>\n<p>Tipos de cookies seg\u00fan su finalidad:<\/p>\n<p><strong>Cookies t\u00e9cnicas:<\/strong> son aquellas que te permiten navegar a trav\u00e9s de la p\u00e1gina web y utilizar las diferentes opciones o servicios que en ella existan como, por ejemplo, controlar el tr\u00e1fico y la comunicaci\u00f3n de datos, identificar la sesi\u00f3n, acceder a partes de acceso restringido, recordar los elementos que integran un pedido, realizar el proceso de compra de un pedido, utilizar elementos de seguridad durante la navegaci\u00f3n, almacenar contenidos para la difusi\u00f3n de v\u00eddeos o sonido o compartir contenidos a trav\u00e9s de redes sociales.<\/p>\n<p><strong>Cookies de personalizaci\u00f3n:<\/strong> Son aquellas que te permiten acceder al servicio con algunas caracter\u00edsticas de car\u00e1cter general predefinidas en funci\u00f3n de una serie de criterios en tu equipo como por ejemplo serian el idioma, el tipo de navegador a trav\u00e9s del cual accedes al servicio, la configuraci\u00f3n regional desde donde accedes al servicio, etc.<\/p>\n<p><strong>Cookies de an\u00e1lisis:<\/strong> Son aqu\u00e9llas que permiten el seguimiento y an\u00e1lisis de tu comportamiento con fines estad\u00edsticos. La informaci\u00f3n recogida mediante este tipo de cookies se utiliza en la medici\u00f3n de la actividad y para la elaboraci\u00f3n de perfiles de navegaci\u00f3n con el fin de introducir mejoras en funci\u00f3n del an\u00e1lisis de los datos de uso que se hacen.<\/p>\n<p><strong>Cookies publicitarias:<\/strong> Son aqu\u00e9llas que permiten la gesti\u00f3n, de la forma m\u00e1s eficaz posible, de los espacios publicitarios en base a criterios como el contenido o la frecuencia en la que se muestran los anuncios.<\/p>\n<p>La utilizaci\u00f3n de las cookies ofrece numerosas ventajas:<\/p>\n<ul>\n<li>Facilita al usuario la navegaci\u00f3n en la p\u00e1gina web y el acceso a los diferentes servicios que ofrecemos<\/li>\n<li>Evita que tengas que configurar las caracter\u00edsticas generales predefinidas cada vez que accedes a nuestra p\u00e1gina<\/li>\n<li>Favorece la mejora del funcionamiento y de los servicios prestados a trav\u00e9s de la p\u00e1gina web, tras el correspondiente an\u00e1lisis de la informaci\u00f3n obtenida a trav\u00e9s de las cookies instaladas.<\/li>\n<\/ul>\n<p>No recopilamos ni guardamos tu informaci\u00f3n personal e individualizada, por lo que esta informaci\u00f3n no puede ser utilizada para identificarte.<\/p>\n<p>Ponemos a tu disposici\u00f3n un listado de los tipos de cookies de nuestra p\u00e1gina, con la finalidad de proporcionarte informaci\u00f3n sobre su finalidad, su duraci\u00f3n e informaci\u00f3n sobre si es propia o de un tercero. Te informamos de que utilizamos tanto cookies de sesi\u00f3n como persistentes. Las cookies persistentes permanecer\u00e1n en tu dispositivo hasta que llegue su fecha de caducidad, momento en el que se eliminar\u00e1n autom\u00e1ticamente.<\/p>\n<p>En concreto, las cookies utilizadas, su titular y sus finalidades son las indicadas en el siguiente cuadro:<\/p>\n<p>&nbsp;<\/p>\n<h2>\u00bfC\u00f3mo desactivar las cookies?<\/h2>\n<p>Todos los navegadores permiten hacer cambios para desactivar la configuraci\u00f3n de las cookies. Estos ajustes se encuentran ubicados en las \u201copciones\u201d o \u201cpreferencias\u201d del men\u00fa de tu navegador.<\/p>\n<p>A continuaci\u00f3n te dejamos los enlaces con instrucciones para diferentes navegadores donde ver\u00e1s c\u00f3mo deshabilitar las cookies.<\/p>\n<p>No obstante, recuerda que inhabilitar cookies implica perder funcionalidad en muchos sitios web.<\/p>\n<p>Instrucciones para <a href=\"http:\/\/goo.gl\/ksN5y\">Internet Explorer<\/a><br \/>\nInstrucciones para <a href=\"http:\/\/goo.gl\/F5pHX\">Mozilla Firefox<\/a><br \/>\nInstrucciones para <a href=\"http:\/\/goo.gl\/8cAo\">Google Chrome<\/a><br \/>\nInstrucciones para <a href=\"http:\/\/goo.gl\/KFBFh\">Safari<\/a><br \/>\nSi no deseas ser rastreado por las cookies de Analytics, Google ha desarrollado un complemento para instalar en tu navegador al que puedes acceder <a href=\"http:\/\/goo.gl\/up4ND\">en el siguiente enlace<\/a>.<\/p>\n","protected":false},"excerpt":{"rendered":"<p>\u00bfQu\u00e9 es una cookie? Queremos informarte sobre la clasificaci\u00f3n de las cookies en funci\u00f3n de una serie de categor\u00edas. No obstante, es necesario tener en cuenta que una misma cookie puede estar incluida en m\u00e1s de una categor\u00eda. Tipos de cookies seg\u00fan la entidad que las gestiona: Cookies propias: Son aquellas que se env\u00edan a&hellip;<\/p>\n","protected":false},"author":1,"featured_media":0,"parent":0,"menu_order":0,"comment_status":"closed","ping_status":"closed","template":"","meta":{"footnotes":""},"class_list":["post-54304","page","type-page","status-publish","hentry","description-off"],"yoast_head":"<!-- This site is optimized with the Yoast SEO plugin v27.2 - https:\/\/yoast.com\/product\/yoast-seo-wordpress\/ -->\n<title>Pol\u00edtica de cookies | Olive-tree Hunters<\/title>\n<meta name=\"robots\" content=\"index, follow, max-snippet:-1, max-image-preview:large, max-video-preview:-1\" \/>\n<link rel=\"canonical\" href=\"https:\/\/www.olivetreehunters.com\/es\/politica-de-cookies\/\" \/>\n<meta property=\"og:locale\" content=\"es_ES\" \/>\n<meta property=\"og:type\" content=\"article\" \/>\n<meta property=\"og:title\" content=\"Pol\u00edtica de cookies | Olive-tree Hunters\" \/>\n<meta property=\"og:description\" content=\"\u00bfQu\u00e9 es una cookie? Queremos informarte sobre la clasificaci\u00f3n de las cookies en funci\u00f3n de una serie de categor\u00edas. No obstante, es necesario tener en cuenta que una misma cookie puede estar incluida en m\u00e1s de una categor\u00eda. Tipos de cookies seg\u00fan la entidad que las gestiona: Cookies propias: Son aquellas que se env\u00edan a&hellip;\" \/>\n<meta property=\"og:url\" content=\"https:\/\/www.olivetreehunters.com\/es\/politica-de-cookies\/\" \/>\n<meta property=\"og:site_name\" content=\"Olive-tree Hunters\" \/>\n<meta property=\"article:publisher\" content=\"https:\/\/www.facebook.com\/Olive-Tree-Hunters-1085204018293771\/?modal=admin_todo_tour\" \/>\n<meta property=\"article:modified_time\" content=\"2018-08-10T08:42:37+00:00\" \/>\n<meta name=\"twitter:card\" content=\"summary_large_image\" \/>\n<meta name=\"twitter:label1\" content=\"Tiempo de lectura\" \/>\n\t<meta name=\"twitter:data1\" content=\"4 minutos\" \/>\n<script type=\"application\/ld+json\" class=\"yoast-schema-graph\">{\"@context\":\"https:\/\/schema.org\",\"@graph\":[{\"@type\":\"WebPage\",\"@id\":\"https:\/\/www.olivetreehunters.com\/es\/politica-de-cookies\/\",\"url\":\"https:\/\/www.olivetreehunters.com\/es\/politica-de-cookies\/\",\"name\":\"Pol\u00edtica de cookies | Olive-tree Hunters\",\"isPartOf\":{\"@id\":\"https:\/\/www.olivetreehunters.com\/es\/#website\"},\"datePublished\":\"2018-08-10T08:40:14+00:00\",\"dateModified\":\"2018-08-10T08:42:37+00:00\",\"breadcrumb\":{\"@id\":\"https:\/\/www.olivetreehunters.com\/es\/politica-de-cookies\/#breadcrumb\"},\"inLanguage\":\"es\",\"potentialAction\":[{\"@type\":\"ReadAction\",\"target\":[\"https:\/\/www.olivetreehunters.com\/es\/politica-de-cookies\/\"]}]},{\"@type\":\"BreadcrumbList\",\"@id\":\"https:\/\/www.olivetreehunters.com\/es\/politica-de-cookies\/#breadcrumb\",\"itemListElement\":[{\"@type\":\"ListItem\",\"position\":1,\"name\":\"Inicio\",\"item\":\"https:\/\/www.olivetreehunters.com\/es\/\"},{\"@type\":\"ListItem\",\"position\":2,\"name\":\"Pol\u00edtica de cookies\"}]},{\"@type\":\"WebSite\",\"@id\":\"https:\/\/www.olivetreehunters.com\/es\/#website\",\"url\":\"https:\/\/www.olivetreehunters.com\/es\/\",\"name\":\"Olive-tree Hunters\",\"description\":\"Exportamos olivos a todo el mundo\",\"potentialAction\":[{\"@type\":\"SearchAction\",\"target\":{\"@type\":\"EntryPoint\",\"urlTemplate\":\"https:\/\/www.olivetreehunters.com\/es\/?s={search_term_string}\"},\"query-input\":{\"@type\":\"PropertyValueSpecification\",\"valueRequired\":true,\"valueName\":\"search_term_string\"}}],\"inLanguage\":\"es\"}]}<\/script>\n<!-- \/ Yoast SEO plugin. -->","yoast_head_json":{"title":"Pol\u00edtica de cookies | Olive-tree Hunters","robots":{"index":"index","follow":"follow","max-snippet":"max-snippet:-1","max-image-preview":"max-image-preview:large","max-video-preview":"max-video-preview:-1"},"canonical":"https:\/\/www.olivetreehunters.com\/es\/politica-de-cookies\/","og_locale":"es_ES","og_type":"article","og_title":"Pol\u00edtica de cookies | Olive-tree Hunters","og_description":"\u00bfQu\u00e9 es una cookie? Queremos informarte sobre la clasificaci\u00f3n de las cookies en funci\u00f3n de una serie de categor\u00edas. No obstante, es necesario tener en cuenta que una misma cookie puede estar incluida en m\u00e1s de una categor\u00eda. Tipos de cookies seg\u00fan la entidad que las gestiona: Cookies propias: Son aquellas que se env\u00edan a&hellip;","og_url":"https:\/\/www.olivetreehunters.com\/es\/politica-de-cookies\/","og_site_name":"Olive-tree Hunters","article_publisher":"https:\/\/www.facebook.com\/Olive-Tree-Hunters-1085204018293771\/?modal=admin_todo_tour","article_modified_time":"2018-08-10T08:42:37+00:00","twitter_card":"summary_large_image","twitter_misc":{"Tiempo de lectura":"4 minutos"},"schema":{"@context":"https:\/\/schema.org","@graph":[{"@type":"WebPage","@id":"https:\/\/www.olivetreehunters.com\/es\/politica-de-cookies\/","url":"https:\/\/www.olivetreehunters.com\/es\/politica-de-cookies\/","name":"Pol\u00edtica de cookies | Olive-tree Hunters","isPartOf":{"@id":"https:\/\/www.olivetreehunters.com\/es\/#website"},"datePublished":"2018-08-10T08:40:14+00:00","dateModified":"2018-08-10T08:42:37+00:00","breadcrumb":{"@id":"https:\/\/www.olivetreehunters.com\/es\/politica-de-cookies\/#breadcrumb"},"inLanguage":"es","potentialAction":[{"@type":"ReadAction","target":["https:\/\/www.olivetreehunters.com\/es\/politica-de-cookies\/"]}]},{"@type":"BreadcrumbList","@id":"https:\/\/www.olivetreehunters.com\/es\/politica-de-cookies\/#breadcrumb","itemListElement":[{"@type":"ListItem","position":1,"name":"Inicio","item":"https:\/\/www.olivetreehunters.com\/es\/"},{"@type":"ListItem","position":2,"name":"Pol\u00edtica de cookies"}]},{"@type":"WebSite","@id":"https:\/\/www.olivetreehunters.com\/es\/#website","url":"https:\/\/www.olivetreehunters.com\/es\/","name":"Olive-tree Hunters","description":"Exportamos olivos a todo el mundo","potentialAction":[{"@type":"SearchAction","target":{"@type":"EntryPoint","urlTemplate":"https:\/\/www.olivetreehunters.com\/es\/?s={search_term_string}"},"query-input":{"@type":"PropertyValueSpecification","valueRequired":true,"valueName":"search_term_string"}}],"inLanguage":"es"}]}},"_links":{"self":[{"href":"https:\/\/www.olivetreehunters.com\/es\/wp-json\/wp\/v2\/pages\/54304","targetHints":{"allow":["GET"]}}],"collection":[{"href":"https:\/\/www.olivetreehunters.com\/es\/wp-json\/wp\/v2\/pages"}],"about":[{"href":"https:\/\/www.olivetreehunters.com\/es\/wp-json\/wp\/v2\/types\/page"}],"author":[{"embeddable":true,"href":"https:\/\/www.olivetreehunters.com\/es\/wp-json\/wp\/v2\/users\/1"}],"replies":[{"embeddable":true,"href":"https:\/\/www.olivetreehunters.com\/es\/wp-json\/wp\/v2\/comments?post=54304"}],"version-history":[{"count":2,"href":"https:\/\/www.olivetreehunters.com\/es\/wp-json\/wp\/v2\/pages\/54304\/revisions"}],"predecessor-version":[{"id":54307,"href":"https:\/\/www.olivetreehunters.com\/es\/wp-json\/wp\/v2\/pages\/54304\/revisions\/54307"}],"wp:attachment":[{"href":"https:\/\/www.olivetreehunters.com\/es\/wp-json\/wp\/v2\/media?parent=54304"}],"curies":[{"name":"wp","href":"https:\/\/api.w.org\/{rel}","templated":true}]}}