{"id":54722,"date":"2018-10-26T10:04:47","date_gmt":"2018-10-26T10:04:47","guid":{"rendered":"https:\/\/www.olivetreehunters.com\/?page_id=54722"},"modified":"2020-02-24T11:20:25","modified_gmt":"2020-02-24T11:20:25","slug":"como-importar-olivos-localizacion-y-seleccion","status":"publish","type":"page","link":"https:\/\/www.olivetreehunters.com\/es\/como-importar-olivos-localizacion-y-seleccion\/","title":{"rendered":"Localizaci\u00f3n y selecci\u00f3n"},"content":{"rendered":"<div class=\"wpb-content-wrapper\"><p>[vc_row][vc_column width=\u00bb1\/2&#8243;]<div id=\"ultimate-heading-650669d25c4fc0334\" class=\"uvc-heading ult-adjust-bottom-margin ultimate-heading-650669d25c4fc0334 uvc-3858 \" data-hspacer=\"no_spacer\"  data-halign=\"center\" style=\"text-align:center\"><div class=\"uvc-heading-spacer no_spacer\" style=\"top\"><\/div><div class=\"uvc-main-heading ult-responsive\"  data-ultimate-target='.uvc-heading.ultimate-heading-650669d25c4fc0334 h2'  data-responsive-json-new='{\"font-size\":\"desktop:25px;tablet:25px;tablet_portrait:25px;mobile_landscape:25px;mobile:15px;\",\"line-height\":\"\"}' ><h2 style=\"font-family:&#039;Josefin Sans&#039;;font-weight:600;margin-bottom:30px;\">Localizaci\u00f3n &amp; Selecci\u00f3n<\/h2><\/div><\/div>[vc_column_text]Gracias a nuestra estrat\u00e9gica ubicaci\u00f3n y a nuestro profundo conocimiento de las zonas con mayor plantaci\u00f3n de olivos del mundo, tenemos la capacidad de ofrecer a nuestros clientes los ejemplares que m\u00e1s se adaptan a cada clima de destino.<\/p>\n<p>Cada olivo es una pieza \u00fanica y, por ello, son necesarios expertos profesionales que sepan localizar los mejores olivos disponibles para exportar. Nosotros, gracias a los m\u00e1s de 15 a\u00f1os de experiencia en el sector, conocemos en detalle d\u00f3nde encontrar cualquier tipo de olivo, desde exclusivos olivos milenarios, hasta olivos centenarios con formas atractivas e incluso olivos j\u00f3venes y de precio asequible.<\/p>\n<p>Contacte con nosotros y le presentaremos, sin compromiso, una selecci\u00f3n de olivos de manera \u00e1gil y r\u00e1pida. Adem\u00e1s, si tiene el tiempo de venir a visitarnos a Espa\u00f1a, le organizaremos un tour por las diferentes localizaciones para que usted mismo elija los olivos que m\u00e1s se adapten a sus necesidades.[\/vc_column_text][\/vc_column][vc_column width=\u00bb1\/2&#8243;][vc_single_image image=\u00bb56095&#8243; img_size=\u00bbfull\u00bb][\/vc_column][\/vc_row]<\/p>\n<\/div>","protected":false},"excerpt":{"rendered":"<p>[vc_row][vc_column width=\u00bb1\/2&#8243;][vc_column_text]Gracias a nuestra estrat\u00e9gica ubicaci\u00f3n y a nuestro profundo conocimiento de las zonas con mayor plantaci\u00f3n de olivos del mundo, tenemos la capacidad de ofrecer a nuestros clientes los ejemplares que m\u00e1s se adaptan a cada clima de destino. Cada olivo es una pieza \u00fanica y, por ello, son necesarios expertos profesionales que sepan&hellip;<\/p>\n","protected":false},"author":1,"featured_media":0,"parent":0,"menu_order":0,"comment_status":"closed","ping_status":"closed","template":"","meta":{"footnotes":""},"class_list":["post-54722","page","type-page","status-publish","hentry","description-off"],"yoast_head":"<!-- This site is optimized with the Yoast SEO plugin v27.2 - https:\/\/yoast.com\/product\/yoast-seo-wordpress\/ -->\n<title>Localizaci\u00f3n y selecci\u00f3n | Olive-tree Hunters<\/title>\n<meta name=\"robots\" content=\"index, follow, max-snippet:-1, max-image-preview:large, max-video-preview:-1\" \/>\n<link rel=\"canonical\" href=\"https:\/\/www.olivetreehunters.com\/es\/como-importar-olivos-localizacion-y-seleccion\/\" \/>\n<meta property=\"og:locale\" content=\"es_ES\" \/>\n<meta property=\"og:type\" content=\"article\" \/>\n<meta property=\"og:title\" content=\"Localizaci\u00f3n y selecci\u00f3n | Olive-tree Hunters\" \/>\n<meta property=\"og:description\" content=\"[vc_row][vc_column width=\u00bb1\/2&#8243;][vc_column_text]Gracias a nuestra estrat\u00e9gica ubicaci\u00f3n y a nuestro profundo conocimiento de las zonas con mayor plantaci\u00f3n de olivos del mundo, tenemos la capacidad de ofrecer a nuestros clientes los ejemplares que m\u00e1s se adaptan a cada clima de destino. Cada olivo es una pieza \u00fanica y, por ello, son necesarios expertos profesionales que sepan&hellip;\" \/>\n<meta property=\"og:url\" content=\"https:\/\/www.olivetreehunters.com\/es\/como-importar-olivos-localizacion-y-seleccion\/\" \/>\n<meta property=\"og:site_name\" content=\"Olive-tree Hunters\" \/>\n<meta property=\"article:publisher\" content=\"https:\/\/www.facebook.com\/Olive-Tree-Hunters-1085204018293771\/?modal=admin_todo_tour\" \/>\n<meta property=\"article:modified_time\" content=\"2020-02-24T11:20:25+00:00\" \/>\n<meta name=\"twitter:card\" content=\"summary_large_image\" \/>\n<meta name=\"twitter:label1\" content=\"Tiempo de lectura\" \/>\n\t<meta name=\"twitter:data1\" content=\"1 minuto\" \/>\n<script type=\"application\/ld+json\" class=\"yoast-schema-graph\">{\"@context\":\"https:\/\/schema.org\",\"@graph\":[{\"@type\":\"WebPage\",\"@id\":\"https:\/\/www.olivetreehunters.com\/es\/como-importar-olivos-localizacion-y-seleccion\/\",\"url\":\"https:\/\/www.olivetreehunters.com\/es\/como-importar-olivos-localizacion-y-seleccion\/\",\"name\":\"Localizaci\u00f3n y selecci\u00f3n | Olive-tree Hunters\",\"isPartOf\":{\"@id\":\"https:\/\/www.olivetreehunters.com\/es\/#website\"},\"datePublished\":\"2018-10-26T10:04:47+00:00\",\"dateModified\":\"2020-02-24T11:20:25+00:00\",\"breadcrumb\":{\"@id\":\"https:\/\/www.olivetreehunters.com\/es\/como-importar-olivos-localizacion-y-seleccion\/#breadcrumb\"},\"inLanguage\":\"es\",\"potentialAction\":[{\"@type\":\"ReadAction\",\"target\":[\"https:\/\/www.olivetreehunters.com\/es\/como-importar-olivos-localizacion-y-seleccion\/\"]}]},{\"@type\":\"BreadcrumbList\",\"@id\":\"https:\/\/www.olivetreehunters.com\/es\/como-importar-olivos-localizacion-y-seleccion\/#breadcrumb\",\"itemListElement\":[{\"@type\":\"ListItem\",\"position\":1,\"name\":\"Inicio\",\"item\":\"https:\/\/www.olivetreehunters.com\/es\/\"},{\"@type\":\"ListItem\",\"position\":2,\"name\":\"C\u00f3mo importar olivos\",\"item\":\"https:\/\/www.olivetreehunters.com\/es\/como-importar-olivos\/\"},{\"@type\":\"ListItem\",\"position\":3,\"name\":\"Localizaci\u00f3n y selecci\u00f3n\"}]},{\"@type\":\"WebSite\",\"@id\":\"https:\/\/www.olivetreehunters.com\/es\/#website\",\"url\":\"https:\/\/www.olivetreehunters.com\/es\/\",\"name\":\"Olive-tree Hunters\",\"description\":\"Exportamos olivos a todo el mundo\",\"potentialAction\":[{\"@type\":\"SearchAction\",\"target\":{\"@type\":\"EntryPoint\",\"urlTemplate\":\"https:\/\/www.olivetreehunters.com\/es\/?s={search_term_string}\"},\"query-input\":{\"@type\":\"PropertyValueSpecification\",\"valueRequired\":true,\"valueName\":\"search_term_string\"}}],\"inLanguage\":\"es\"}]}<\/script>\n<!-- \/ Yoast SEO plugin. -->","yoast_head_json":{"title":"Localizaci\u00f3n y selecci\u00f3n | Olive-tree Hunters","robots":{"index":"index","follow":"follow","max-snippet":"max-snippet:-1","max-image-preview":"max-image-preview:large","max-video-preview":"max-video-preview:-1"},"canonical":"https:\/\/www.olivetreehunters.com\/es\/como-importar-olivos-localizacion-y-seleccion\/","og_locale":"es_ES","og_type":"article","og_title":"Localizaci\u00f3n y selecci\u00f3n | Olive-tree Hunters","og_description":"[vc_row][vc_column width=\u00bb1\/2&#8243;][vc_column_text]Gracias a nuestra estrat\u00e9gica ubicaci\u00f3n y a nuestro profundo conocimiento de las zonas con mayor plantaci\u00f3n de olivos del mundo, tenemos la capacidad de ofrecer a nuestros clientes los ejemplares que m\u00e1s se adaptan a cada clima de destino. Cada olivo es una pieza \u00fanica y, por ello, son necesarios expertos profesionales que sepan&hellip;","og_url":"https:\/\/www.olivetreehunters.com\/es\/como-importar-olivos-localizacion-y-seleccion\/","og_site_name":"Olive-tree Hunters","article_publisher":"https:\/\/www.facebook.com\/Olive-Tree-Hunters-1085204018293771\/?modal=admin_todo_tour","article_modified_time":"2020-02-24T11:20:25+00:00","twitter_card":"summary_large_image","twitter_misc":{"Tiempo de lectura":"1 minuto"},"schema":{"@context":"https:\/\/schema.org","@graph":[{"@type":"WebPage","@id":"https:\/\/www.olivetreehunters.com\/es\/como-importar-olivos-localizacion-y-seleccion\/","url":"https:\/\/www.olivetreehunters.com\/es\/como-importar-olivos-localizacion-y-seleccion\/","name":"Localizaci\u00f3n y selecci\u00f3n | Olive-tree Hunters","isPartOf":{"@id":"https:\/\/www.olivetreehunters.com\/es\/#website"},"datePublished":"2018-10-26T10:04:47+00:00","dateModified":"2020-02-24T11:20:25+00:00","breadcrumb":{"@id":"https:\/\/www.olivetreehunters.com\/es\/como-importar-olivos-localizacion-y-seleccion\/#breadcrumb"},"inLanguage":"es","potentialAction":[{"@type":"ReadAction","target":["https:\/\/www.olivetreehunters.com\/es\/como-importar-olivos-localizacion-y-seleccion\/"]}]},{"@type":"BreadcrumbList","@id":"https:\/\/www.olivetreehunters.com\/es\/como-importar-olivos-localizacion-y-seleccion\/#breadcrumb","itemListElement":[{"@type":"ListItem","position":1,"name":"Inicio","item":"https:\/\/www.olivetreehunters.com\/es\/"},{"@type":"ListItem","position":2,"name":"C\u00f3mo importar olivos","item":"https:\/\/www.olivetreehunters.com\/es\/como-importar-olivos\/"},{"@type":"ListItem","position":3,"name":"Localizaci\u00f3n y selecci\u00f3n"}]},{"@type":"WebSite","@id":"https:\/\/www.olivetreehunters.com\/es\/#website","url":"https:\/\/www.olivetreehunters.com\/es\/","name":"Olive-tree Hunters","description":"Exportamos olivos a todo el mundo","potentialAction":[{"@type":"SearchAction","target":{"@type":"EntryPoint","urlTemplate":"https:\/\/www.olivetreehunters.com\/es\/?s={search_term_string}"},"query-input":{"@type":"PropertyValueSpecification","valueRequired":true,"valueName":"search_term_string"}}],"inLanguage":"es"}]}},"_links":{"self":[{"href":"https:\/\/www.olivetreehunters.com\/es\/wp-json\/wp\/v2\/pages\/54722","targetHints":{"allow":["GET"]}}],"collection":[{"href":"https:\/\/www.olivetreehunters.com\/es\/wp-json\/wp\/v2\/pages"}],"about":[{"href":"https:\/\/www.olivetreehunters.com\/es\/wp-json\/wp\/v2\/types\/page"}],"author":[{"embeddable":true,"href":"https:\/\/www.olivetreehunters.com\/es\/wp-json\/wp\/v2\/users\/1"}],"replies":[{"embeddable":true,"href":"https:\/\/www.olivetreehunters.com\/es\/wp-json\/wp\/v2\/comments?post=54722"}],"version-history":[{"count":9,"href":"https:\/\/www.olivetreehunters.com\/es\/wp-json\/wp\/v2\/pages\/54722\/revisions"}],"predecessor-version":[{"id":56105,"href":"https:\/\/www.olivetreehunters.com\/es\/wp-json\/wp\/v2\/pages\/54722\/revisions\/56105"}],"wp:attachment":[{"href":"https:\/\/www.olivetreehunters.com\/es\/wp-json\/wp\/v2\/media?parent=54722"}],"curies":[{"name":"wp","href":"https:\/\/api.w.org\/{rel}","templated":true}]}}