{"id":54734,"date":"2018-10-29T10:14:01","date_gmt":"2018-10-29T10:14:01","guid":{"rendered":"https:\/\/www.olivetreehunters.com\/?page_id=54734"},"modified":"2020-01-24T11:27:02","modified_gmt":"2020-01-24T11:27:02","slug":"requisitos","status":"publish","type":"page","link":"https:\/\/www.olivetreehunters.com\/es\/requisitos\/","title":{"rendered":"Requisitos"},"content":{"rendered":"<div class=\"wpb-content-wrapper\"><p>[vc_row][vc_column]<div id=\"ultimate-heading-619169d25c62c6711\" class=\"uvc-heading ult-adjust-bottom-margin ultimate-heading-619169d25c62c6711 uvc-5446 color-title\" data-hspacer=\"no_spacer\"  data-halign=\"center\" style=\"text-align:center\"><div class=\"uvc-heading-spacer no_spacer\" style=\"top\"><\/div><div class=\"uvc-main-heading ult-responsive\"  data-ultimate-target='.uvc-heading.ultimate-heading-619169d25c62c6711 h2'  data-responsive-json-new='{\"font-size\":\"desktop:25px;tablet:25px;tablet_portrait:25px;mobile_landscape:25px;mobile:15px;\",\"line-height\":\"desktop:40px;\"}' ><h2 style=\"font-family:&#039;Josefin Sans&#039;;font-weight:600;margin-bottom:35px;\">Requisitos para la importaci\u00f3n<\/h2><\/div><\/div>[vc_column_text css=\u00bb.vc_custom_1540807758592{padding-bottom: 35px !important;}\u00bb]La importaci\u00f3n de olivos es una tarea que requiere un alto nivel de profesionalidad y experiencia. De hecho, para realizar env\u00edos desde Espa\u00f1a a otros pa\u00edses, los olivos deben pasar dos controles estrictos, de los cuales nos ocuparemos nosotros: uno en el pa\u00eds de origen y otro en el pa\u00eds de destino. Ambos controles se realizan seg\u00fan los requerimientos, a efectos de plagas y otras condiciones, del pa\u00eds de destino.[\/vc_column_text][\/vc_column][\/vc_row][vc_row][vc_column]<div id=\"ultimate-heading-844569d25c62c68a4\" class=\"uvc-heading ult-adjust-bottom-margin ultimate-heading-844569d25c62c68a4 uvc-3117 color-title\" data-hspacer=\"no_spacer\"  data-halign=\"center\" style=\"text-align:center\"><div class=\"uvc-heading-spacer no_spacer\" style=\"top\"><\/div><div class=\"uvc-main-heading ult-responsive\"  data-ultimate-target='.uvc-heading.ultimate-heading-844569d25c62c68a4 h2'  data-responsive-json-new='{\"font-size\":\"desktop:25px;tablet:25px;tablet_portrait:25px;mobile_landscape:25px;mobile:15px;\",\"line-height\":\"desktop:40px;\"}' ><h2 style=\"font-family:&#039;Josefin Sans&#039;;font-weight:600;margin-bottom:35px;\">Importar en la Uni\u00f3n Europea<\/h2><\/div><\/div>[vc_column_text]Si lo que desea es comprar olivos e importarlos a pa\u00edses de la UE, es necesario un Pasaporte fitosanitario. Se trata de un documento que acredita que los olivos se encuentran libres de plagas de cuarentena y que les permite circular libremente por pa\u00edses de la Uni\u00f3n Europea.<\/p>\n<p>Cada partida de olivos debe llevar al menos una etiqueta de Pasaporte Fitosanitario completa o bien una etiqueta simplificada asociada a un documento de acompa\u00f1amiento que proporcione la misma informaci\u00f3n que la etiqueta completa.[\/vc_column_text][vc_single_image image=\u00bb54656&#8243; img_size=\u00bb460&#215;156&#8243; alignment=\u00bbcenter\u00bb css=\u00bb.vc_custom_1540817462732{padding-top: 35px !important;padding-bottom: 35px !important;}\u00bb][\/vc_column][\/vc_row][vc_row][vc_column]<div id=\"ultimate-heading-510369d25c62c697d\" class=\"uvc-heading ult-adjust-bottom-margin ultimate-heading-510369d25c62c697d uvc-6743 color-title\" data-hspacer=\"no_spacer\"  data-halign=\"center\" style=\"text-align:center\"><div class=\"uvc-heading-spacer no_spacer\" style=\"top\"><\/div><div class=\"uvc-main-heading ult-responsive\"  data-ultimate-target='.uvc-heading.ultimate-heading-510369d25c62c697d h2'  data-responsive-json-new='{\"font-size\":\"desktop:30px;\",\"line-height\":\"desktop:40px;\"}' ><h2 style=\"font-weight:bold;margin-bottom:35px;\">Importar al resto del mundo<\/h2><\/div><\/div>[vc_column_text]La importaci\u00f3n de olivos a pa\u00edses fuera de la Uni\u00f3n Europea exige, adem\u00e1s del pasaporte fitosanitario, un Certificado Fitosanitario. Se trata de un documento emitido en Espa\u00f1a que acredita que los olivos que se env\u00edan cumplen los requisitos fitosanitarios especificados para su importaci\u00f3n.<\/p>\n<p>La venta de olivos para este tipo de operaciones exige unos requisitos que son establecidos por el pa\u00eds de destino. Por ello, nuestro protocolo se adecua a la normativa de cada pa\u00eds, asegur\u00e1ndonos la entrada de los olivos al pa\u00eds de destino.<\/p>\n<p>El certificado fitosanitario debe incluir, entre otros, la siguiente informaci\u00f3n:<\/p>\n<ol>\n<li>Nombre y direcci\u00f3n del exportador.<\/li>\n<li>Nombre y direcci\u00f3n declarados del destinatario.<\/li>\n<li>N\u00famero, identificaci\u00f3n certificado fitosanitario.<\/li>\n<li>Organizaci\u00f3n de protecci\u00f3n fitosanitaria (en el caso de Espa\u00f1a, el Ministerio de Agricultura y Pesca, Alimentaci\u00f3n y Medio Ambiente).<\/li>\n<li>Lugar de origen.<\/li>\n<li>Medios de transporte declarados.<\/li>\n<li>Punto de entrada declarado.<\/li>\n<li>Nombre bot\u00e1nico de las plantas (en el caso de los olivos:\u00a0<em>Olea europaea I.<\/em>)<\/li>\n<li>Cantidad declarada<\/li>\n<\/ol>\n<p>[\/vc_column_text][vc_single_image image=\u00bb54659&#8243; img_size=\u00bbmedium\u00bb alignment=\u00bbcenter\u00bb style=\u00bbvc_box_rounded\u00bb onclick=\u00bbimg_link_large\u00bb img_link_target=\u00bb_blank\u00bb css=\u00bb.vc_custom_1540806418655{padding-top: 25px !important;padding-bottom: 25px !important;}\u00bb][vc_column_text]Adicionalmente, se deber\u00e1n adjuntan los documentos que se usan en cualquier importaci\u00f3n: Certificado de origen, packing list, etc&#8230;<\/p>\n<p>No obstante, al comprar olivos en Olive Tree Hunters, somos nosotros los que realizaremos todos los tratamientos y controles fitosanitarios pertinentes y nos ocupamos de todos los requerimientos para entregar los olivos en su pa\u00eds.[\/vc_column_text][\/vc_column][\/vc_row]<\/p>\n<\/div>","protected":false},"excerpt":{"rendered":"<p>[vc_row][vc_column][vc_column_text css=\u00bb.vc_custom_1540807758592{padding-bottom: 35px !important;}\u00bb]La importaci\u00f3n de olivos es una tarea que requiere un alto nivel de profesionalidad y experiencia. De hecho, para realizar env\u00edos desde Espa\u00f1a a otros pa\u00edses, los olivos deben pasar dos controles estrictos, de los cuales nos ocuparemos nosotros: uno en el pa\u00eds de origen y otro en el pa\u00eds de destino.&hellip;<\/p>\n","protected":false},"author":1,"featured_media":0,"parent":0,"menu_order":0,"comment_status":"closed","ping_status":"closed","template":"","meta":{"footnotes":""},"class_list":["post-54734","page","type-page","status-publish","hentry","description-off"],"yoast_head":"<!-- This site is optimized with the Yoast SEO plugin v27.2 - https:\/\/yoast.com\/product\/yoast-seo-wordpress\/ -->\n<title>Requisitos | Olive-tree Hunters<\/title>\n<meta name=\"robots\" content=\"index, follow, max-snippet:-1, max-image-preview:large, max-video-preview:-1\" \/>\n<link rel=\"canonical\" href=\"https:\/\/www.olivetreehunters.com\/es\/requisitos\/\" \/>\n<meta property=\"og:locale\" content=\"es_ES\" \/>\n<meta property=\"og:type\" content=\"article\" \/>\n<meta property=\"og:title\" content=\"Requisitos | Olive-tree Hunters\" \/>\n<meta property=\"og:description\" content=\"[vc_row][vc_column][vc_column_text css=\u00bb.vc_custom_1540807758592{padding-bottom: 35px !important;}\u00bb]La importaci\u00f3n de olivos es una tarea que requiere un alto nivel de profesionalidad y experiencia. De hecho, para realizar env\u00edos desde Espa\u00f1a a otros pa\u00edses, los olivos deben pasar dos controles estrictos, de los cuales nos ocuparemos nosotros: uno en el pa\u00eds de origen y otro en el pa\u00eds de destino.&hellip;\" \/>\n<meta property=\"og:url\" content=\"https:\/\/www.olivetreehunters.com\/es\/requisitos\/\" \/>\n<meta property=\"og:site_name\" content=\"Olive-tree Hunters\" \/>\n<meta property=\"article:publisher\" content=\"https:\/\/www.facebook.com\/Olive-Tree-Hunters-1085204018293771\/?modal=admin_todo_tour\" \/>\n<meta property=\"article:modified_time\" content=\"2020-01-24T11:27:02+00:00\" \/>\n<meta name=\"twitter:card\" content=\"summary_large_image\" \/>\n<meta name=\"twitter:label1\" content=\"Tiempo de lectura\" \/>\n\t<meta name=\"twitter:data1\" content=\"4 minutos\" \/>\n<script type=\"application\/ld+json\" class=\"yoast-schema-graph\">{\"@context\":\"https:\/\/schema.org\",\"@graph\":[{\"@type\":\"WebPage\",\"@id\":\"https:\/\/www.olivetreehunters.com\/es\/requisitos\/\",\"url\":\"https:\/\/www.olivetreehunters.com\/es\/requisitos\/\",\"name\":\"Requisitos | Olive-tree Hunters\",\"isPartOf\":{\"@id\":\"https:\/\/www.olivetreehunters.com\/es\/#website\"},\"datePublished\":\"2018-10-29T10:14:01+00:00\",\"dateModified\":\"2020-01-24T11:27:02+00:00\",\"breadcrumb\":{\"@id\":\"https:\/\/www.olivetreehunters.com\/es\/requisitos\/#breadcrumb\"},\"inLanguage\":\"es\",\"potentialAction\":[{\"@type\":\"ReadAction\",\"target\":[\"https:\/\/www.olivetreehunters.com\/es\/requisitos\/\"]}]},{\"@type\":\"BreadcrumbList\",\"@id\":\"https:\/\/www.olivetreehunters.com\/es\/requisitos\/#breadcrumb\",\"itemListElement\":[{\"@type\":\"ListItem\",\"position\":1,\"name\":\"Inicio\",\"item\":\"https:\/\/www.olivetreehunters.com\/es\/\"},{\"@type\":\"ListItem\",\"position\":2,\"name\":\"C\u00f3mo importar olivos\",\"item\":\"https:\/\/www.olivetreehunters.com\/es\/como-importar-olivos\/\"},{\"@type\":\"ListItem\",\"position\":3,\"name\":\"Requisitos\"}]},{\"@type\":\"WebSite\",\"@id\":\"https:\/\/www.olivetreehunters.com\/es\/#website\",\"url\":\"https:\/\/www.olivetreehunters.com\/es\/\",\"name\":\"Olive-tree Hunters\",\"description\":\"Exportamos olivos a todo el mundo\",\"potentialAction\":[{\"@type\":\"SearchAction\",\"target\":{\"@type\":\"EntryPoint\",\"urlTemplate\":\"https:\/\/www.olivetreehunters.com\/es\/?s={search_term_string}\"},\"query-input\":{\"@type\":\"PropertyValueSpecification\",\"valueRequired\":true,\"valueName\":\"search_term_string\"}}],\"inLanguage\":\"es\"}]}<\/script>\n<!-- \/ Yoast SEO plugin. -->","yoast_head_json":{"title":"Requisitos | Olive-tree Hunters","robots":{"index":"index","follow":"follow","max-snippet":"max-snippet:-1","max-image-preview":"max-image-preview:large","max-video-preview":"max-video-preview:-1"},"canonical":"https:\/\/www.olivetreehunters.com\/es\/requisitos\/","og_locale":"es_ES","og_type":"article","og_title":"Requisitos | Olive-tree Hunters","og_description":"[vc_row][vc_column][vc_column_text css=\u00bb.vc_custom_1540807758592{padding-bottom: 35px !important;}\u00bb]La importaci\u00f3n de olivos es una tarea que requiere un alto nivel de profesionalidad y experiencia. De hecho, para realizar env\u00edos desde Espa\u00f1a a otros pa\u00edses, los olivos deben pasar dos controles estrictos, de los cuales nos ocuparemos nosotros: uno en el pa\u00eds de origen y otro en el pa\u00eds de destino.&hellip;","og_url":"https:\/\/www.olivetreehunters.com\/es\/requisitos\/","og_site_name":"Olive-tree Hunters","article_publisher":"https:\/\/www.facebook.com\/Olive-Tree-Hunters-1085204018293771\/?modal=admin_todo_tour","article_modified_time":"2020-01-24T11:27:02+00:00","twitter_card":"summary_large_image","twitter_misc":{"Tiempo de lectura":"4 minutos"},"schema":{"@context":"https:\/\/schema.org","@graph":[{"@type":"WebPage","@id":"https:\/\/www.olivetreehunters.com\/es\/requisitos\/","url":"https:\/\/www.olivetreehunters.com\/es\/requisitos\/","name":"Requisitos | Olive-tree Hunters","isPartOf":{"@id":"https:\/\/www.olivetreehunters.com\/es\/#website"},"datePublished":"2018-10-29T10:14:01+00:00","dateModified":"2020-01-24T11:27:02+00:00","breadcrumb":{"@id":"https:\/\/www.olivetreehunters.com\/es\/requisitos\/#breadcrumb"},"inLanguage":"es","potentialAction":[{"@type":"ReadAction","target":["https:\/\/www.olivetreehunters.com\/es\/requisitos\/"]}]},{"@type":"BreadcrumbList","@id":"https:\/\/www.olivetreehunters.com\/es\/requisitos\/#breadcrumb","itemListElement":[{"@type":"ListItem","position":1,"name":"Inicio","item":"https:\/\/www.olivetreehunters.com\/es\/"},{"@type":"ListItem","position":2,"name":"C\u00f3mo importar olivos","item":"https:\/\/www.olivetreehunters.com\/es\/como-importar-olivos\/"},{"@type":"ListItem","position":3,"name":"Requisitos"}]},{"@type":"WebSite","@id":"https:\/\/www.olivetreehunters.com\/es\/#website","url":"https:\/\/www.olivetreehunters.com\/es\/","name":"Olive-tree Hunters","description":"Exportamos olivos a todo el mundo","potentialAction":[{"@type":"SearchAction","target":{"@type":"EntryPoint","urlTemplate":"https:\/\/www.olivetreehunters.com\/es\/?s={search_term_string}"},"query-input":{"@type":"PropertyValueSpecification","valueRequired":true,"valueName":"search_term_string"}}],"inLanguage":"es"}]}},"_links":{"self":[{"href":"https:\/\/www.olivetreehunters.com\/es\/wp-json\/wp\/v2\/pages\/54734","targetHints":{"allow":["GET"]}}],"collection":[{"href":"https:\/\/www.olivetreehunters.com\/es\/wp-json\/wp\/v2\/pages"}],"about":[{"href":"https:\/\/www.olivetreehunters.com\/es\/wp-json\/wp\/v2\/types\/page"}],"author":[{"embeddable":true,"href":"https:\/\/www.olivetreehunters.com\/es\/wp-json\/wp\/v2\/users\/1"}],"replies":[{"embeddable":true,"href":"https:\/\/www.olivetreehunters.com\/es\/wp-json\/wp\/v2\/comments?post=54734"}],"version-history":[{"count":16,"href":"https:\/\/www.olivetreehunters.com\/es\/wp-json\/wp\/v2\/pages\/54734\/revisions"}],"predecessor-version":[{"id":55847,"href":"https:\/\/www.olivetreehunters.com\/es\/wp-json\/wp\/v2\/pages\/54734\/revisions\/55847"}],"wp:attachment":[{"href":"https:\/\/www.olivetreehunters.com\/es\/wp-json\/wp\/v2\/media?parent=54734"}],"curies":[{"name":"wp","href":"https:\/\/api.w.org\/{rel}","templated":true}]}}