{"id":54766,"date":"2018-10-29T11:10:04","date_gmt":"2018-10-29T11:10:04","guid":{"rendered":"https:\/\/www.olivetreehunters.com\/?page_id=54766"},"modified":"2020-02-24T11:36:34","modified_gmt":"2020-02-24T11:36:34","slug":"asesoramiento-tecnico-en-destino","status":"publish","type":"page","link":"https:\/\/www.olivetreehunters.com\/es\/asesoramiento-tecnico-en-destino\/","title":{"rendered":"Asesoramiento t\u00e9cnico en destino"},"content":{"rendered":"<div class=\"wpb-content-wrapper\"><p>[vc_row][vc_column][vc_column_text]<\/p>\n<p style=\"text-align: center;\"><strong><span style=\"font-size: 24pt;\">Garantizamos la salud de nuestros \u00e1rboles<\/span><\/strong><\/p>\n<p>[\/vc_column_text][\/vc_column][\/vc_row][vc_row][vc_column width=\u00bb1\/2&#8243;][vc_column_text]Al realizar la compra de sus olivos en Olive Tree Hunters gozar\u00e1 de un asesoramiento profesional desde su compra hasta que plante el olivo en destino.<br \/>\nNuestro seguimiento empieza en el momento de expedici\u00f3n del olivo, supervisando la recepci\u00f3n, la recuperaci\u00f3n de la planta, el replantado en destino y su mantenimiento para el futuro. Si es necesario nos desplazamos para supervisar el proceso completo.<\/p>\n<p>Debe tener en cuenta que los olivos, al llegar a destino, pasan por las siguientes fases:<\/p>\n<ul>\n<li><strong>Recuperaci\u00f3n:<\/strong> Los olivos llegar\u00e1n con unas peque\u00f1as brotaciones y debemos estimularlos a base de agua y abono. Proporcionamos, si lo desean productos bioestimulantes de gran efectividad.<\/li>\n<li><strong>Adaptaci\u00f3n:<\/strong> durante los primeros riegos, los olivos permanecer\u00e1n en maceta o malla, y tambi\u00e9n realizaremos las primeras aplicaciones de los productos nutricionales.<\/li>\n<li><strong>Plantaci\u00f3n:<\/strong> La plantaci\u00f3n se realizar\u00e1 siempre con la garant\u00eda de que no se prevean heladas. Las temperaturas \u00f3ptimas de plantaci\u00f3n son entre 7 y 30 \u00baC. Para ello, debe usarse la propia tierra vegetal del interior del hoyo. Con esta rellenaremos el mismo dejando una pileta alrededor del tronco para futuros riegos.<\/li>\n<\/ul>\n<p>Una vez plantado el olivo, hay que regarlo, independientemente que la tierra este h\u00fameda o no. Un primer riego copioso en el momento de la plantaci\u00f3n, con el que nos aseguremos de que el agua llegue a todo el perfil del cepell\u00f3n, es fundamental para evitar la deshidrataci\u00f3n del olivo.[\/vc_column_text][\/vc_column][vc_column width=\u00bb1\/2&#8243;]<style type=\"text\/css\" data-type=\"the7_shortcodes-inline-css\">.gallery-shortcode.gallery-masonry-shortcode-id-c551f1a7964d038738628b735f706d18 figure,\n.gallery-shortcode.gallery-masonry-shortcode-id-c551f1a7964d038738628b735f706d18 .rollover,\n.gallery-shortcode.gallery-masonry-shortcode-id-c551f1a7964d038738628b735f706d18 img,\n.gallery-shortcode.gallery-masonry-shortcode-id-c551f1a7964d038738628b735f706d18 .gallery-rollover {\n  border-radius: 0px;\n}\n.gallery-shortcode.gallery-masonry-shortcode-id-c551f1a7964d038738628b735f706d18.enable-bg-rollover .gallery-rollover {\n  background: -webkit-linear-gradient();\n  background: linear-gradient();\n}\n.gallery-shortcode.gallery-masonry-shortcode-id-c551f1a7964d038738628b735f706d18.enable-bg-rollover.hover-scale figure .rollover:after {\n  background: -webkit-linear-gradient();\n  background: linear-gradient();\n}\n.gallery-shortcode.gallery-masonry-shortcode-id-c551f1a7964d038738628b735f706d18 .gallery-zoom-ico {\n  width: 44px;\n  height: 44px;\n  line-height: 44px;\n  border-radius: 100px;\n  margin: -22px 0 0 -22px;\n  border-width: 0px;\n  color: #ffffff;\n}\n.dt-icon-bg-on.gallery-shortcode.gallery-masonry-shortcode-id-c551f1a7964d038738628b735f706d18 .gallery-zoom-ico {\n  background: rgba(255,255,255,0.3);\n  box-shadow: none;\n}\n.gallery-shortcode.gallery-masonry-shortcode-id-c551f1a7964d038738628b735f706d18 .gallery-zoom-ico:before,\n.gallery-shortcode.gallery-masonry-shortcode-id-c551f1a7964d038738628b735f706d18 .gallery-zoom-ico span {\n  font-size: 32px;\n  line-height: 44px;\n  color: #ffffff;\n}\n.gallery-shortcode.gallery-masonry-shortcode-id-c551f1a7964d038738628b735f706d18:not(.resize-by-browser-width) .dt-css-grid {\n  grid-row-gap: 10px;\n  grid-column-gap: 10px;\n  grid-template-columns: repeat(auto-fill,minmax(,1fr));\n}\n.gallery-shortcode.gallery-masonry-shortcode-id-c551f1a7964d038738628b735f706d18:not(.resize-by-browser-width) .dt-css-grid .double-width {\n  grid-column: span 2;\n}\n.cssgridlegacy.no-cssgrid .gallery-shortcode.gallery-masonry-shortcode-id-c551f1a7964d038738628b735f706d18:not(.resize-by-browser-width) .dt-css-grid,\n.no-cssgridlegacy.no-cssgrid .gallery-shortcode.gallery-masonry-shortcode-id-c551f1a7964d038738628b735f706d18:not(.resize-by-browser-width) .dt-css-grid {\n  display: flex;\n  flex-flow: row wrap;\n  margin: -5px;\n}\n.cssgridlegacy.no-cssgrid .gallery-shortcode.gallery-masonry-shortcode-id-c551f1a7964d038738628b735f706d18:not(.resize-by-browser-width) .dt-css-grid .wf-cell,\n.no-cssgridlegacy.no-cssgrid .gallery-shortcode.gallery-masonry-shortcode-id-c551f1a7964d038738628b735f706d18:not(.resize-by-browser-width) .dt-css-grid .wf-cell {\n  flex: 1 0 ;\n  max-width: 100%;\n  padding: 5px;\n  box-sizing: border-box;\n}\n.gallery-shortcode.gallery-masonry-shortcode-id-c551f1a7964d038738628b735f706d18.resize-by-browser-width .dt-css-grid {\n  grid-template-columns: repeat(2,1fr);\n  grid-template-rows: auto;\n  grid-column-gap: 10px;\n  grid-row-gap: 10px;\n}\n.gallery-shortcode.gallery-masonry-shortcode-id-c551f1a7964d038738628b735f706d18.resize-by-browser-width .dt-css-grid .double-width {\n  grid-column: span 2;\n}\n.cssgridlegacy.no-cssgrid .gallery-shortcode.gallery-masonry-shortcode-id-c551f1a7964d038738628b735f706d18.resize-by-browser-width .dt-css-grid {\n  margin: -5px;\n}\n.cssgridlegacy.no-cssgrid .gallery-shortcode.gallery-masonry-shortcode-id-c551f1a7964d038738628b735f706d18.resize-by-browser-width .dt-css-grid .wf-cell {\n  width: 50%;\n  padding: 5px;\n}\n.cssgridlegacy.no-cssgrid .gallery-shortcode.gallery-masonry-shortcode-id-c551f1a7964d038738628b735f706d18.resize-by-browser-width .dt-css-grid .wf-cell.double-width {\n  width: calc(50%) * 2;\n}\n.gallery-shortcode.gallery-masonry-shortcode-id-c551f1a7964d038738628b735f706d18.resize-by-browser-width:not(.centered-layout-list):not(.content-bg-on) .dt-css-grid {\n  grid-row-gap: 10px - ;\n}\n@media screen and (max-width: 1199px) {\n  .gallery-shortcode.gallery-masonry-shortcode-id-c551f1a7964d038738628b735f706d18.resize-by-browser-width .dt-css-grid {\n    grid-template-columns: repeat(2,1fr);\n  }\n  .cssgridlegacy.no-cssgrid .gallery-shortcode.gallery-masonry-shortcode-id-c551f1a7964d038738628b735f706d18.resize-by-browser-width .dt-css-grid .wf-cell,\n  .no-cssgridlegacy.no-cssgrid .gallery-shortcode.gallery-masonry-shortcode-id-c551f1a7964d038738628b735f706d18.resize-by-browser-width .dt-css-grid .wf-cell {\n    width: 50%;\n  }\n  .cssgridlegacy.no-cssgrid .gallery-shortcode.gallery-masonry-shortcode-id-c551f1a7964d038738628b735f706d18.resize-by-browser-width .dt-css-grid .wf-cell.double-width,\n  .no-cssgridlegacy.no-cssgrid .gallery-shortcode.gallery-masonry-shortcode-id-c551f1a7964d038738628b735f706d18.resize-by-browser-width .dt-css-grid .wf-cell.double-width {\n    width: calc(50%)*2;\n  }\n}\n@media screen and (max-width: 991px) {\n  .gallery-shortcode.gallery-masonry-shortcode-id-c551f1a7964d038738628b735f706d18.resize-by-browser-width .dt-css-grid {\n    grid-template-columns: repeat(2,1fr);\n  }\n  .cssgridlegacy.no-cssgrid .gallery-shortcode.gallery-masonry-shortcode-id-c551f1a7964d038738628b735f706d18.resize-by-browser-width .dt-css-grid .wf-cell,\n  .no-cssgridlegacy.no-cssgrid .gallery-shortcode.gallery-masonry-shortcode-id-c551f1a7964d038738628b735f706d18.resize-by-browser-width .dt-css-grid .wf-cell {\n    width: 50%;\n  }\n  .cssgridlegacy.no-cssgrid .gallery-shortcode.gallery-masonry-shortcode-id-c551f1a7964d038738628b735f706d18.resize-by-browser-width .dt-css-grid .wf-cell.double-width,\n  .no-cssgridlegacy.no-cssgrid .gallery-shortcode.gallery-masonry-shortcode-id-c551f1a7964d038738628b735f706d18.resize-by-browser-width .dt-css-grid .wf-cell.double-width {\n    width: calc(50%)*2;\n  }\n}\n@media screen and (max-width: 767px) {\n  .gallery-shortcode.gallery-masonry-shortcode-id-c551f1a7964d038738628b735f706d18.resize-by-browser-width .dt-css-grid {\n    grid-template-columns: repeat(2,1fr);\n  }\n  .cssgridlegacy.no-cssgrid .gallery-shortcode.gallery-masonry-shortcode-id-c551f1a7964d038738628b735f706d18.resize-by-browser-width .dt-css-grid .wf-cell,\n  .no-cssgridlegacy.no-cssgrid .gallery-shortcode.gallery-masonry-shortcode-id-c551f1a7964d038738628b735f706d18.resize-by-browser-width .dt-css-grid .wf-cell {\n    width: 50%;\n  }\n  .cssgridlegacy.no-cssgrid .gallery-shortcode.gallery-masonry-shortcode-id-c551f1a7964d038738628b735f706d18.resize-by-browser-width .dt-css-grid .wf-cell.double-width,\n  .no-cssgridlegacy.no-cssgrid .gallery-shortcode.gallery-masonry-shortcode-id-c551f1a7964d038738628b735f706d18.resize-by-browser-width .dt-css-grid .wf-cell.double-width {\n    width: calc(50%)*2;\n  }\n}<\/style><div class=\"gallery-shortcode dt-gallery-container gallery-masonry-shortcode-id-c551f1a7964d038738628b735f706d18 mode-masonry jquery-filter dt-icon-bg-off resize-by-browser-width  hover-fade loading-effect-none description-on-hover\" data-padding=\"5px\" data-cur-page=\"1\" data-post-limit=\"-1\" data-pagination-mode=\"none\" data-desktop-columns-num=\"2\" data-v-tablet-columns-num=\"2\" data-h-tablet-columns-num=\"2\" data-phone-columns-num=\"2\" data-width=\"0px\" data-columns=\"0\"><div class=\"iso-container\" ><div class=\"wf-cell iso-item\" data-post-id=\"56120\" data-date=\"2020-02-24T11:25:51+00:00\" data-name=\"Plantacio\u0301n\"><figure class=\"post visible\"><a href=\"https:\/\/www.olivetreehunters.com\/wp-content\/uploads\/2020\/02\/Plantacio\u0301n.jpeg\" class=\"rollover dt-pswp-item layzr-bg\" data-large_image_width=\"1599\" data-large_image_height=\"899\" data-dt-img-description=\"\" title=\"Plantacio\u0301n\"><img fetchpriority=\"high\" decoding=\"async\" class=\"preload-me iso-lazy-load aspect\" src=\"data:image\/svg+xml,%3Csvg%20xmlns%3D&#39;http%3A%2F%2Fwww.w3.org%2F2000%2Fsvg&#39;%20viewBox%3D&#39;0%200%20490%20275&#39;%2F%3E\" data-src=\"https:\/\/www.olivetreehunters.com\/wp-content\/uploads\/2020\/02\/Plantacio\u0301n-490x275.jpeg\" data-srcset=\"https:\/\/www.olivetreehunters.com\/wp-content\/uploads\/2020\/02\/Plantacio\u0301n-490x275.jpeg 490w, https:\/\/www.olivetreehunters.com\/wp-content\/uploads\/2020\/02\/Plantacio\u0301n-735x413.jpeg 735w\" loading=\"eager\" style=\"--ratio: 490 \/ 275\" sizes=\"(max-width: 490px) 100vw, 490px\" alt=\"\" width=\"490\" height=\"275\"  \/><span class=\"gallery-rollover\"><\/span><\/a><\/figure><\/div><div class=\"wf-cell iso-item\" data-post-id=\"56117\" data-date=\"2020-02-24T11:25:47+00:00\" data-name=\"Olivo en fibra de coco\"><figure class=\"post visible\"><a href=\"https:\/\/www.olivetreehunters.com\/wp-content\/uploads\/2020\/02\/Olivo-en-fibra-de-coco.jpg\" class=\"rollover dt-pswp-item layzr-bg\" data-large_image_width=\"1599\" data-large_image_height=\"899\" data-dt-img-description=\"\" title=\"Olivo en fibra de coco\"><img decoding=\"async\" class=\"preload-me iso-lazy-load aspect\" src=\"data:image\/svg+xml,%3Csvg%20xmlns%3D&#39;http%3A%2F%2Fwww.w3.org%2F2000%2Fsvg&#39;%20viewBox%3D&#39;0%200%20490%20275&#39;%2F%3E\" data-src=\"https:\/\/www.olivetreehunters.com\/wp-content\/uploads\/2020\/02\/Olivo-en-fibra-de-coco-490x275.jpg\" data-srcset=\"https:\/\/www.olivetreehunters.com\/wp-content\/uploads\/2020\/02\/Olivo-en-fibra-de-coco-490x275.jpg 490w, https:\/\/www.olivetreehunters.com\/wp-content\/uploads\/2020\/02\/Olivo-en-fibra-de-coco-735x413.jpg 735w\" loading=\"eager\" style=\"--ratio: 490 \/ 275\" sizes=\"(max-width: 490px) 100vw, 490px\" alt=\"\" width=\"490\" height=\"275\"  \/><span class=\"gallery-rollover\"><\/span><\/a><\/figure><\/div><div class=\"wf-cell iso-item\" data-post-id=\"56114\" data-date=\"2020-02-24T11:25:45+00:00\" data-name=\"Oleas sin hojas\"><figure class=\"post visible\"><a href=\"https:\/\/www.olivetreehunters.com\/wp-content\/uploads\/2020\/02\/Oleas-sin-hojas.jpg\" class=\"rollover dt-pswp-item layzr-bg\" data-large_image_width=\"1024\" data-large_image_height=\"768\" data-dt-img-description=\"\" title=\"Oleas sin hojas\"><img decoding=\"async\" class=\"preload-me iso-lazy-load aspect\" src=\"data:image\/svg+xml,%3Csvg%20xmlns%3D&#39;http%3A%2F%2Fwww.w3.org%2F2000%2Fsvg&#39;%20viewBox%3D&#39;0%200%20490%20368&#39;%2F%3E\" data-src=\"https:\/\/www.olivetreehunters.com\/wp-content\/uploads\/2020\/02\/Oleas-sin-hojas-490x368.jpg\" data-srcset=\"https:\/\/www.olivetreehunters.com\/wp-content\/uploads\/2020\/02\/Oleas-sin-hojas-490x368.jpg 490w, https:\/\/www.olivetreehunters.com\/wp-content\/uploads\/2020\/02\/Oleas-sin-hojas-735x552.jpg 735w\" loading=\"eager\" style=\"--ratio: 490 \/ 368\" sizes=\"(max-width: 490px) 100vw, 490px\" alt=\"\" width=\"490\" height=\"368\"  \/><span class=\"gallery-rollover\"><\/span><\/a><\/figure><\/div><div class=\"wf-cell iso-item\" data-post-id=\"56111\" data-date=\"2020-02-24T11:25:44+00:00\" data-name=\"Oleas sin hojas 2\"><figure class=\"post visible\"><a href=\"https:\/\/www.olivetreehunters.com\/wp-content\/uploads\/2020\/02\/Oleas-sin-hojas-2.jpg\" class=\"rollover dt-pswp-item layzr-bg\" data-large_image_width=\"1024\" data-large_image_height=\"768\" data-dt-img-description=\"\" title=\"Oleas sin hojas 2\"><img decoding=\"async\" class=\"preload-me iso-lazy-load aspect\" src=\"data:image\/svg+xml,%3Csvg%20xmlns%3D&#39;http%3A%2F%2Fwww.w3.org%2F2000%2Fsvg&#39;%20viewBox%3D&#39;0%200%20490%20368&#39;%2F%3E\" data-src=\"https:\/\/www.olivetreehunters.com\/wp-content\/uploads\/2020\/02\/Oleas-sin-hojas-2-490x368.jpg\" data-srcset=\"https:\/\/www.olivetreehunters.com\/wp-content\/uploads\/2020\/02\/Oleas-sin-hojas-2-490x368.jpg 490w, https:\/\/www.olivetreehunters.com\/wp-content\/uploads\/2020\/02\/Oleas-sin-hojas-2-735x552.jpg 735w\" loading=\"eager\" style=\"--ratio: 490 \/ 368\" sizes=\"(max-width: 490px) 100vw, 490px\" alt=\"\" width=\"490\" height=\"368\"  \/><span class=\"gallery-rollover\"><\/span><\/a><\/figure><\/div><div class=\"wf-cell iso-item\" data-post-id=\"56108\" data-date=\"2020-02-24T11:25:42+00:00\" data-name=\"Olea contenedor\"><figure class=\"post visible\"><a href=\"https:\/\/www.olivetreehunters.com\/wp-content\/uploads\/2020\/02\/Olea-contenedor.jpg\" class=\"rollover dt-pswp-item layzr-bg\" data-large_image_width=\"640\" data-large_image_height=\"480\" data-dt-img-description=\"\" title=\"Olea contenedor\"><img decoding=\"async\" class=\"preload-me iso-lazy-load aspect\" src=\"data:image\/svg+xml,%3Csvg%20xmlns%3D&#39;http%3A%2F%2Fwww.w3.org%2F2000%2Fsvg&#39;%20viewBox%3D&#39;0%200%20490%20368&#39;%2F%3E\" data-src=\"https:\/\/www.olivetreehunters.com\/wp-content\/uploads\/2020\/02\/Olea-contenedor-490x368.jpg\" data-srcset=\"https:\/\/www.olivetreehunters.com\/wp-content\/uploads\/2020\/02\/Olea-contenedor-490x368.jpg 490w, https:\/\/www.olivetreehunters.com\/wp-content\/uploads\/2020\/02\/Olea-contenedor.jpg 639w\" loading=\"eager\" style=\"--ratio: 490 \/ 368\" sizes=\"(max-width: 490px) 100vw, 490px\" alt=\"\" width=\"490\" height=\"368\"  \/><span class=\"gallery-rollover\"><\/span><\/a><\/figure><\/div><\/div><!-- iso-container|iso-grid --><\/div>[\/vc_column][\/vc_row]<\/p>\n<\/div>","protected":false},"excerpt":{"rendered":"<p>[vc_row][vc_column][vc_column_text] Garantizamos la salud de nuestros \u00e1rboles [\/vc_column_text][\/vc_column][\/vc_row][vc_row][vc_column width=\u00bb1\/2&#8243;][vc_column_text]Al realizar la compra de sus olivos en Olive Tree Hunters gozar\u00e1 de un asesoramiento profesional desde su compra hasta que plante el olivo en destino. Nuestro seguimiento empieza en el momento de expedici\u00f3n del olivo, supervisando la recepci\u00f3n, la recuperaci\u00f3n de la planta, el replantado en&hellip;<\/p>\n","protected":false},"author":1,"featured_media":0,"parent":0,"menu_order":0,"comment_status":"closed","ping_status":"closed","template":"","meta":{"footnotes":""},"class_list":["post-54766","page","type-page","status-publish","hentry","description-off"],"yoast_head":"<!-- This site is optimized with the Yoast SEO plugin v27.2 - https:\/\/yoast.com\/product\/yoast-seo-wordpress\/ -->\n<title>Asesoramiento t\u00e9cnico en destino | Olive-tree Hunters<\/title>\n<meta name=\"robots\" content=\"index, follow, max-snippet:-1, max-image-preview:large, max-video-preview:-1\" \/>\n<link rel=\"canonical\" href=\"https:\/\/www.olivetreehunters.com\/es\/asesoramiento-tecnico-en-destino\/\" \/>\n<meta property=\"og:locale\" content=\"es_ES\" \/>\n<meta property=\"og:type\" content=\"article\" \/>\n<meta property=\"og:title\" content=\"Asesoramiento t\u00e9cnico en destino | Olive-tree Hunters\" \/>\n<meta property=\"og:description\" content=\"[vc_row][vc_column][vc_column_text] Garantizamos la salud de nuestros \u00e1rboles [\/vc_column_text][\/vc_column][\/vc_row][vc_row][vc_column width=\u00bb1\/2&#8243;][vc_column_text]Al realizar la compra de sus olivos en Olive Tree Hunters gozar\u00e1 de un asesoramiento profesional desde su compra hasta que plante el olivo en destino. Nuestro seguimiento empieza en el momento de expedici\u00f3n del olivo, supervisando la recepci\u00f3n, la recuperaci\u00f3n de la planta, el replantado en&hellip;\" \/>\n<meta property=\"og:url\" content=\"https:\/\/www.olivetreehunters.com\/es\/asesoramiento-tecnico-en-destino\/\" \/>\n<meta property=\"og:site_name\" content=\"Olive-tree Hunters\" \/>\n<meta property=\"article:publisher\" content=\"https:\/\/www.facebook.com\/Olive-Tree-Hunters-1085204018293771\/?modal=admin_todo_tour\" \/>\n<meta property=\"article:modified_time\" content=\"2020-02-24T11:36:34+00:00\" \/>\n<meta name=\"twitter:card\" content=\"summary_large_image\" \/>\n<meta name=\"twitter:label1\" content=\"Tiempo de lectura\" \/>\n\t<meta name=\"twitter:data1\" content=\"2 minutos\" \/>\n<script type=\"application\/ld+json\" class=\"yoast-schema-graph\">{\"@context\":\"https:\/\/schema.org\",\"@graph\":[{\"@type\":\"WebPage\",\"@id\":\"https:\/\/www.olivetreehunters.com\/es\/asesoramiento-tecnico-en-destino\/\",\"url\":\"https:\/\/www.olivetreehunters.com\/es\/asesoramiento-tecnico-en-destino\/\",\"name\":\"Asesoramiento t\u00e9cnico en destino | Olive-tree Hunters\",\"isPartOf\":{\"@id\":\"https:\/\/www.olivetreehunters.com\/es\/#website\"},\"datePublished\":\"2018-10-29T11:10:04+00:00\",\"dateModified\":\"2020-02-24T11:36:34+00:00\",\"breadcrumb\":{\"@id\":\"https:\/\/www.olivetreehunters.com\/es\/asesoramiento-tecnico-en-destino\/#breadcrumb\"},\"inLanguage\":\"es\",\"potentialAction\":[{\"@type\":\"ReadAction\",\"target\":[\"https:\/\/www.olivetreehunters.com\/es\/asesoramiento-tecnico-en-destino\/\"]}]},{\"@type\":\"BreadcrumbList\",\"@id\":\"https:\/\/www.olivetreehunters.com\/es\/asesoramiento-tecnico-en-destino\/#breadcrumb\",\"itemListElement\":[{\"@type\":\"ListItem\",\"position\":1,\"name\":\"Inicio\",\"item\":\"https:\/\/www.olivetreehunters.com\/es\/\"},{\"@type\":\"ListItem\",\"position\":2,\"name\":\"C\u00f3mo importar olivos\",\"item\":\"https:\/\/www.olivetreehunters.com\/es\/como-importar-olivos\/\"},{\"@type\":\"ListItem\",\"position\":3,\"name\":\"Asesoramiento t\u00e9cnico en destino\"}]},{\"@type\":\"WebSite\",\"@id\":\"https:\/\/www.olivetreehunters.com\/es\/#website\",\"url\":\"https:\/\/www.olivetreehunters.com\/es\/\",\"name\":\"Olive-tree Hunters\",\"description\":\"Exportamos olivos a todo el mundo\",\"potentialAction\":[{\"@type\":\"SearchAction\",\"target\":{\"@type\":\"EntryPoint\",\"urlTemplate\":\"https:\/\/www.olivetreehunters.com\/es\/?s={search_term_string}\"},\"query-input\":{\"@type\":\"PropertyValueSpecification\",\"valueRequired\":true,\"valueName\":\"search_term_string\"}}],\"inLanguage\":\"es\"}]}<\/script>\n<!-- \/ Yoast SEO plugin. -->","yoast_head_json":{"title":"Asesoramiento t\u00e9cnico en destino | Olive-tree Hunters","robots":{"index":"index","follow":"follow","max-snippet":"max-snippet:-1","max-image-preview":"max-image-preview:large","max-video-preview":"max-video-preview:-1"},"canonical":"https:\/\/www.olivetreehunters.com\/es\/asesoramiento-tecnico-en-destino\/","og_locale":"es_ES","og_type":"article","og_title":"Asesoramiento t\u00e9cnico en destino | Olive-tree Hunters","og_description":"[vc_row][vc_column][vc_column_text] Garantizamos la salud de nuestros \u00e1rboles [\/vc_column_text][\/vc_column][\/vc_row][vc_row][vc_column width=\u00bb1\/2&#8243;][vc_column_text]Al realizar la compra de sus olivos en Olive Tree Hunters gozar\u00e1 de un asesoramiento profesional desde su compra hasta que plante el olivo en destino. Nuestro seguimiento empieza en el momento de expedici\u00f3n del olivo, supervisando la recepci\u00f3n, la recuperaci\u00f3n de la planta, el replantado en&hellip;","og_url":"https:\/\/www.olivetreehunters.com\/es\/asesoramiento-tecnico-en-destino\/","og_site_name":"Olive-tree Hunters","article_publisher":"https:\/\/www.facebook.com\/Olive-Tree-Hunters-1085204018293771\/?modal=admin_todo_tour","article_modified_time":"2020-02-24T11:36:34+00:00","twitter_card":"summary_large_image","twitter_misc":{"Tiempo de lectura":"2 minutos"},"schema":{"@context":"https:\/\/schema.org","@graph":[{"@type":"WebPage","@id":"https:\/\/www.olivetreehunters.com\/es\/asesoramiento-tecnico-en-destino\/","url":"https:\/\/www.olivetreehunters.com\/es\/asesoramiento-tecnico-en-destino\/","name":"Asesoramiento t\u00e9cnico en destino | Olive-tree Hunters","isPartOf":{"@id":"https:\/\/www.olivetreehunters.com\/es\/#website"},"datePublished":"2018-10-29T11:10:04+00:00","dateModified":"2020-02-24T11:36:34+00:00","breadcrumb":{"@id":"https:\/\/www.olivetreehunters.com\/es\/asesoramiento-tecnico-en-destino\/#breadcrumb"},"inLanguage":"es","potentialAction":[{"@type":"ReadAction","target":["https:\/\/www.olivetreehunters.com\/es\/asesoramiento-tecnico-en-destino\/"]}]},{"@type":"BreadcrumbList","@id":"https:\/\/www.olivetreehunters.com\/es\/asesoramiento-tecnico-en-destino\/#breadcrumb","itemListElement":[{"@type":"ListItem","position":1,"name":"Inicio","item":"https:\/\/www.olivetreehunters.com\/es\/"},{"@type":"ListItem","position":2,"name":"C\u00f3mo importar olivos","item":"https:\/\/www.olivetreehunters.com\/es\/como-importar-olivos\/"},{"@type":"ListItem","position":3,"name":"Asesoramiento t\u00e9cnico en destino"}]},{"@type":"WebSite","@id":"https:\/\/www.olivetreehunters.com\/es\/#website","url":"https:\/\/www.olivetreehunters.com\/es\/","name":"Olive-tree Hunters","description":"Exportamos olivos a todo el mundo","potentialAction":[{"@type":"SearchAction","target":{"@type":"EntryPoint","urlTemplate":"https:\/\/www.olivetreehunters.com\/es\/?s={search_term_string}"},"query-input":{"@type":"PropertyValueSpecification","valueRequired":true,"valueName":"search_term_string"}}],"inLanguage":"es"}]}},"_links":{"self":[{"href":"https:\/\/www.olivetreehunters.com\/es\/wp-json\/wp\/v2\/pages\/54766","targetHints":{"allow":["GET"]}}],"collection":[{"href":"https:\/\/www.olivetreehunters.com\/es\/wp-json\/wp\/v2\/pages"}],"about":[{"href":"https:\/\/www.olivetreehunters.com\/es\/wp-json\/wp\/v2\/types\/page"}],"author":[{"embeddable":true,"href":"https:\/\/www.olivetreehunters.com\/es\/wp-json\/wp\/v2\/users\/1"}],"replies":[{"embeddable":true,"href":"https:\/\/www.olivetreehunters.com\/es\/wp-json\/wp\/v2\/comments?post=54766"}],"version-history":[{"count":2,"href":"https:\/\/www.olivetreehunters.com\/es\/wp-json\/wp\/v2\/pages\/54766\/revisions"}],"predecessor-version":[{"id":56124,"href":"https:\/\/www.olivetreehunters.com\/es\/wp-json\/wp\/v2\/pages\/54766\/revisions\/56124"}],"wp:attachment":[{"href":"https:\/\/www.olivetreehunters.com\/es\/wp-json\/wp\/v2\/media?parent=54766"}],"curies":[{"name":"wp","href":"https:\/\/api.w.org\/{rel}","templated":true}]}}