{"id":54867,"date":"2019-05-24T13:38:17","date_gmt":"2019-05-24T13:38:17","guid":{"rendered":"https:\/\/www.olivetreehunters.com\/?page_id=54867"},"modified":"2020-02-24T11:33:11","modified_gmt":"2020-02-24T11:33:11","slug":"conseils-techniques-a-la-destination","status":"publish","type":"page","link":"https:\/\/www.olivetreehunters.com\/fr\/conseils-techniques-a-la-destination\/","title":{"rendered":"Conseils techniques \u00e0 la destination"},"content":{"rendered":"<div class=\"wpb-content-wrapper\"><p>[vc_row][vc_column][vc_column_text css=\u00a0\u00bb.vc_custom_1582543911518{padding-bottom: 50px !important;}\u00a0\u00bb]<\/p>\n<p style=\"text-align: center;\"><strong><span style=\"font-size: 24pt;\">Nous garantissons la bonne sant\u00e9 de nos arbres<\/span><\/strong><\/p>\n<p>[\/vc_column_text][\/vc_column][\/vc_row][vc_row][vc_column width=\u00a0\u00bb1\/2&Prime;][vc_column_text]<\/p>\n<div class=\"wpb_text_column wpb_content_element \">\n<div class=\"wpb_wrapper\">\n<p>Une fois r\u00e9aliser l\u2019achat de ses oliviers \u00e0 Olive Tree Hunters, vous profitez des conseils professionnels du d\u00e9but jusqu\u2019\u00e0 l\u2019arriv\u00e9e de l\u2019olivier \u00e0 destination.<\/p>\n<p>nos soins commencent au moment de l\u2019exp\u00e9dition de l\u2019olivier, superviser la r\u00e9ception, la r\u00e9cup\u00e9ration de la plante, la replanter \u00e0 l\u2019arriv\u00e9e et sa manutention pour le futur. S\u2019il est n\u00e9cessaire, nous nous d\u00e9pla\u00e7ons pour superviser le processus au complet.<\/p>\n<p>Vous devez comprendre que les oliviers, en arrivant \u00e0 destination, passent pour plusieurs phases :<\/p>\n<ul>\n<li><strong>R\u00e9cup\u00e9ration<\/strong> : les oliviers arriveront avec des petits bourgeons et nous devons les stimuler \u00e0 base d\u2019eau et d\u2019engrais. Nous fournissons, si vous le d\u00e9sirez, des produits biostimulants de grande effectivit\u00e9.<\/li>\n<li><strong>Adaptation<\/strong> : durant les premiers arrosages, les oliviers resteront en pot ou en maille, et nous effectuerons aussi, les premiers traitements avec les produits nutritionnels.<\/li>\n<li><strong>Plantation<\/strong> : La plantation se fera toujours avec la garantie qu\u2019il n\u2019y aura pas de pr\u00e9visions de gel\u00e9es. Les temp\u00e9ratures optimales de plantations sont entre 7 et 30\u00baC. Pour cela, nous devons utiliser la propre terre v\u00e9g\u00e9tale de l\u2019int\u00e9rieur du trou. Avec cette terre, nous remplirons celui-ci laissant un puit autour du tronc pour de futurs arrosages.<\/li>\n<\/ul>\n<p>Une fois l\u2019olivier transplant\u00e9, il faut l\u2019arroser, ind\u00e9pendamment que la terre soit humide ou no. Un premier arrosage copieux moment de la plantation, nous assurant que l\u2019eau arrivera tout autour du motte grillag\u00e9e, est fondamental pour \u00e9viter la d\u00e9shydratation de l\u2019olivier.<\/p>\n<\/div>\n<\/div>\n<p>[\/vc_column_text][\/vc_column][vc_column width=\u00a0\u00bb1\/2&Prime;]<style type=\"text\/css\" data-type=\"the7_shortcodes-inline-css\">.gallery-shortcode.gallery-masonry-shortcode-id-4841d9f0c4a80e7f1f1c8dec982c1593 figure,\n.gallery-shortcode.gallery-masonry-shortcode-id-4841d9f0c4a80e7f1f1c8dec982c1593 .rollover,\n.gallery-shortcode.gallery-masonry-shortcode-id-4841d9f0c4a80e7f1f1c8dec982c1593 img,\n.gallery-shortcode.gallery-masonry-shortcode-id-4841d9f0c4a80e7f1f1c8dec982c1593 .gallery-rollover {\n  border-radius: 0px;\n}\n.gallery-shortcode.gallery-masonry-shortcode-id-4841d9f0c4a80e7f1f1c8dec982c1593.enable-bg-rollover .gallery-rollover {\n  background: -webkit-linear-gradient();\n  background: linear-gradient();\n}\n.gallery-shortcode.gallery-masonry-shortcode-id-4841d9f0c4a80e7f1f1c8dec982c1593.enable-bg-rollover.hover-scale figure .rollover:after {\n  background: -webkit-linear-gradient();\n  background: linear-gradient();\n}\n.gallery-shortcode.gallery-masonry-shortcode-id-4841d9f0c4a80e7f1f1c8dec982c1593 .gallery-zoom-ico {\n  width: 44px;\n  height: 44px;\n  line-height: 44px;\n  border-radius: 100px;\n  margin: -22px 0 0 -22px;\n  border-width: 0px;\n  color: #ffffff;\n}\n.dt-icon-bg-on.gallery-shortcode.gallery-masonry-shortcode-id-4841d9f0c4a80e7f1f1c8dec982c1593 .gallery-zoom-ico {\n  background: rgba(255,255,255,0.3);\n  box-shadow: none;\n}\n.gallery-shortcode.gallery-masonry-shortcode-id-4841d9f0c4a80e7f1f1c8dec982c1593 .gallery-zoom-ico:before,\n.gallery-shortcode.gallery-masonry-shortcode-id-4841d9f0c4a80e7f1f1c8dec982c1593 .gallery-zoom-ico span {\n  font-size: 32px;\n  line-height: 44px;\n  color: #ffffff;\n}\n.gallery-shortcode.gallery-masonry-shortcode-id-4841d9f0c4a80e7f1f1c8dec982c1593:not(.resize-by-browser-width) .dt-css-grid {\n  grid-row-gap: 10px;\n  grid-column-gap: 10px;\n  grid-template-columns: repeat(auto-fill,minmax(,1fr));\n}\n.gallery-shortcode.gallery-masonry-shortcode-id-4841d9f0c4a80e7f1f1c8dec982c1593:not(.resize-by-browser-width) .dt-css-grid .double-width {\n  grid-column: span 2;\n}\n.cssgridlegacy.no-cssgrid .gallery-shortcode.gallery-masonry-shortcode-id-4841d9f0c4a80e7f1f1c8dec982c1593:not(.resize-by-browser-width) .dt-css-grid,\n.no-cssgridlegacy.no-cssgrid .gallery-shortcode.gallery-masonry-shortcode-id-4841d9f0c4a80e7f1f1c8dec982c1593:not(.resize-by-browser-width) .dt-css-grid {\n  display: flex;\n  flex-flow: row wrap;\n  margin: -5px;\n}\n.cssgridlegacy.no-cssgrid .gallery-shortcode.gallery-masonry-shortcode-id-4841d9f0c4a80e7f1f1c8dec982c1593:not(.resize-by-browser-width) .dt-css-grid .wf-cell,\n.no-cssgridlegacy.no-cssgrid .gallery-shortcode.gallery-masonry-shortcode-id-4841d9f0c4a80e7f1f1c8dec982c1593:not(.resize-by-browser-width) .dt-css-grid .wf-cell {\n  flex: 1 0 ;\n  max-width: 100%;\n  padding: 5px;\n  box-sizing: border-box;\n}\n.gallery-shortcode.gallery-masonry-shortcode-id-4841d9f0c4a80e7f1f1c8dec982c1593.resize-by-browser-width .dt-css-grid {\n  grid-template-columns: repeat(2,1fr);\n  grid-template-rows: auto;\n  grid-column-gap: 10px;\n  grid-row-gap: 10px;\n}\n.gallery-shortcode.gallery-masonry-shortcode-id-4841d9f0c4a80e7f1f1c8dec982c1593.resize-by-browser-width .dt-css-grid .double-width {\n  grid-column: span 2;\n}\n.cssgridlegacy.no-cssgrid .gallery-shortcode.gallery-masonry-shortcode-id-4841d9f0c4a80e7f1f1c8dec982c1593.resize-by-browser-width .dt-css-grid {\n  margin: -5px;\n}\n.cssgridlegacy.no-cssgrid .gallery-shortcode.gallery-masonry-shortcode-id-4841d9f0c4a80e7f1f1c8dec982c1593.resize-by-browser-width .dt-css-grid .wf-cell {\n  width: 50%;\n  padding: 5px;\n}\n.cssgridlegacy.no-cssgrid .gallery-shortcode.gallery-masonry-shortcode-id-4841d9f0c4a80e7f1f1c8dec982c1593.resize-by-browser-width .dt-css-grid .wf-cell.double-width {\n  width: calc(50%) * 2;\n}\n.gallery-shortcode.gallery-masonry-shortcode-id-4841d9f0c4a80e7f1f1c8dec982c1593.resize-by-browser-width:not(.centered-layout-list):not(.content-bg-on) .dt-css-grid {\n  grid-row-gap: 10px - ;\n}\n@media screen and (max-width: 1199px) {\n  .gallery-shortcode.gallery-masonry-shortcode-id-4841d9f0c4a80e7f1f1c8dec982c1593.resize-by-browser-width .dt-css-grid {\n    grid-template-columns: repeat(2,1fr);\n  }\n  .cssgridlegacy.no-cssgrid .gallery-shortcode.gallery-masonry-shortcode-id-4841d9f0c4a80e7f1f1c8dec982c1593.resize-by-browser-width .dt-css-grid .wf-cell,\n  .no-cssgridlegacy.no-cssgrid .gallery-shortcode.gallery-masonry-shortcode-id-4841d9f0c4a80e7f1f1c8dec982c1593.resize-by-browser-width .dt-css-grid .wf-cell {\n    width: 50%;\n  }\n  .cssgridlegacy.no-cssgrid .gallery-shortcode.gallery-masonry-shortcode-id-4841d9f0c4a80e7f1f1c8dec982c1593.resize-by-browser-width .dt-css-grid .wf-cell.double-width,\n  .no-cssgridlegacy.no-cssgrid .gallery-shortcode.gallery-masonry-shortcode-id-4841d9f0c4a80e7f1f1c8dec982c1593.resize-by-browser-width .dt-css-grid .wf-cell.double-width {\n    width: calc(50%)*2;\n  }\n}\n@media screen and (max-width: 991px) {\n  .gallery-shortcode.gallery-masonry-shortcode-id-4841d9f0c4a80e7f1f1c8dec982c1593.resize-by-browser-width .dt-css-grid {\n    grid-template-columns: repeat(2,1fr);\n  }\n  .cssgridlegacy.no-cssgrid .gallery-shortcode.gallery-masonry-shortcode-id-4841d9f0c4a80e7f1f1c8dec982c1593.resize-by-browser-width .dt-css-grid .wf-cell,\n  .no-cssgridlegacy.no-cssgrid .gallery-shortcode.gallery-masonry-shortcode-id-4841d9f0c4a80e7f1f1c8dec982c1593.resize-by-browser-width .dt-css-grid .wf-cell {\n    width: 50%;\n  }\n  .cssgridlegacy.no-cssgrid .gallery-shortcode.gallery-masonry-shortcode-id-4841d9f0c4a80e7f1f1c8dec982c1593.resize-by-browser-width .dt-css-grid .wf-cell.double-width,\n  .no-cssgridlegacy.no-cssgrid .gallery-shortcode.gallery-masonry-shortcode-id-4841d9f0c4a80e7f1f1c8dec982c1593.resize-by-browser-width .dt-css-grid .wf-cell.double-width {\n    width: calc(50%)*2;\n  }\n}\n@media screen and (max-width: 767px) {\n  .gallery-shortcode.gallery-masonry-shortcode-id-4841d9f0c4a80e7f1f1c8dec982c1593.resize-by-browser-width .dt-css-grid {\n    grid-template-columns: repeat(2,1fr);\n  }\n  .cssgridlegacy.no-cssgrid .gallery-shortcode.gallery-masonry-shortcode-id-4841d9f0c4a80e7f1f1c8dec982c1593.resize-by-browser-width .dt-css-grid .wf-cell,\n  .no-cssgridlegacy.no-cssgrid .gallery-shortcode.gallery-masonry-shortcode-id-4841d9f0c4a80e7f1f1c8dec982c1593.resize-by-browser-width .dt-css-grid .wf-cell {\n    width: 50%;\n  }\n  .cssgridlegacy.no-cssgrid .gallery-shortcode.gallery-masonry-shortcode-id-4841d9f0c4a80e7f1f1c8dec982c1593.resize-by-browser-width .dt-css-grid .wf-cell.double-width,\n  .no-cssgridlegacy.no-cssgrid .gallery-shortcode.gallery-masonry-shortcode-id-4841d9f0c4a80e7f1f1c8dec982c1593.resize-by-browser-width .dt-css-grid .wf-cell.double-width {\n    width: calc(50%)*2;\n  }\n}<\/style><div class=\"gallery-shortcode dt-gallery-container gallery-masonry-shortcode-id-4841d9f0c4a80e7f1f1c8dec982c1593 mode-masonry jquery-filter dt-icon-bg-off resize-by-browser-width  hover-fade loading-effect-none description-on-hover\" data-padding=\"5px\" data-cur-page=\"1\" data-post-limit=\"-1\" data-pagination-mode=\"none\" data-desktop-columns-num=\"2\" data-v-tablet-columns-num=\"2\" data-h-tablet-columns-num=\"2\" data-phone-columns-num=\"2\" data-width=\"0px\" data-columns=\"0\"><div class=\"iso-container\" ><div class=\"wf-cell iso-item\" data-post-id=\"56119\" data-date=\"2020-02-24T11:25:51+00:00\" data-name=\"Olea Europaea 157\"><figure class=\"post visible\"><a href=\"https:\/\/www.olivetreehunters.com\/wp-content\/uploads\/2020\/02\/Plantacio\u0301n.jpeg\" class=\"rollover dt-pswp-item layzr-bg\" data-large_image_width=\"1599\" data-large_image_height=\"899\" data-dt-img-description=\"\" title=\"Olea Europaea 157\"><img fetchpriority=\"high\" decoding=\"async\" class=\"preload-me iso-lazy-load aspect\" src=\"data:image\/svg+xml,%3Csvg%20xmlns%3D&#39;http%3A%2F%2Fwww.w3.org%2F2000%2Fsvg&#39;%20viewBox%3D&#39;0%200%20490%20275&#39;%2F%3E\" data-src=\"https:\/\/www.olivetreehunters.com\/wp-content\/uploads\/2020\/02\/Plantacio\u0301n-490x275.jpeg\" data-srcset=\"https:\/\/www.olivetreehunters.com\/wp-content\/uploads\/2020\/02\/Plantacio\u0301n-490x275.jpeg 490w, https:\/\/www.olivetreehunters.com\/wp-content\/uploads\/2020\/02\/Plantacio\u0301n-735x413.jpeg 735w\" loading=\"eager\" style=\"--ratio: 490 \/ 275\" sizes=\"(max-width: 490px) 100vw, 490px\" alt=\"\" width=\"490\" height=\"275\"  \/><span class=\"gallery-rollover\"><\/span><\/a><\/figure><\/div><div class=\"wf-cell iso-item\" data-post-id=\"56116\" data-date=\"2020-02-24T11:25:47+00:00\" data-name=\"Olea Europaea 158\"><figure class=\"post visible\"><a href=\"https:\/\/www.olivetreehunters.com\/wp-content\/uploads\/2020\/02\/Olivo-en-fibra-de-coco.jpg\" class=\"rollover dt-pswp-item layzr-bg\" data-large_image_width=\"1599\" data-large_image_height=\"899\" data-dt-img-description=\"\" title=\"Olea Europaea 158\"><img decoding=\"async\" class=\"preload-me iso-lazy-load aspect\" src=\"data:image\/svg+xml,%3Csvg%20xmlns%3D&#39;http%3A%2F%2Fwww.w3.org%2F2000%2Fsvg&#39;%20viewBox%3D&#39;0%200%20490%20275&#39;%2F%3E\" data-src=\"https:\/\/www.olivetreehunters.com\/wp-content\/uploads\/2020\/02\/Olivo-en-fibra-de-coco-490x275.jpg\" data-srcset=\"https:\/\/www.olivetreehunters.com\/wp-content\/uploads\/2020\/02\/Olivo-en-fibra-de-coco-490x275.jpg 490w, https:\/\/www.olivetreehunters.com\/wp-content\/uploads\/2020\/02\/Olivo-en-fibra-de-coco-735x413.jpg 735w\" loading=\"eager\" style=\"--ratio: 490 \/ 275\" sizes=\"(max-width: 490px) 100vw, 490px\" alt=\"\" width=\"490\" height=\"275\"  \/><span class=\"gallery-rollover\"><\/span><\/a><\/figure><\/div><div class=\"wf-cell iso-item\" data-post-id=\"56113\" data-date=\"2020-02-24T11:25:45+00:00\" data-name=\"Olea Europaea 159\"><figure class=\"post visible\"><a href=\"https:\/\/www.olivetreehunters.com\/wp-content\/uploads\/2020\/02\/Oleas-sin-hojas.jpg\" class=\"rollover dt-pswp-item layzr-bg\" data-large_image_width=\"1024\" data-large_image_height=\"768\" data-dt-img-description=\"\" title=\"Olea Europaea 159\"><img decoding=\"async\" class=\"preload-me iso-lazy-load aspect\" src=\"data:image\/svg+xml,%3Csvg%20xmlns%3D&#39;http%3A%2F%2Fwww.w3.org%2F2000%2Fsvg&#39;%20viewBox%3D&#39;0%200%20490%20368&#39;%2F%3E\" data-src=\"https:\/\/www.olivetreehunters.com\/wp-content\/uploads\/2020\/02\/Oleas-sin-hojas-490x368.jpg\" data-srcset=\"https:\/\/www.olivetreehunters.com\/wp-content\/uploads\/2020\/02\/Oleas-sin-hojas-490x368.jpg 490w, https:\/\/www.olivetreehunters.com\/wp-content\/uploads\/2020\/02\/Oleas-sin-hojas-735x552.jpg 735w\" loading=\"eager\" style=\"--ratio: 490 \/ 368\" sizes=\"(max-width: 490px) 100vw, 490px\" alt=\"\" width=\"490\" height=\"368\"  \/><span class=\"gallery-rollover\"><\/span><\/a><\/figure><\/div><div class=\"wf-cell iso-item\" data-post-id=\"56110\" data-date=\"2020-02-24T11:25:44+00:00\" data-name=\"Olea Europaea 160\"><figure class=\"post visible\"><a href=\"https:\/\/www.olivetreehunters.com\/wp-content\/uploads\/2020\/02\/Oleas-sin-hojas-2.jpg\" class=\"rollover dt-pswp-item layzr-bg\" data-large_image_width=\"1024\" data-large_image_height=\"768\" data-dt-img-description=\"\" title=\"Olea Europaea 160\"><img decoding=\"async\" class=\"preload-me iso-lazy-load aspect\" src=\"data:image\/svg+xml,%3Csvg%20xmlns%3D&#39;http%3A%2F%2Fwww.w3.org%2F2000%2Fsvg&#39;%20viewBox%3D&#39;0%200%20490%20368&#39;%2F%3E\" data-src=\"https:\/\/www.olivetreehunters.com\/wp-content\/uploads\/2020\/02\/Oleas-sin-hojas-2-490x368.jpg\" data-srcset=\"https:\/\/www.olivetreehunters.com\/wp-content\/uploads\/2020\/02\/Oleas-sin-hojas-2-490x368.jpg 490w, https:\/\/www.olivetreehunters.com\/wp-content\/uploads\/2020\/02\/Oleas-sin-hojas-2-735x552.jpg 735w\" loading=\"eager\" style=\"--ratio: 490 \/ 368\" sizes=\"(max-width: 490px) 100vw, 490px\" alt=\"\" width=\"490\" height=\"368\"  \/><span class=\"gallery-rollover\"><\/span><\/a><\/figure><\/div><div class=\"wf-cell iso-item\" data-post-id=\"56107\" data-date=\"2020-02-24T11:25:42+00:00\" data-name=\"Olea Europaea 161\"><figure class=\"post visible\"><a href=\"https:\/\/www.olivetreehunters.com\/wp-content\/uploads\/2020\/02\/Olea-contenedor.jpg\" class=\"rollover dt-pswp-item layzr-bg\" data-large_image_width=\"640\" data-large_image_height=\"480\" data-dt-img-description=\"\" title=\"Olea Europaea 161\"><img decoding=\"async\" class=\"preload-me iso-lazy-load aspect\" src=\"data:image\/svg+xml,%3Csvg%20xmlns%3D&#39;http%3A%2F%2Fwww.w3.org%2F2000%2Fsvg&#39;%20viewBox%3D&#39;0%200%20490%20368&#39;%2F%3E\" data-src=\"https:\/\/www.olivetreehunters.com\/wp-content\/uploads\/2020\/02\/Olea-contenedor-490x368.jpg\" data-srcset=\"https:\/\/www.olivetreehunters.com\/wp-content\/uploads\/2020\/02\/Olea-contenedor-490x368.jpg 490w, https:\/\/www.olivetreehunters.com\/wp-content\/uploads\/2020\/02\/Olea-contenedor.jpg 639w\" loading=\"eager\" style=\"--ratio: 490 \/ 368\" sizes=\"(max-width: 490px) 100vw, 490px\" alt=\"\" width=\"490\" height=\"368\"  \/><span class=\"gallery-rollover\"><\/span><\/a><\/figure><\/div><\/div><!-- iso-container|iso-grid --><\/div>[\/vc_column][\/vc_row]<\/p>\n<\/div>","protected":false},"excerpt":{"rendered":"<p>[vc_row][vc_column][vc_column_text css=\u00a0\u00bb.vc_custom_1582543911518{padding-bottom: 50px !important;}\u00a0\u00bb] Nous garantissons la bonne sant\u00e9 de nos arbres [\/vc_column_text][\/vc_column][\/vc_row][vc_row][vc_column width=\u00a0\u00bb1\/2&Prime;][vc_column_text] Une fois r\u00e9aliser l\u2019achat de ses oliviers \u00e0 Olive Tree Hunters, vous profitez des conseils professionnels du d\u00e9but jusqu\u2019\u00e0 l\u2019arriv\u00e9e de l\u2019olivier \u00e0 destination. nos soins commencent au moment de l\u2019exp\u00e9dition de l\u2019olivier, superviser la r\u00e9ception, la r\u00e9cup\u00e9ration de la plante,&hellip;<\/p>\n","protected":false},"author":1,"featured_media":0,"parent":0,"menu_order":0,"comment_status":"closed","ping_status":"closed","template":"","meta":{"footnotes":""},"class_list":["post-54867","page","type-page","status-publish","hentry","description-off"],"yoast_head":"<!-- This site is optimized with the Yoast SEO plugin v27.5 - https:\/\/yoast.com\/product\/yoast-seo-wordpress\/ -->\n<title>Conseils techniques \u00e0 la destination | Olive-tree Hunters<\/title>\n<meta name=\"robots\" content=\"index, follow, max-snippet:-1, max-image-preview:large, max-video-preview:-1\" \/>\n<link rel=\"canonical\" href=\"https:\/\/www.olivetreehunters.com\/fr\/conseils-techniques-a-la-destination\/\" \/>\n<meta property=\"og:locale\" content=\"fr_FR\" \/>\n<meta property=\"og:type\" content=\"article\" \/>\n<meta property=\"og:title\" content=\"Conseils techniques \u00e0 la destination | Olive-tree Hunters\" \/>\n<meta property=\"og:description\" content=\"[vc_row][vc_column][vc_column_text css=\u00a0\u00bb.vc_custom_1582543911518{padding-bottom: 50px !important;}\u00a0\u00bb] Nous garantissons la bonne sant\u00e9 de nos arbres [\/vc_column_text][\/vc_column][\/vc_row][vc_row][vc_column width=\u00a0\u00bb1\/2&Prime;][vc_column_text] Une fois r\u00e9aliser l\u2019achat de ses oliviers \u00e0 Olive Tree Hunters, vous profitez des conseils professionnels du d\u00e9but jusqu\u2019\u00e0 l\u2019arriv\u00e9e de l\u2019olivier \u00e0 destination. nos soins commencent au moment de l\u2019exp\u00e9dition de l\u2019olivier, superviser la r\u00e9ception, la r\u00e9cup\u00e9ration de la plante,&hellip;\" \/>\n<meta property=\"og:url\" content=\"https:\/\/www.olivetreehunters.com\/fr\/conseils-techniques-a-la-destination\/\" \/>\n<meta property=\"og:site_name\" content=\"Olive-tree Hunters\" \/>\n<meta property=\"article:publisher\" content=\"https:\/\/www.facebook.com\/Olive-Tree-Hunters-1085204018293771\/?modal=admin_todo_tour\" \/>\n<meta property=\"article:modified_time\" content=\"2020-02-24T11:33:11+00:00\" \/>\n<meta name=\"twitter:card\" content=\"summary_large_image\" \/>\n<meta name=\"twitter:label1\" content=\"Dur\u00e9e de lecture estim\u00e9e\" \/>\n\t<meta name=\"twitter:data1\" content=\"2 minutes\" \/>\n<script type=\"application\/ld+json\" class=\"yoast-schema-graph\">{\"@context\":\"https:\\\/\\\/schema.org\",\"@graph\":[{\"@type\":\"WebPage\",\"@id\":\"https:\\\/\\\/www.olivetreehunters.com\\\/fr\\\/conseils-techniques-a-la-destination\\\/\",\"url\":\"https:\\\/\\\/www.olivetreehunters.com\\\/fr\\\/conseils-techniques-a-la-destination\\\/\",\"name\":\"Conseils techniques \u00e0 la destination | Olive-tree Hunters\",\"isPartOf\":{\"@id\":\"https:\\\/\\\/www.olivetreehunters.com\\\/fr\\\/#website\"},\"datePublished\":\"2019-05-24T13:38:17+00:00\",\"dateModified\":\"2020-02-24T11:33:11+00:00\",\"breadcrumb\":{\"@id\":\"https:\\\/\\\/www.olivetreehunters.com\\\/fr\\\/conseils-techniques-a-la-destination\\\/#breadcrumb\"},\"inLanguage\":\"fr-FR\",\"potentialAction\":[{\"@type\":\"ReadAction\",\"target\":[\"https:\\\/\\\/www.olivetreehunters.com\\\/fr\\\/conseils-techniques-a-la-destination\\\/\"]}]},{\"@type\":\"BreadcrumbList\",\"@id\":\"https:\\\/\\\/www.olivetreehunters.com\\\/fr\\\/conseils-techniques-a-la-destination\\\/#breadcrumb\",\"itemListElement\":[{\"@type\":\"ListItem\",\"position\":1,\"name\":\"Accueil\",\"item\":\"https:\\\/\\\/www.olivetreehunters.com\\\/fr\\\/\"},{\"@type\":\"ListItem\",\"position\":2,\"name\":\"Conseils techniques \u00e0 la destination\"}]},{\"@type\":\"WebSite\",\"@id\":\"https:\\\/\\\/www.olivetreehunters.com\\\/fr\\\/#website\",\"url\":\"https:\\\/\\\/www.olivetreehunters.com\\\/fr\\\/\",\"name\":\"Olive-tree Hunters\",\"description\":\"Exportamos olivos a todo el mundo\",\"potentialAction\":[{\"@type\":\"SearchAction\",\"target\":{\"@type\":\"EntryPoint\",\"urlTemplate\":\"https:\\\/\\\/www.olivetreehunters.com\\\/fr\\\/?s={search_term_string}\"},\"query-input\":{\"@type\":\"PropertyValueSpecification\",\"valueRequired\":true,\"valueName\":\"search_term_string\"}}],\"inLanguage\":\"fr-FR\"}]}<\/script>\n<!-- \/ Yoast SEO plugin. -->","yoast_head_json":{"title":"Conseils techniques \u00e0 la destination | Olive-tree Hunters","robots":{"index":"index","follow":"follow","max-snippet":"max-snippet:-1","max-image-preview":"max-image-preview:large","max-video-preview":"max-video-preview:-1"},"canonical":"https:\/\/www.olivetreehunters.com\/fr\/conseils-techniques-a-la-destination\/","og_locale":"fr_FR","og_type":"article","og_title":"Conseils techniques \u00e0 la destination | Olive-tree Hunters","og_description":"[vc_row][vc_column][vc_column_text css=\u00a0\u00bb.vc_custom_1582543911518{padding-bottom: 50px !important;}\u00a0\u00bb] Nous garantissons la bonne sant\u00e9 de nos arbres [\/vc_column_text][\/vc_column][\/vc_row][vc_row][vc_column width=\u00a0\u00bb1\/2&Prime;][vc_column_text] Une fois r\u00e9aliser l\u2019achat de ses oliviers \u00e0 Olive Tree Hunters, vous profitez des conseils professionnels du d\u00e9but jusqu\u2019\u00e0 l\u2019arriv\u00e9e de l\u2019olivier \u00e0 destination. nos soins commencent au moment de l\u2019exp\u00e9dition de l\u2019olivier, superviser la r\u00e9ception, la r\u00e9cup\u00e9ration de la plante,&hellip;","og_url":"https:\/\/www.olivetreehunters.com\/fr\/conseils-techniques-a-la-destination\/","og_site_name":"Olive-tree Hunters","article_publisher":"https:\/\/www.facebook.com\/Olive-Tree-Hunters-1085204018293771\/?modal=admin_todo_tour","article_modified_time":"2020-02-24T11:33:11+00:00","twitter_card":"summary_large_image","twitter_misc":{"Dur\u00e9e de lecture estim\u00e9e":"2 minutes"},"schema":{"@context":"https:\/\/schema.org","@graph":[{"@type":"WebPage","@id":"https:\/\/www.olivetreehunters.com\/fr\/conseils-techniques-a-la-destination\/","url":"https:\/\/www.olivetreehunters.com\/fr\/conseils-techniques-a-la-destination\/","name":"Conseils techniques \u00e0 la destination | Olive-tree Hunters","isPartOf":{"@id":"https:\/\/www.olivetreehunters.com\/fr\/#website"},"datePublished":"2019-05-24T13:38:17+00:00","dateModified":"2020-02-24T11:33:11+00:00","breadcrumb":{"@id":"https:\/\/www.olivetreehunters.com\/fr\/conseils-techniques-a-la-destination\/#breadcrumb"},"inLanguage":"fr-FR","potentialAction":[{"@type":"ReadAction","target":["https:\/\/www.olivetreehunters.com\/fr\/conseils-techniques-a-la-destination\/"]}]},{"@type":"BreadcrumbList","@id":"https:\/\/www.olivetreehunters.com\/fr\/conseils-techniques-a-la-destination\/#breadcrumb","itemListElement":[{"@type":"ListItem","position":1,"name":"Accueil","item":"https:\/\/www.olivetreehunters.com\/fr\/"},{"@type":"ListItem","position":2,"name":"Conseils techniques \u00e0 la destination"}]},{"@type":"WebSite","@id":"https:\/\/www.olivetreehunters.com\/fr\/#website","url":"https:\/\/www.olivetreehunters.com\/fr\/","name":"Olive-tree Hunters","description":"Exportamos olivos a todo el mundo","potentialAction":[{"@type":"SearchAction","target":{"@type":"EntryPoint","urlTemplate":"https:\/\/www.olivetreehunters.com\/fr\/?s={search_term_string}"},"query-input":{"@type":"PropertyValueSpecification","valueRequired":true,"valueName":"search_term_string"}}],"inLanguage":"fr-FR"}]}},"_links":{"self":[{"href":"https:\/\/www.olivetreehunters.com\/fr\/wp-json\/wp\/v2\/pages\/54867","targetHints":{"allow":["GET"]}}],"collection":[{"href":"https:\/\/www.olivetreehunters.com\/fr\/wp-json\/wp\/v2\/pages"}],"about":[{"href":"https:\/\/www.olivetreehunters.com\/fr\/wp-json\/wp\/v2\/types\/page"}],"author":[{"embeddable":true,"href":"https:\/\/www.olivetreehunters.com\/fr\/wp-json\/wp\/v2\/users\/1"}],"replies":[{"embeddable":true,"href":"https:\/\/www.olivetreehunters.com\/fr\/wp-json\/wp\/v2\/comments?post=54867"}],"version-history":[{"count":3,"href":"https:\/\/www.olivetreehunters.com\/fr\/wp-json\/wp\/v2\/pages\/54867\/revisions"}],"predecessor-version":[{"id":56123,"href":"https:\/\/www.olivetreehunters.com\/fr\/wp-json\/wp\/v2\/pages\/54867\/revisions\/56123"}],"wp:attachment":[{"href":"https:\/\/www.olivetreehunters.com\/fr\/wp-json\/wp\/v2\/media?parent=54867"}],"curies":[{"name":"wp","href":"https:\/\/api.w.org\/{rel}","templated":true}]}}