{"id":54868,"date":"2019-05-24T13:39:17","date_gmt":"2019-05-24T13:39:17","guid":{"rendered":"https:\/\/www.olivetreehunters.com\/?page_id=54868"},"modified":"2020-02-24T11:18:30","modified_gmt":"2020-02-24T11:18:30","slug":"localisation-et-selection","status":"publish","type":"page","link":"https:\/\/www.olivetreehunters.com\/fr\/localisation-et-selection\/","title":{"rendered":"Localisation et s\u00e9lection"},"content":{"rendered":"<div class=\"wpb-content-wrapper\"><p>[vc_row][vc_column][vc_column_text css=\u00a0\u00bb.vc_custom_1582543105233{padding-bottom: 50px !important;}\u00a0\u00bb]<\/p>\n<p style=\"text-align: center;\"><strong><span style=\"font-size: 24pt;\">Localisation &amp; S\u00e9lection<\/span><\/strong><\/p>\n<p>[\/vc_column_text][\/vc_column][\/vc_row][vc_row][vc_column width=\u00a0\u00bb1\/2&Prime;][vc_column_text]<\/p>\n<div class=\"wpb_text_column wpb_content_element \">\n<div class=\"wpb_wrapper\">\n<p>Gr\u00e2ce \u00e0 notre lieu strat\u00e9gique et \u00e0 notre profonde connaissance des zones de grandes plantations d\u2019oliviers du monde, nous avons la capacit\u00e9 d\u2019offrir \u00e0 nos clients les exemplaires que mieux s\u2019adaptent \u00e0 chaque lieu<\/p>\n<p>Chaque olivier est une pi\u00e8ce unique, et pour cela, il est n\u00e9cessaire des experts professionnels qui sachent localiser les meilleurs oliviers disponibles pour exporter. Nous autres, gr\u00e2ce \u00e0 plus de 15 ans d\u2019exp\u00e9rience dans le secteur, nous connaissons en d\u00e9tail o\u00f9 trouver tout type d\u2019oliviers, partant par oliviers mill\u00e9naires, aux oliviers centenaires avec des formes attractives et aussi des jeunes oliviers avec des prix abordables.<\/p>\n<p>Contactez avec\u00a0 nous et nous vous pr\u00e9senterons, sans compromis, une s\u00e9lection d\u2019oliviers de mani\u00e8re agile et rapide. En plus, si vous avez le temps de venir nous visiter en Espagne, nous vous organiserons un tour pour les diff\u00e9rents endroits pour que\u00a0 vous puissiez vous-m\u00eame choisir, les oliviers qui s\u2019adaptent le mieux \u00e0 vos n\u00e9cessit\u00e9es.<\/p>\n<\/div>\n<\/div>\n<p>[\/vc_column_text][\/vc_column][vc_column width=\u00a0\u00bb1\/2&Prime;][vc_single_image image=\u00a0\u00bb56094&Prime; img_size=\u00a0\u00bbfull\u00a0\u00bb][\/vc_column][\/vc_row]<\/p>\n<\/div>","protected":false},"excerpt":{"rendered":"<p>[vc_row][vc_column][vc_column_text css=\u00a0\u00bb.vc_custom_1582543105233{padding-bottom: 50px !important;}\u00a0\u00bb] Localisation &amp; S\u00e9lection [\/vc_column_text][\/vc_column][\/vc_row][vc_row][vc_column width=\u00a0\u00bb1\/2&Prime;][vc_column_text] Gr\u00e2ce \u00e0 notre lieu strat\u00e9gique et \u00e0 notre profonde connaissance des zones de grandes plantations d\u2019oliviers du monde, nous avons la capacit\u00e9 d\u2019offrir \u00e0 nos clients les exemplaires que mieux s\u2019adaptent \u00e0 chaque lieu Chaque olivier est une pi\u00e8ce unique, et pour cela, il est n\u00e9cessaire&hellip;<\/p>\n","protected":false},"author":1,"featured_media":0,"parent":0,"menu_order":0,"comment_status":"closed","ping_status":"closed","template":"","meta":{"footnotes":""},"class_list":["post-54868","page","type-page","status-publish","hentry","description-off"],"yoast_head":"<!-- This site is optimized with the Yoast SEO plugin v27.5 - https:\/\/yoast.com\/product\/yoast-seo-wordpress\/ -->\n<title>Localisation et s\u00e9lection | Olive-tree Hunters<\/title>\n<meta name=\"robots\" content=\"index, follow, max-snippet:-1, max-image-preview:large, max-video-preview:-1\" \/>\n<link rel=\"canonical\" href=\"https:\/\/www.olivetreehunters.com\/fr\/localisation-et-selection\/\" \/>\n<meta property=\"og:locale\" content=\"fr_FR\" \/>\n<meta property=\"og:type\" content=\"article\" \/>\n<meta property=\"og:title\" content=\"Localisation et s\u00e9lection | Olive-tree Hunters\" \/>\n<meta property=\"og:description\" content=\"[vc_row][vc_column][vc_column_text css=\u00a0\u00bb.vc_custom_1582543105233{padding-bottom: 50px !important;}\u00a0\u00bb] Localisation &amp; S\u00e9lection [\/vc_column_text][\/vc_column][\/vc_row][vc_row][vc_column width=\u00a0\u00bb1\/2&Prime;][vc_column_text] Gr\u00e2ce \u00e0 notre lieu strat\u00e9gique et \u00e0 notre profonde connaissance des zones de grandes plantations d\u2019oliviers du monde, nous avons la capacit\u00e9 d\u2019offrir \u00e0 nos clients les exemplaires que mieux s\u2019adaptent \u00e0 chaque lieu Chaque olivier est une pi\u00e8ce unique, et pour cela, il est n\u00e9cessaire&hellip;\" \/>\n<meta property=\"og:url\" content=\"https:\/\/www.olivetreehunters.com\/fr\/localisation-et-selection\/\" \/>\n<meta property=\"og:site_name\" content=\"Olive-tree Hunters\" \/>\n<meta property=\"article:publisher\" content=\"https:\/\/www.facebook.com\/Olive-Tree-Hunters-1085204018293771\/?modal=admin_todo_tour\" \/>\n<meta property=\"article:modified_time\" content=\"2020-02-24T11:18:30+00:00\" \/>\n<meta name=\"twitter:card\" content=\"summary_large_image\" \/>\n<meta name=\"twitter:label1\" content=\"Dur\u00e9e de lecture estim\u00e9e\" \/>\n\t<meta name=\"twitter:data1\" content=\"1 minute\" \/>\n<script type=\"application\/ld+json\" class=\"yoast-schema-graph\">{\"@context\":\"https:\\\/\\\/schema.org\",\"@graph\":[{\"@type\":\"WebPage\",\"@id\":\"https:\\\/\\\/www.olivetreehunters.com\\\/fr\\\/localisation-et-selection\\\/\",\"url\":\"https:\\\/\\\/www.olivetreehunters.com\\\/fr\\\/localisation-et-selection\\\/\",\"name\":\"Localisation et s\u00e9lection | Olive-tree Hunters\",\"isPartOf\":{\"@id\":\"https:\\\/\\\/www.olivetreehunters.com\\\/fr\\\/#website\"},\"datePublished\":\"2019-05-24T13:39:17+00:00\",\"dateModified\":\"2020-02-24T11:18:30+00:00\",\"breadcrumb\":{\"@id\":\"https:\\\/\\\/www.olivetreehunters.com\\\/fr\\\/localisation-et-selection\\\/#breadcrumb\"},\"inLanguage\":\"fr-FR\",\"potentialAction\":[{\"@type\":\"ReadAction\",\"target\":[\"https:\\\/\\\/www.olivetreehunters.com\\\/fr\\\/localisation-et-selection\\\/\"]}]},{\"@type\":\"BreadcrumbList\",\"@id\":\"https:\\\/\\\/www.olivetreehunters.com\\\/fr\\\/localisation-et-selection\\\/#breadcrumb\",\"itemListElement\":[{\"@type\":\"ListItem\",\"position\":1,\"name\":\"Accueil\",\"item\":\"https:\\\/\\\/www.olivetreehunters.com\\\/fr\\\/\"},{\"@type\":\"ListItem\",\"position\":2,\"name\":\"Localisation et s\u00e9lection\"}]},{\"@type\":\"WebSite\",\"@id\":\"https:\\\/\\\/www.olivetreehunters.com\\\/fr\\\/#website\",\"url\":\"https:\\\/\\\/www.olivetreehunters.com\\\/fr\\\/\",\"name\":\"Olive-tree Hunters\",\"description\":\"Exportamos olivos a todo el mundo\",\"potentialAction\":[{\"@type\":\"SearchAction\",\"target\":{\"@type\":\"EntryPoint\",\"urlTemplate\":\"https:\\\/\\\/www.olivetreehunters.com\\\/fr\\\/?s={search_term_string}\"},\"query-input\":{\"@type\":\"PropertyValueSpecification\",\"valueRequired\":true,\"valueName\":\"search_term_string\"}}],\"inLanguage\":\"fr-FR\"}]}<\/script>\n<!-- \/ Yoast SEO plugin. -->","yoast_head_json":{"title":"Localisation et s\u00e9lection | Olive-tree Hunters","robots":{"index":"index","follow":"follow","max-snippet":"max-snippet:-1","max-image-preview":"max-image-preview:large","max-video-preview":"max-video-preview:-1"},"canonical":"https:\/\/www.olivetreehunters.com\/fr\/localisation-et-selection\/","og_locale":"fr_FR","og_type":"article","og_title":"Localisation et s\u00e9lection | Olive-tree Hunters","og_description":"[vc_row][vc_column][vc_column_text css=\u00a0\u00bb.vc_custom_1582543105233{padding-bottom: 50px !important;}\u00a0\u00bb] Localisation &amp; S\u00e9lection [\/vc_column_text][\/vc_column][\/vc_row][vc_row][vc_column width=\u00a0\u00bb1\/2&Prime;][vc_column_text] Gr\u00e2ce \u00e0 notre lieu strat\u00e9gique et \u00e0 notre profonde connaissance des zones de grandes plantations d\u2019oliviers du monde, nous avons la capacit\u00e9 d\u2019offrir \u00e0 nos clients les exemplaires que mieux s\u2019adaptent \u00e0 chaque lieu Chaque olivier est une pi\u00e8ce unique, et pour cela, il est n\u00e9cessaire&hellip;","og_url":"https:\/\/www.olivetreehunters.com\/fr\/localisation-et-selection\/","og_site_name":"Olive-tree Hunters","article_publisher":"https:\/\/www.facebook.com\/Olive-Tree-Hunters-1085204018293771\/?modal=admin_todo_tour","article_modified_time":"2020-02-24T11:18:30+00:00","twitter_card":"summary_large_image","twitter_misc":{"Dur\u00e9e de lecture estim\u00e9e":"1 minute"},"schema":{"@context":"https:\/\/schema.org","@graph":[{"@type":"WebPage","@id":"https:\/\/www.olivetreehunters.com\/fr\/localisation-et-selection\/","url":"https:\/\/www.olivetreehunters.com\/fr\/localisation-et-selection\/","name":"Localisation et s\u00e9lection | Olive-tree Hunters","isPartOf":{"@id":"https:\/\/www.olivetreehunters.com\/fr\/#website"},"datePublished":"2019-05-24T13:39:17+00:00","dateModified":"2020-02-24T11:18:30+00:00","breadcrumb":{"@id":"https:\/\/www.olivetreehunters.com\/fr\/localisation-et-selection\/#breadcrumb"},"inLanguage":"fr-FR","potentialAction":[{"@type":"ReadAction","target":["https:\/\/www.olivetreehunters.com\/fr\/localisation-et-selection\/"]}]},{"@type":"BreadcrumbList","@id":"https:\/\/www.olivetreehunters.com\/fr\/localisation-et-selection\/#breadcrumb","itemListElement":[{"@type":"ListItem","position":1,"name":"Accueil","item":"https:\/\/www.olivetreehunters.com\/fr\/"},{"@type":"ListItem","position":2,"name":"Localisation et s\u00e9lection"}]},{"@type":"WebSite","@id":"https:\/\/www.olivetreehunters.com\/fr\/#website","url":"https:\/\/www.olivetreehunters.com\/fr\/","name":"Olive-tree Hunters","description":"Exportamos olivos a todo el mundo","potentialAction":[{"@type":"SearchAction","target":{"@type":"EntryPoint","urlTemplate":"https:\/\/www.olivetreehunters.com\/fr\/?s={search_term_string}"},"query-input":{"@type":"PropertyValueSpecification","valueRequired":true,"valueName":"search_term_string"}}],"inLanguage":"fr-FR"}]}},"_links":{"self":[{"href":"https:\/\/www.olivetreehunters.com\/fr\/wp-json\/wp\/v2\/pages\/54868","targetHints":{"allow":["GET"]}}],"collection":[{"href":"https:\/\/www.olivetreehunters.com\/fr\/wp-json\/wp\/v2\/pages"}],"about":[{"href":"https:\/\/www.olivetreehunters.com\/fr\/wp-json\/wp\/v2\/types\/page"}],"author":[{"embeddable":true,"href":"https:\/\/www.olivetreehunters.com\/fr\/wp-json\/wp\/v2\/users\/1"}],"replies":[{"embeddable":true,"href":"https:\/\/www.olivetreehunters.com\/fr\/wp-json\/wp\/v2\/comments?post=54868"}],"version-history":[{"count":3,"href":"https:\/\/www.olivetreehunters.com\/fr\/wp-json\/wp\/v2\/pages\/54868\/revisions"}],"predecessor-version":[{"id":56104,"href":"https:\/\/www.olivetreehunters.com\/fr\/wp-json\/wp\/v2\/pages\/54868\/revisions\/56104"}],"wp:attachment":[{"href":"https:\/\/www.olivetreehunters.com\/fr\/wp-json\/wp\/v2\/media?parent=54868"}],"curies":[{"name":"wp","href":"https:\/\/api.w.org\/{rel}","templated":true}]}}