{"id":54870,"date":"2019-05-24T13:41:59","date_gmt":"2019-05-24T13:41:59","guid":{"rendered":"https:\/\/www.olivetreehunters.com\/?page_id=54870"},"modified":"2019-05-24T13:43:16","modified_gmt":"2019-05-24T13:43:16","slug":"produits-bionutritifs","status":"publish","type":"page","link":"https:\/\/www.olivetreehunters.com\/fr\/importer-des-oliviers\/produits-bionutritifs\/","title":{"rendered":"Produits Bionutritifs"},"content":{"rendered":"<div class=\"wpb-content-wrapper\"><p>[vc_row][vc_column][vc_column_text css=\u00a0\u00bb.vc_custom_1558705343905{padding-bottom: 35px !important;}\u00a0\u00bb]<\/p>\n<p>Pour une correcte r\u00e9cup\u00e9ration, stimulation, nutrition et adaptation de nos oliviers \u00e0 l\u2019arriv\u00e9e de sa destination, nous recommandons plusieurs produits nutritionnels qui sont fondamentaux :<\/p>\n<p>[\/vc_column_text][\/vc_column][\/vc_row][vc_row][vc_column width=\u00a0\u00bb1\/2&Prime;]<div class=\"aio-icon-component    style_1\"><div id=\"Info-box-wrap-1798\" class=\"aio-icon-box default-icon\" style=\"\"  ><div class=\"aio-icon-default\"><div class=\"ult-just-icon-wrapper  \"><div class=\"align-icon\" style=\"text-align:center;\">\n<div class=\"aio-icon none \"  style=\"color:#a0aea2;font-size:32px;display:inline-block;\">\n\t<i class=\"icomoon-material-24x24-filter_1\"><\/i>\n<\/div><\/div><\/div><\/div><div class=\"aio-icon-header\" ><h3 class=\"aio-icon-title ult-responsive\"  data-ultimate-target='#Info-box-wrap-1798 .aio-icon-title'  data-responsive-json-new='{\"font-size\":\"\",\"line-height\":\"\"}'  style=\"font-weight:bold;\">CARBOSOIL AMIN<\/h3><\/div> <!-- header --><div class=\"aio-icon-description ult-responsive\"  data-ultimate-target='#Info-box-wrap-1798 .aio-icon-description'  data-responsive-json-new='{\"font-size\":\"\",\"line-height\":\"\"}'  style=\"\"><\/p>\n<p>Stimule la terre en \u00e9poques de stress et grande demande de nutriments. Indiqu\u00e9 apr\u00e8s l\u2019arriv\u00e9e de nos oliviers et aussi aux mois d\u2019avril et octobre.<\/p>\n<p><\/div> <!-- description --><\/div> <!-- aio-icon-box --><\/div> <!-- aio-icon-component --><div class=\"aio-icon-component    style_1\"><div id=\"Info-box-wrap-8358\" class=\"aio-icon-box default-icon\" style=\"\"  ><div class=\"aio-icon-default\"><div class=\"ult-just-icon-wrapper  \"><div class=\"align-icon\" style=\"text-align:center;\">\n<div class=\"aio-icon none \"  style=\"color:#a0aea2;font-size:32px;display:inline-block;\">\n\t<i class=\"icomoon-material-24x24-filter_2\"><\/i>\n<\/div><\/div><\/div><\/div><div class=\"aio-icon-header\" ><h3 class=\"aio-icon-title ult-responsive\"  data-ultimate-target='#Info-box-wrap-8358 .aio-icon-title'  data-responsive-json-new='{\"font-size\":\"\",\"line-height\":\"\"}'  style=\"font-weight:bold;\">CARBOTECNIA MIX<\/h3><\/div> <!-- header --><div class=\"aio-icon-description ult-responsive\"  data-ultimate-target='#Info-box-wrap-8358 .aio-icon-description'  data-responsive-json-new='{\"font-size\":\"\",\"line-height\":\"\"}'  style=\"\"><\/p>\n<p>Am\u00e9liore l\u2019aspect g\u00e9n\u00e9ral de la plante : le couleur, la pousse. Il est n\u00e9cessaire une application continue depuis la r\u00e9ception des oliviers : 100cc pour arbre, de 6 \u00e0 10 fois par ann\u00e9e dans l\u2019eau d\u2019arrosage alternant son application avec le Carbosoil Amin.<\/p>\n<p><\/div> <!-- description --><\/div> <!-- aio-icon-box --><\/div> <!-- aio-icon-component -->[vc_single_image image=\u00a0\u00bb54771&Prime; alignment=\u00a0\u00bbcenter\u00a0\u00bb][\/vc_column][vc_column width=\u00a0\u00bb1\/2&Prime;]<div class=\"aio-icon-component    style_1\"><div id=\"Info-box-wrap-1918\" class=\"aio-icon-box default-icon\" style=\"\"  ><div class=\"aio-icon-default\"><div class=\"ult-just-icon-wrapper  \"><div class=\"align-icon\" style=\"text-align:center;\">\n<div class=\"aio-icon none \"  style=\"color:#a0aea2;font-size:32px;display:inline-block;\">\n\t<i class=\"icomoon-material-24x24-filter_3\"><\/i>\n<\/div><\/div><\/div><\/div><div class=\"aio-icon-header\" ><h3 class=\"aio-icon-title ult-responsive\"  data-ultimate-target='#Info-box-wrap-1918 .aio-icon-title'  data-responsive-json-new='{\"font-size\":\"\",\"line-height\":\"\"}'  style=\"font-weight:bold;\">CARBOTECNIA RACINE<\/h3><\/div> <!-- header --><div class=\"aio-icon-description ult-responsive\"  data-ultimate-target='#Info-box-wrap-1918 .aio-icon-description'  data-responsive-json-new='{\"font-size\":\"\",\"line-height\":\"\"}'  style=\"\"><\/p>\n<p>Produit pour racines de haut pouvoir, r\u00e9g\u00e9n\u00e8re les syst\u00e8mes radiculaires endommag\u00e9s. Essentiel pendant le transplant de l\u2019olivier. Il s\u2019applique m\u00e9langeant avec l\u2019eau de l\u2019arrosage, 250 cc par plante, une fois par mois durant un minimum de trois fois apr\u00e8s la plantation.<\/p>\n<p><\/div> <!-- description --><\/div> <!-- aio-icon-box --><\/div> <!-- aio-icon-component --><div class=\"aio-icon-component    style_1\"><div id=\"Info-box-wrap-3609\" class=\"aio-icon-box default-icon\" style=\"\"  ><div class=\"aio-icon-default\"><div class=\"ult-just-icon-wrapper  \"><div class=\"align-icon\" style=\"text-align:center;\">\n<div class=\"aio-icon none \"  style=\"color:#a0aea2;font-size:32px;display:inline-block;\">\n\t<i class=\"icomoon-material-24x24-filter_4\"><\/i>\n<\/div><\/div><\/div><\/div><div class=\"aio-icon-header\" ><h3 class=\"aio-icon-title ult-responsive\"  data-ultimate-target='#Info-box-wrap-3609 .aio-icon-title'  data-responsive-json-new='{\"font-size\":\"\",\"line-height\":\"\"}'  style=\"font-weight:bold;\">FAST SPEED<\/h3><\/div> <!-- header --><div class=\"aio-icon-description ult-responsive\"  data-ultimate-target='#Info-box-wrap-3609 .aio-icon-description'  data-responsive-json-new='{\"font-size\":\"\",\"line-height\":\"\"}'  style=\"\"><\/p>\n<p>Multiplicateur cellulaire qui favorise le d\u00e9roulement v\u00e9g\u00e9tatif et radiculaire de la plante. C\u2019est un produit tr\u00e8s visuel, car il active la germination homog\u00e8ne et compl\u00e9mente la croissance des racines. On doit l\u2019employer au moment de la r\u00e9ception des oliviers, avec l\u2019eau d\u2019arrosage : 100 cc pour plante, tous les 15 jours, minimum trois fois apr\u00e8s la r\u00e9ception.<\/p>\n<p><\/div> <!-- description --><\/div> <!-- aio-icon-box --><\/div> <!-- aio-icon-component -->[\/vc_column][\/vc_row]<\/p>\n<\/div>","protected":false},"excerpt":{"rendered":"<p>[vc_row][vc_column][vc_column_text css=\u00a0\u00bb.vc_custom_1558705343905{padding-bottom: 35px !important;}\u00a0\u00bb] Pour une correcte r\u00e9cup\u00e9ration, stimulation, nutrition et adaptation de nos oliviers \u00e0 l\u2019arriv\u00e9e de sa destination, nous recommandons plusieurs produits nutritionnels qui sont fondamentaux : [\/vc_column_text][\/vc_column][\/vc_row][vc_row][vc_column width=\u00a0\u00bb1\/2&Prime;][vc_single_image image=\u00a0\u00bb54771&Prime; alignment=\u00a0\u00bbcenter\u00a0\u00bb][\/vc_column][vc_column width=\u00a0\u00bb1\/2&Prime;][\/vc_column][\/vc_row]<\/p>\n","protected":false},"author":1,"featured_media":0,"parent":54835,"menu_order":0,"comment_status":"closed","ping_status":"closed","template":"","meta":{"footnotes":""},"class_list":["post-54870","page","type-page","status-publish","hentry","description-off"],"yoast_head":"<!-- This site is optimized with the Yoast SEO plugin v27.5 - https:\/\/yoast.com\/product\/yoast-seo-wordpress\/ -->\n<title>Produits Bionutritifs | Olive-tree Hunters<\/title>\n<meta name=\"robots\" content=\"index, follow, max-snippet:-1, max-image-preview:large, max-video-preview:-1\" \/>\n<link rel=\"canonical\" href=\"https:\/\/www.olivetreehunters.com\/fr\/importer-des-oliviers\/produits-bionutritifs\/\" \/>\n<meta property=\"og:locale\" content=\"fr_FR\" \/>\n<meta property=\"og:type\" content=\"article\" \/>\n<meta property=\"og:title\" content=\"Produits Bionutritifs | Olive-tree Hunters\" \/>\n<meta property=\"og:description\" content=\"[vc_row][vc_column][vc_column_text css=\u00a0\u00bb.vc_custom_1558705343905{padding-bottom: 35px !important;}\u00a0\u00bb] Pour une correcte r\u00e9cup\u00e9ration, stimulation, nutrition et adaptation de nos oliviers \u00e0 l\u2019arriv\u00e9e de sa destination, nous recommandons plusieurs produits nutritionnels qui sont fondamentaux : [\/vc_column_text][\/vc_column][\/vc_row][vc_row][vc_column width=\u00a0\u00bb1\/2&Prime;][vc_single_image image=\u00a0\u00bb54771&Prime; alignment=\u00a0\u00bbcenter\u00a0\u00bb][\/vc_column][vc_column width=\u00a0\u00bb1\/2&Prime;][\/vc_column][\/vc_row]\" \/>\n<meta property=\"og:url\" content=\"https:\/\/www.olivetreehunters.com\/fr\/importer-des-oliviers\/produits-bionutritifs\/\" \/>\n<meta property=\"og:site_name\" content=\"Olive-tree Hunters\" \/>\n<meta property=\"article:publisher\" content=\"https:\/\/www.facebook.com\/Olive-Tree-Hunters-1085204018293771\/?modal=admin_todo_tour\" \/>\n<meta property=\"article:modified_time\" content=\"2019-05-24T13:43:16+00:00\" \/>\n<meta name=\"twitter:card\" content=\"summary_large_image\" \/>\n<meta name=\"twitter:label1\" content=\"Dur\u00e9e de lecture estim\u00e9e\" \/>\n\t<meta name=\"twitter:data1\" content=\"2 minutes\" \/>\n<script type=\"application\/ld+json\" class=\"yoast-schema-graph\">{\"@context\":\"https:\\\/\\\/schema.org\",\"@graph\":[{\"@type\":\"WebPage\",\"@id\":\"https:\\\/\\\/www.olivetreehunters.com\\\/fr\\\/importer-des-oliviers\\\/produits-bionutritifs\\\/\",\"url\":\"https:\\\/\\\/www.olivetreehunters.com\\\/fr\\\/importer-des-oliviers\\\/produits-bionutritifs\\\/\",\"name\":\"Produits Bionutritifs | Olive-tree Hunters\",\"isPartOf\":{\"@id\":\"https:\\\/\\\/www.olivetreehunters.com\\\/fr\\\/#website\"},\"datePublished\":\"2019-05-24T13:41:59+00:00\",\"dateModified\":\"2019-05-24T13:43:16+00:00\",\"breadcrumb\":{\"@id\":\"https:\\\/\\\/www.olivetreehunters.com\\\/fr\\\/importer-des-oliviers\\\/produits-bionutritifs\\\/#breadcrumb\"},\"inLanguage\":\"fr-FR\",\"potentialAction\":[{\"@type\":\"ReadAction\",\"target\":[\"https:\\\/\\\/www.olivetreehunters.com\\\/fr\\\/importer-des-oliviers\\\/produits-bionutritifs\\\/\"]}]},{\"@type\":\"BreadcrumbList\",\"@id\":\"https:\\\/\\\/www.olivetreehunters.com\\\/fr\\\/importer-des-oliviers\\\/produits-bionutritifs\\\/#breadcrumb\",\"itemListElement\":[{\"@type\":\"ListItem\",\"position\":1,\"name\":\"Accueil\",\"item\":\"https:\\\/\\\/www.olivetreehunters.com\\\/fr\\\/\"},{\"@type\":\"ListItem\",\"position\":2,\"name\":\"Importer des oliviers\",\"item\":\"https:\\\/\\\/www.olivetreehunters.com\\\/fr\\\/importer-des-oliviers\\\/\"},{\"@type\":\"ListItem\",\"position\":3,\"name\":\"Produits Bionutritifs\"}]},{\"@type\":\"WebSite\",\"@id\":\"https:\\\/\\\/www.olivetreehunters.com\\\/fr\\\/#website\",\"url\":\"https:\\\/\\\/www.olivetreehunters.com\\\/fr\\\/\",\"name\":\"Olive-tree Hunters\",\"description\":\"Exportamos olivos a todo el mundo\",\"potentialAction\":[{\"@type\":\"SearchAction\",\"target\":{\"@type\":\"EntryPoint\",\"urlTemplate\":\"https:\\\/\\\/www.olivetreehunters.com\\\/fr\\\/?s={search_term_string}\"},\"query-input\":{\"@type\":\"PropertyValueSpecification\",\"valueRequired\":true,\"valueName\":\"search_term_string\"}}],\"inLanguage\":\"fr-FR\"}]}<\/script>\n<!-- \/ Yoast SEO plugin. -->","yoast_head_json":{"title":"Produits Bionutritifs | Olive-tree Hunters","robots":{"index":"index","follow":"follow","max-snippet":"max-snippet:-1","max-image-preview":"max-image-preview:large","max-video-preview":"max-video-preview:-1"},"canonical":"https:\/\/www.olivetreehunters.com\/fr\/importer-des-oliviers\/produits-bionutritifs\/","og_locale":"fr_FR","og_type":"article","og_title":"Produits Bionutritifs | Olive-tree Hunters","og_description":"[vc_row][vc_column][vc_column_text css=\u00a0\u00bb.vc_custom_1558705343905{padding-bottom: 35px !important;}\u00a0\u00bb] Pour une correcte r\u00e9cup\u00e9ration, stimulation, nutrition et adaptation de nos oliviers \u00e0 l\u2019arriv\u00e9e de sa destination, nous recommandons plusieurs produits nutritionnels qui sont fondamentaux : [\/vc_column_text][\/vc_column][\/vc_row][vc_row][vc_column width=\u00a0\u00bb1\/2&Prime;][vc_single_image image=\u00a0\u00bb54771&Prime; alignment=\u00a0\u00bbcenter\u00a0\u00bb][\/vc_column][vc_column width=\u00a0\u00bb1\/2&Prime;][\/vc_column][\/vc_row]","og_url":"https:\/\/www.olivetreehunters.com\/fr\/importer-des-oliviers\/produits-bionutritifs\/","og_site_name":"Olive-tree Hunters","article_publisher":"https:\/\/www.facebook.com\/Olive-Tree-Hunters-1085204018293771\/?modal=admin_todo_tour","article_modified_time":"2019-05-24T13:43:16+00:00","twitter_card":"summary_large_image","twitter_misc":{"Dur\u00e9e de lecture estim\u00e9e":"2 minutes"},"schema":{"@context":"https:\/\/schema.org","@graph":[{"@type":"WebPage","@id":"https:\/\/www.olivetreehunters.com\/fr\/importer-des-oliviers\/produits-bionutritifs\/","url":"https:\/\/www.olivetreehunters.com\/fr\/importer-des-oliviers\/produits-bionutritifs\/","name":"Produits Bionutritifs | Olive-tree Hunters","isPartOf":{"@id":"https:\/\/www.olivetreehunters.com\/fr\/#website"},"datePublished":"2019-05-24T13:41:59+00:00","dateModified":"2019-05-24T13:43:16+00:00","breadcrumb":{"@id":"https:\/\/www.olivetreehunters.com\/fr\/importer-des-oliviers\/produits-bionutritifs\/#breadcrumb"},"inLanguage":"fr-FR","potentialAction":[{"@type":"ReadAction","target":["https:\/\/www.olivetreehunters.com\/fr\/importer-des-oliviers\/produits-bionutritifs\/"]}]},{"@type":"BreadcrumbList","@id":"https:\/\/www.olivetreehunters.com\/fr\/importer-des-oliviers\/produits-bionutritifs\/#breadcrumb","itemListElement":[{"@type":"ListItem","position":1,"name":"Accueil","item":"https:\/\/www.olivetreehunters.com\/fr\/"},{"@type":"ListItem","position":2,"name":"Importer des oliviers","item":"https:\/\/www.olivetreehunters.com\/fr\/importer-des-oliviers\/"},{"@type":"ListItem","position":3,"name":"Produits Bionutritifs"}]},{"@type":"WebSite","@id":"https:\/\/www.olivetreehunters.com\/fr\/#website","url":"https:\/\/www.olivetreehunters.com\/fr\/","name":"Olive-tree Hunters","description":"Exportamos olivos a todo el mundo","potentialAction":[{"@type":"SearchAction","target":{"@type":"EntryPoint","urlTemplate":"https:\/\/www.olivetreehunters.com\/fr\/?s={search_term_string}"},"query-input":{"@type":"PropertyValueSpecification","valueRequired":true,"valueName":"search_term_string"}}],"inLanguage":"fr-FR"}]}},"_links":{"self":[{"href":"https:\/\/www.olivetreehunters.com\/fr\/wp-json\/wp\/v2\/pages\/54870","targetHints":{"allow":["GET"]}}],"collection":[{"href":"https:\/\/www.olivetreehunters.com\/fr\/wp-json\/wp\/v2\/pages"}],"about":[{"href":"https:\/\/www.olivetreehunters.com\/fr\/wp-json\/wp\/v2\/types\/page"}],"author":[{"embeddable":true,"href":"https:\/\/www.olivetreehunters.com\/fr\/wp-json\/wp\/v2\/users\/1"}],"replies":[{"embeddable":true,"href":"https:\/\/www.olivetreehunters.com\/fr\/wp-json\/wp\/v2\/comments?post=54870"}],"version-history":[{"count":2,"href":"https:\/\/www.olivetreehunters.com\/fr\/wp-json\/wp\/v2\/pages\/54870\/revisions"}],"predecessor-version":[{"id":54880,"href":"https:\/\/www.olivetreehunters.com\/fr\/wp-json\/wp\/v2\/pages\/54870\/revisions\/54880"}],"up":[{"embeddable":true,"href":"https:\/\/www.olivetreehunters.com\/fr\/wp-json\/wp\/v2\/pages\/54835"}],"wp:attachment":[{"href":"https:\/\/www.olivetreehunters.com\/fr\/wp-json\/wp\/v2\/media?parent=54870"}],"curies":[{"name":"wp","href":"https:\/\/api.w.org\/{rel}","templated":true}]}}