{"id":54871,"date":"2019-05-24T13:43:39","date_gmt":"2019-05-24T13:43:39","guid":{"rendered":"https:\/\/www.olivetreehunters.com\/?page_id=54871"},"modified":"2019-05-24T13:47:39","modified_gmt":"2019-05-24T13:47:39","slug":"exigences","status":"publish","type":"page","link":"https:\/\/www.olivetreehunters.com\/fr\/exigences\/","title":{"rendered":"Exigences"},"content":{"rendered":"<div class=\"wpb-content-wrapper\"><p>[vc_row][vc_column]<div id=\"ultimate-heading-408569f302fc5c0b8\" class=\"uvc-heading ult-adjust-bottom-margin ultimate-heading-408569f302fc5c0b8 uvc-8550 color-title\" data-hspacer=\"no_spacer\"  data-halign=\"center\" style=\"text-align:center\"><div class=\"uvc-heading-spacer no_spacer\" style=\"top\"><\/div><div class=\"uvc-main-heading ult-responsive\"  data-ultimate-target='.uvc-heading.ultimate-heading-408569f302fc5c0b8 h2'  data-responsive-json-new='{\"font-size\":\"desktop:30px;\",\"line-height\":\"desktop:40px;\"}' ><h2 style=\"font-weight:bold;margin-bottom:35px;\">Exigences<\/h2><\/div><\/div>[vc_column_text css=\u00a0\u00bb.vc_custom_1558705599470{padding-bottom: 35px !important;}\u00a0\u00bb]<\/p>\n<p>L\u2019importation d\u2019oliviers est une t\u00e2che qui exige un haut niveau professionnel et de l\u2019exp\u00e9rience. De fa\u00eete, pour r\u00e9aliser des envois d\u2019 Espagne \u00e0 d\u2019autres pays, les oliviers doivent passer des contr\u00f4les , lesquels nous g\u00e9rons : un dans le pays d\u2019 origine et l\u2019autre dans le pays de destination. Ces contr\u00f4les se r\u00e9alisent selon les exigences \u00e0 effets de maladies et autres conditions du pays de destination.<\/p>\n<p>[\/vc_column_text][\/vc_column][\/vc_row][vc_row][vc_column]<div id=\"ultimate-heading-314969f302fc5c2bd\" class=\"uvc-heading ult-adjust-bottom-margin ultimate-heading-314969f302fc5c2bd uvc-963 color-title\" data-hspacer=\"no_spacer\"  data-halign=\"center\" style=\"text-align:center\"><div class=\"uvc-heading-spacer no_spacer\" style=\"top\"><\/div><div class=\"uvc-main-heading ult-responsive\"  data-ultimate-target='.uvc-heading.ultimate-heading-314969f302fc5c2bd h2'  data-responsive-json-new='{\"font-size\":\"desktop:30px;\",\"line-height\":\"desktop:40px;\"}' ><h2 style=\"font-weight:bold;margin-bottom:35px;\">Importer dans l\u2019Union Europ\u00e9enne<\/h2><\/div><\/div>[vc_column_text]<\/p>\n<p>Si, ce que vous voulez est acheter un olivier o importer \u00e0 d\u2019autres pays de la EU, il est n\u00e9cessaire un passeport phytosanitaire. Ce document accr\u00e9dite que les oliviers se trouvent libres de maladies de quarantaine et ce qui leur permet de circuler librement dans tous les pays de la Union Europ\u00e9enne.<\/p>\n<p>Chaque ensemble d\u2019oliviers doit avoir une \u00e9tiquette de passeport phytosanitaire compl\u00e8te ou bien une \u00e9tiquette simplifi\u00e9e associ\u00e9e \u00e0 un document d\u2019accompagnement qui vos proportions la m\u00eame information que l\u2019\u00e9tiquette compl\u00e8te.<\/p>\n<p>[\/vc_column_text][vc_single_image image=\u00a0\u00bb54656&Prime; img_size=\u00a0\u00bb460&#215;156&Prime; alignment=\u00a0\u00bbcenter\u00a0\u00bb css=\u00a0\u00bb.vc_custom_1540817462732{padding-top: 35px !important;padding-bottom: 35px !important;}\u00a0\u00bb][\/vc_column][\/vc_row][vc_row][vc_column]<div id=\"ultimate-heading-847469f302fc5c416\" class=\"uvc-heading ult-adjust-bottom-margin ultimate-heading-847469f302fc5c416 uvc-8819 color-title\" data-hspacer=\"no_spacer\"  data-halign=\"center\" style=\"text-align:center\"><div class=\"uvc-heading-spacer no_spacer\" style=\"top\"><\/div><div class=\"uvc-main-heading ult-responsive\"  data-ultimate-target='.uvc-heading.ultimate-heading-847469f302fc5c416 h2'  data-responsive-json-new='{\"font-size\":\"desktop:30px;\",\"line-height\":\"desktop:40px;\"}' ><h2 style=\"font-weight:bold;margin-bottom:35px;\">Importer dans le reste du monde<\/h2><\/div><\/div>[vc_column_text]<\/p>\n<div class=\"wpb_text_column wpb_content_element \">\n<div class=\"wpb_wrapper\">\n<p>L\u2019importation d\u2019oliviers dans des pays qui se trouvent en dehors de la Union Europ\u00e9enne exige, \u00e0 part du passeport phytosanitaire, un certificat phytosanitaire. Ce document r\u00e9dig\u00e9 en Espagne, accr\u00e9dite que les oliviers qui s\u2019envoient, sont conformes aux exigences phytosanitaires sp\u00e9cifiques pour son importation.<\/p>\n<p>La vente d\u2019oliviers, pour ce type d\u2019op\u00e9ration, exige des normes \u00e9tablies par le pays de destination. Pour cela, notre protocole s\u2019ajuste \u00e0 la normative de chaque pays,\u00a0 nous s\u00e9curisant l\u2019entr\u00e9e des oliviers dans le pays de destination.<\/p>\n<ol>\n<li>Nom et direction de l\u2019exportateur<\/li>\n<li>Nom et direction assur\u00e9s del destinataire<\/li>\n<li>Num\u00e9ro, identification du certificat phytosanitaire<\/li>\n<li>Organisation de protection phytosanitaire (dans le cas de l\u2019Espagne, le Minist\u00e8re d\u2019agriculture et p\u00eache, Alimentation et Environnement.<\/li>\n<li>Lieu d\u2019origine<\/li>\n<li>Moyens de transport d\u00e9clar\u00e9s<\/li>\n<li>Point d\u2019entr\u00e9e d\u00e9clar\u00e9<\/li>\n<li>Nom botanique des plantes ( dans le cas des oliviers : Olea europaea l.)<\/li>\n<li>Quantit\u00e9 d\u00e9clar\u00e9e<\/li>\n<\/ol>\n<\/div>\n<\/div>\n<p>[\/vc_column_text][vc_single_image image=\u00a0\u00bb54659&Prime; img_size=\u00a0\u00bbmedium\u00a0\u00bb alignment=\u00a0\u00bbcenter\u00a0\u00bb style=\u00a0\u00bbvc_box_rounded\u00a0\u00bb onclick=\u00a0\u00bbimg_link_large\u00a0\u00bb img_link_target=\u00a0\u00bb_blank\u00a0\u00bb css=\u00a0\u00bb.vc_custom_1540806418655{padding-top: 25px !important;padding-bottom: 25px !important;}\u00a0\u00bb][vc_column_text]<\/p>\n<div class=\"wpb_text_column wpb_content_element \">\n<div class=\"wpb_wrapper\">\n<p>De plus, il faudra joindre tous les documents habituels dans toute importation : certificat d\u2019origine, packing list, etc\u2026<\/p>\n<p>Cependant, lors de l\u2019achat d\u2019oliviers\u00a0 \u00e0 Olive Tree Hunters, nous-m\u00eame r\u00e9aliserons tous les traitements et contr\u00f4les phytosanitaires pertinents et nous nous occupons de tous les pas \u00e0 r\u00e9aliser pour envoyer les oliviers dans le pays de destination.<\/p>\n<\/div>\n<\/div>\n<p>[\/vc_column_text][\/vc_column][\/vc_row]<\/p>\n<\/div>","protected":false},"excerpt":{"rendered":"<p>[vc_row][vc_column][vc_column_text css=\u00a0\u00bb.vc_custom_1558705599470{padding-bottom: 35px !important;}\u00a0\u00bb] L\u2019importation d\u2019oliviers est une t\u00e2che qui exige un haut niveau professionnel et de l\u2019exp\u00e9rience. De fa\u00eete, pour r\u00e9aliser des envois d\u2019 Espagne \u00e0 d\u2019autres pays, les oliviers doivent passer des contr\u00f4les , lesquels nous g\u00e9rons : un dans le pays d\u2019 origine et l\u2019autre dans le pays de destination. Ces contr\u00f4les&hellip;<\/p>\n","protected":false},"author":1,"featured_media":0,"parent":0,"menu_order":0,"comment_status":"closed","ping_status":"closed","template":"","meta":{"footnotes":""},"class_list":["post-54871","page","type-page","status-publish","hentry","description-off"],"yoast_head":"<!-- This site is optimized with the Yoast SEO plugin v27.5 - https:\/\/yoast.com\/product\/yoast-seo-wordpress\/ -->\n<title>Exigences | Olive-tree Hunters<\/title>\n<meta name=\"robots\" content=\"index, follow, max-snippet:-1, max-image-preview:large, max-video-preview:-1\" \/>\n<link rel=\"canonical\" href=\"https:\/\/www.olivetreehunters.com\/fr\/exigences\/\" \/>\n<meta property=\"og:locale\" content=\"fr_FR\" \/>\n<meta property=\"og:type\" content=\"article\" \/>\n<meta property=\"og:title\" content=\"Exigences | Olive-tree Hunters\" \/>\n<meta property=\"og:description\" content=\"[vc_row][vc_column][vc_column_text css=\u00a0\u00bb.vc_custom_1558705599470{padding-bottom: 35px !important;}\u00a0\u00bb] L\u2019importation d\u2019oliviers est une t\u00e2che qui exige un haut niveau professionnel et de l\u2019exp\u00e9rience. De fa\u00eete, pour r\u00e9aliser des envois d\u2019 Espagne \u00e0 d\u2019autres pays, les oliviers doivent passer des contr\u00f4les , lesquels nous g\u00e9rons : un dans le pays d\u2019 origine et l\u2019autre dans le pays de destination. Ces contr\u00f4les&hellip;\" \/>\n<meta property=\"og:url\" content=\"https:\/\/www.olivetreehunters.com\/fr\/exigences\/\" \/>\n<meta property=\"og:site_name\" content=\"Olive-tree Hunters\" \/>\n<meta property=\"article:publisher\" content=\"https:\/\/www.facebook.com\/Olive-Tree-Hunters-1085204018293771\/?modal=admin_todo_tour\" \/>\n<meta property=\"article:modified_time\" content=\"2019-05-24T13:47:39+00:00\" \/>\n<meta name=\"twitter:card\" content=\"summary_large_image\" \/>\n<meta name=\"twitter:label1\" content=\"Dur\u00e9e de lecture estim\u00e9e\" \/>\n\t<meta name=\"twitter:data1\" content=\"3 minutes\" \/>\n<script type=\"application\/ld+json\" class=\"yoast-schema-graph\">{\"@context\":\"https:\\\/\\\/schema.org\",\"@graph\":[{\"@type\":\"WebPage\",\"@id\":\"https:\\\/\\\/www.olivetreehunters.com\\\/fr\\\/exigences\\\/\",\"url\":\"https:\\\/\\\/www.olivetreehunters.com\\\/fr\\\/exigences\\\/\",\"name\":\"Exigences | Olive-tree Hunters\",\"isPartOf\":{\"@id\":\"https:\\\/\\\/www.olivetreehunters.com\\\/fr\\\/#website\"},\"datePublished\":\"2019-05-24T13:43:39+00:00\",\"dateModified\":\"2019-05-24T13:47:39+00:00\",\"breadcrumb\":{\"@id\":\"https:\\\/\\\/www.olivetreehunters.com\\\/fr\\\/exigences\\\/#breadcrumb\"},\"inLanguage\":\"fr-FR\",\"potentialAction\":[{\"@type\":\"ReadAction\",\"target\":[\"https:\\\/\\\/www.olivetreehunters.com\\\/fr\\\/exigences\\\/\"]}]},{\"@type\":\"BreadcrumbList\",\"@id\":\"https:\\\/\\\/www.olivetreehunters.com\\\/fr\\\/exigences\\\/#breadcrumb\",\"itemListElement\":[{\"@type\":\"ListItem\",\"position\":1,\"name\":\"Accueil\",\"item\":\"https:\\\/\\\/www.olivetreehunters.com\\\/fr\\\/\"},{\"@type\":\"ListItem\",\"position\":2,\"name\":\"Importer des oliviers\",\"item\":\"https:\\\/\\\/www.olivetreehunters.com\\\/fr\\\/importer-des-oliviers\\\/\"},{\"@type\":\"ListItem\",\"position\":3,\"name\":\"Exigences\"}]},{\"@type\":\"WebSite\",\"@id\":\"https:\\\/\\\/www.olivetreehunters.com\\\/fr\\\/#website\",\"url\":\"https:\\\/\\\/www.olivetreehunters.com\\\/fr\\\/\",\"name\":\"Olive-tree Hunters\",\"description\":\"Exportamos olivos a todo el mundo\",\"potentialAction\":[{\"@type\":\"SearchAction\",\"target\":{\"@type\":\"EntryPoint\",\"urlTemplate\":\"https:\\\/\\\/www.olivetreehunters.com\\\/fr\\\/?s={search_term_string}\"},\"query-input\":{\"@type\":\"PropertyValueSpecification\",\"valueRequired\":true,\"valueName\":\"search_term_string\"}}],\"inLanguage\":\"fr-FR\"}]}<\/script>\n<!-- \/ Yoast SEO plugin. -->","yoast_head_json":{"title":"Exigences | Olive-tree Hunters","robots":{"index":"index","follow":"follow","max-snippet":"max-snippet:-1","max-image-preview":"max-image-preview:large","max-video-preview":"max-video-preview:-1"},"canonical":"https:\/\/www.olivetreehunters.com\/fr\/exigences\/","og_locale":"fr_FR","og_type":"article","og_title":"Exigences | Olive-tree Hunters","og_description":"[vc_row][vc_column][vc_column_text css=\u00a0\u00bb.vc_custom_1558705599470{padding-bottom: 35px !important;}\u00a0\u00bb] L\u2019importation d\u2019oliviers est une t\u00e2che qui exige un haut niveau professionnel et de l\u2019exp\u00e9rience. De fa\u00eete, pour r\u00e9aliser des envois d\u2019 Espagne \u00e0 d\u2019autres pays, les oliviers doivent passer des contr\u00f4les , lesquels nous g\u00e9rons : un dans le pays d\u2019 origine et l\u2019autre dans le pays de destination. Ces contr\u00f4les&hellip;","og_url":"https:\/\/www.olivetreehunters.com\/fr\/exigences\/","og_site_name":"Olive-tree Hunters","article_publisher":"https:\/\/www.facebook.com\/Olive-Tree-Hunters-1085204018293771\/?modal=admin_todo_tour","article_modified_time":"2019-05-24T13:47:39+00:00","twitter_card":"summary_large_image","twitter_misc":{"Dur\u00e9e de lecture estim\u00e9e":"3 minutes"},"schema":{"@context":"https:\/\/schema.org","@graph":[{"@type":"WebPage","@id":"https:\/\/www.olivetreehunters.com\/fr\/exigences\/","url":"https:\/\/www.olivetreehunters.com\/fr\/exigences\/","name":"Exigences | Olive-tree Hunters","isPartOf":{"@id":"https:\/\/www.olivetreehunters.com\/fr\/#website"},"datePublished":"2019-05-24T13:43:39+00:00","dateModified":"2019-05-24T13:47:39+00:00","breadcrumb":{"@id":"https:\/\/www.olivetreehunters.com\/fr\/exigences\/#breadcrumb"},"inLanguage":"fr-FR","potentialAction":[{"@type":"ReadAction","target":["https:\/\/www.olivetreehunters.com\/fr\/exigences\/"]}]},{"@type":"BreadcrumbList","@id":"https:\/\/www.olivetreehunters.com\/fr\/exigences\/#breadcrumb","itemListElement":[{"@type":"ListItem","position":1,"name":"Accueil","item":"https:\/\/www.olivetreehunters.com\/fr\/"},{"@type":"ListItem","position":2,"name":"Importer des oliviers","item":"https:\/\/www.olivetreehunters.com\/fr\/importer-des-oliviers\/"},{"@type":"ListItem","position":3,"name":"Exigences"}]},{"@type":"WebSite","@id":"https:\/\/www.olivetreehunters.com\/fr\/#website","url":"https:\/\/www.olivetreehunters.com\/fr\/","name":"Olive-tree Hunters","description":"Exportamos olivos a todo el mundo","potentialAction":[{"@type":"SearchAction","target":{"@type":"EntryPoint","urlTemplate":"https:\/\/www.olivetreehunters.com\/fr\/?s={search_term_string}"},"query-input":{"@type":"PropertyValueSpecification","valueRequired":true,"valueName":"search_term_string"}}],"inLanguage":"fr-FR"}]}},"_links":{"self":[{"href":"https:\/\/www.olivetreehunters.com\/fr\/wp-json\/wp\/v2\/pages\/54871","targetHints":{"allow":["GET"]}}],"collection":[{"href":"https:\/\/www.olivetreehunters.com\/fr\/wp-json\/wp\/v2\/pages"}],"about":[{"href":"https:\/\/www.olivetreehunters.com\/fr\/wp-json\/wp\/v2\/types\/page"}],"author":[{"embeddable":true,"href":"https:\/\/www.olivetreehunters.com\/fr\/wp-json\/wp\/v2\/users\/1"}],"replies":[{"embeddable":true,"href":"https:\/\/www.olivetreehunters.com\/fr\/wp-json\/wp\/v2\/comments?post=54871"}],"version-history":[{"count":2,"href":"https:\/\/www.olivetreehunters.com\/fr\/wp-json\/wp\/v2\/pages\/54871\/revisions"}],"predecessor-version":[{"id":54882,"href":"https:\/\/www.olivetreehunters.com\/fr\/wp-json\/wp\/v2\/pages\/54871\/revisions\/54882"}],"wp:attachment":[{"href":"https:\/\/www.olivetreehunters.com\/fr\/wp-json\/wp\/v2\/media?parent=54871"}],"curies":[{"name":"wp","href":"https:\/\/api.w.org\/{rel}","templated":true}]}}