{"id":54884,"date":"2019-05-24T14:15:19","date_gmt":"2019-05-24T14:15:19","guid":{"rendered":"https:\/\/www.olivetreehunters.com\/?page_id=54884"},"modified":"2020-03-02T11:10:36","modified_gmt":"2020-03-02T11:10:36","slug":"faqs","status":"publish","type":"page","link":"https:\/\/www.olivetreehunters.com\/fr\/faqs\/","title":{"rendered":"FAQ&rsquo;s"},"content":{"rendered":"<div class=\"wpb-content-wrapper\"><p>[vc_row type=\u00a0\u00bbvc_default\u00a0\u00bb margin_top=\u00a0\u00bb0&Prime; margin_bottom=\u00a0\u00bb-50&Prime; css=\u00a0\u00bb.vc_custom_1475335361394{margin-bottom: -40px !important;}\u00a0\u00bb][vc_column offset=\u00a0\u00bbvc_col-lg-6 vc_col-md-6 vc_col-xs-12&Prime; css=\u00a0\u00bb.vc_custom_1475335328257{padding-bottom: 50px !important;}\u00a0\u00bb]<div id=\"ultimate-heading-49069f46868df4df\" class=\"uvc-heading ult-adjust-bottom-margin ultimate-heading-49069f46868df4df uvc-1248 \" data-hspacer=\"no_spacer\"  data-halign=\"left\" style=\"text-align:left\"><div class=\"uvc-heading-spacer no_spacer\" style=\"top\"><\/div><div class=\"uvc-main-heading ult-responsive\"  data-ultimate-target='.uvc-heading.ultimate-heading-49069f46868df4df h2'  data-responsive-json-new='{\"font-size\":\"desktop:24px;\",\"line-height\":\"desktop:34px;\"}' ><h2 style=\"font-weight:bold;margin-bottom:20px;\">Questions fr\u00e9quentes<\/h2><\/div><\/div>[vc_accordion active_tab=\u00a0\u00bbfalse\u00a0\u00bb collapsible=\u00a0\u00bbyes\u00a0\u00bb style=\u00a0\u00bb3&Prime;][vc_accordion_tab title=\u00a0\u00bbDans quels pays je peux importer des oliviers centenaires et mill\u00e9naires\u00a0\u00bb][vc_column_text]Bien que l\u2019olivier soit d\u2019origine m\u00e9diterran\u00e9enne, il s\u2019agit d\u2019un arbre ornemental qui s\u2019adapte \u00e0 presque tous les climats de la plan\u00e8te ( except\u00e9 ceux pr\u00e8s des p\u00f4les) et pratiquement \u00e0 tout type de terre avec un bon drainage.<\/p>\n<p>La r\u00e9sistance de l\u2019olivier, comme la l\u00e9gislation en vigueur, permet d\u2019exporter nos oliviers \u00e0 tous les pays du monde[\/vc_column_text][\/vc_accordion_tab][vc_accordion_tab title=\u00a0\u00bbSera-t-il n\u00e9cessaire beaucoup de bureaucratie pour pouvoir importer des oliviers ornementaux ?\u00a0\u00bb][vc_column_text]L\u2019importation des oliviers n\u00e9cessite plusieurs contr\u00f4les et certificats, lesquels d\u00e9pendent du pays o\u00f9 nous enverrons les oliviers, Nous vous conseillons de visiter notre section \u201cExigences\u201d et vous d\u00e9couvrirez toute l\u2019information n\u00e9cessaire.[\/vc_column_text][\/vc_accordion_tab][vc_accordion_tab title=\u00a0\u00bbComment peuvent-ils les oliviers mill\u00e9naires et centenaires r\u00e9sister les longs trajets jusqu\u2019\u00e0 sa nouvelle destination ?\u00a0\u00bb][vc_column_text]Pour que nous puissions r\u00e9aliser l\u2019exportation des oliviers ornementaux avec garanties, nous leurs applique un protocole de pr\u00e9paration phytosanitaire qui convient \u00e0 l\u2019acceptation par les diff\u00e9rents agents d\u2019origine et de destination (inspecteurs \/ techniciens ). Aussi, on les prot\u00e8ge pour que les facteurs externes ne les affectent pas pendant le voyage.<\/p>\n<p>Dans notre section \u201cpr\u00e9paration et logistique\u201d vous trouverez plus de d\u00e9tails sur le proc\u00e8s que nous r\u00e9alisons.[\/vc_column_text][\/vc_accordion_tab][vc_accordion_tab title=\u00a0\u00bbQuelle temp\u00e9rature r\u00e9sistent les oliviers mill\u00e9naires et centenaires ?\u00a0\u00bb][vc_column_text]L\u2019olivier est un arbre tr\u00e8s robuste, il r\u00e9siste des temp\u00e9ratures minimales de &#8211; 10\u00baC et des maximales de plus de 50\u00aaC.[\/vc_column_text][\/vc_accordion_tab][vc_accordion_tab title=\u00a0\u00bbComment sont les racines des oliviers mill\u00e9naires ? Avec quelles constructions sont-ils compatibles ?\u00a0\u00bb][vc_column_text]Les oliviers non pas des racines tr\u00e8s profondes. Pour cette raison, il est normal voir des oliviers dans les maisons et jardins particuliers, car ils n\u2019ab\u00eement pas les constructions comme les piscines, jardins, etc\u2026[\/vc_column_text][\/vc_accordion_tab][vc_accordion_tab title=\u00a0\u00bbQu\u2019est-ce qu\u2019un olivier centenaire ? et un olivier mill\u00e9naire ?\u00a0\u00bb][vc_column_text]Les oliviers centenaires\u00a0 sont tous dont l\u2019\u00e2ge s\u2019estime entre 100 ans et 1000 ans . Nous appelons oliviers mill\u00e9naires tous les oliviers qui ont un \u00e2ge estim\u00e9 sup\u00e9rieur \u00e0 1000 ans.[\/vc_column_text][\/vc_accordion_tab][vc_accordion_tab title=\u00a0\u00bbComment peut-on savoir  l\u2019\u00e2ge d\u2019un olivier mill\u00e9naire ?\u00a0\u00bb][vc_column_text]Normalement l\u2019\u00e2ge des arbres ornementaux, se calculent comptant les anneaux du tronc ou bien par radioisotopes avec le carbon 14. Pour les oliviers mill\u00e9naires, leur manquant la part plus interne du tronc, ces m\u00e9thodes sont irr\u00e9alisables. Pour cela, on applique des formules qui se rapportent au p\u00e9rim\u00e8tre du tronc avec l\u2019antiquit\u00e9 de l\u2019arbre. De cette mani\u00e8re, nous pouvons savoir l\u2019\u00e2ge estim\u00e9 de nos oliviers ornementaux.[\/vc_column_text][\/vc_accordion_tab][vc_accordion_tab title=\u00a0\u00bbMon olivier mill\u00e9naire est-il exclusif ?\u00a0\u00bb][vc_column_text]La raret\u00e9 des oliviers mill\u00e9naires augmente et son prix est en plein essor, car il s\u2019agit d\u2019arbres ornementaux qui sont authentiques oeuvres d\u2019art et des pi\u00e8ces uniques qui ont r\u00e9sist\u00e9 dans le temps. De fa\u00eete, on estime que dans le pal\u00e9olithique (12 000 a. C), il y avait d\u00e9j\u00e0 des oliviers, bien que nous ne connussions pas d\u2019oliviers vivant de plus de 3000 ans.<\/p>\n<p>L\u2019olivier pousse lentement, approximativement 1 m\u00e8tre tous les 200 ans. Pour cela, et pour ses formes exub\u00e9rantes, chaque olivier est unique et exclusif. De plus, chaque olivier mill\u00e9naire, centenaire o bonsai \u00e0 son num\u00e9ro de r\u00e9f\u00e9rence, qui garantit son origine et sa tra\u00e7abilit\u00e9.[\/vc_column_text][\/vc_accordion_tab][vc_accordion_tab title=\u00a0\u00bbQu\u2019est-ce qu\u2019un bonsai style ?\u00a0\u00bb][vc_column_text]C\u2019est un olivier ornemental qui a \u00e9t\u00e9 \u00e9lagu\u00e9 pour d\u00e9veloper des formes capricieuses et uniques. Cela symbolise la fusion entre deux cultures : la M\u00e9diterran\u00e9enne et la Asiatique pour su \u00e9lagage.<\/p>\n<p>Visitez notre section \u201cOliviers bonsai style\u201d et vous pourrez voir des photos de ces exemplaires.[\/vc_column_text][\/vc_accordion_tab][vc_accordion_tab title=\u00a0\u00bbQue repr\u00e9sente le symbolisme des oliviers ?\u00a0\u00bb][vc_column_text]Durant leur longue histoire, les oliviers, toujours li\u00e9s \u00e0 la M\u00e9diterran\u00e9e, ont eu de multiples symbolismes : sagesse, esp\u00e9rance, lumi\u00e8re, fertilit\u00e9, patience\u2026<\/p>\n<p>L\u2019olivier symbolise aussi la paix et concordance entre diff\u00e9rentes cultures. C\u2019est pour cela que la colombe de la paix porte un brin d\u2019olivier !<\/p>\n<p>Finalement, l\u2019olivier mill\u00e9naire symbolise, aussi, l\u2019immortalit\u00e9 due \u00e0 sa longue vie, pour tout cela, il est utilis\u00e9 comme couronne pour Rois, Pr\u00eatres et Athl\u00e8tes Olympiques.[\/vc_column_text][\/vc_accordion_tab][vc_accordion_tab title=\u00a0\u00bbMon olivier ornemental est-il un bon \u00e9l\u00e9ment d\u00e9coratif ? De quelle mani\u00e8re peut on l\u2019utiliser pour d\u00e9corer ?\u00a0\u00bb][vc_column_text]Un olivier ornemental est un grand \u00e9l\u00e9ment d\u00e9coratif, il apporte s\u00e9r\u00e9nit\u00e9, \u00e9l\u00e9gance et beaut\u00e9 dans n\u2019importe quel environnement. Les options sont infinies. Vous marquez votre limite !<\/p>\n<p>Normalement l\u2019olivier centenaire ou mill\u00e9naire se plante en ext\u00e9rieur, pour sa grande r\u00e9sistance et peu d\u2019entretien. On peut le trouver dans les jardins, priv\u00e9s ou communaux, sur les places, dans les ronds points, parcs\u2026 Et aussi, sur les terrasses, ainsi qu\u2019en int\u00e9rieur, nous pouvons utiliser des oliviers jeunes en pot. Ceux-ci sont tr\u00e8s r\u00e9sistants, si bien s\u00fbr, vous les placer pr\u00e8s d\u2019une source de lumi\u00e8re.<\/p>\n<p>Si tu as des doutes, contacte &#8211; nous ! Nous te conseillons durant tout le proc\u00e8s et te cherchons l\u2019olivier qui s\u2019adapte le mieux \u00e0 tes n\u00e9cessit\u00e9s.[\/vc_column_text][\/vc_accordion_tab][vc_accordion_tab title=\u00a0\u00bbSont-ils r\u00e9sistant les oliviers ?\u00a0\u00bb][vc_column_text]Tout olivier peut r\u00e9sister maladies et cl\u00e9mences m\u00e9t\u00e9orologiques. De fait, \u00e9norm\u00e9ment d\u2019oliviers mill\u00e9naires, en pleine nature, ne re\u00e7oivent aucun soin et vivent durant des si\u00e8cles et des mill\u00e9naires.[\/vc_column_text][\/vc_accordion_tab][vc_accordion_tab title=\u00a0\u00bbMon olivier ornemental sera-t-il affect\u00e9 par les maladies ?\u00a0\u00bb][vc_column_text]Les oliviers sont des arbres de tr\u00e8s longue vie sans \u00eatre trait\u00e9s avec des produits phytosanitaires. Si nous leur fournissons les soins appropri\u00e9s avec nos produits exclusifs, nous minimisons le risque de maladies.[\/vc_column_text][\/vc_accordion_tab][vc_accordion_tab title=\u00a0\u00bbComment dois-je faire pour prendre soin de mon olivier centenaire ou mill\u00e9naire ?\u00a0\u00bb][vc_column_text]Les oliviers sont habitu\u00e9s \u00e0 la s\u00e9cheresse, ils n\u2019ont pas besoin de grandes quantit\u00e9s d\u2019eau.<\/p>\n<p>Ils sont peu arros\u00e9s et dos\u00e9s ou mieux encore par syst\u00e8me d\u2019irrigation goutte \u00e0 goutte.<\/p>\n<p>Quant \u00e0 l\u2019\u00e9lagage, nous devons couper les branches et feuilles qui poussent vers le sol, et aussi celles qui apparaissent sur le tronc de l\u2019arbre. Comme cela nos oliviers\u00a0 vivront plus de temps et resteront toujours aussi beaux.[\/vc_column_text][\/vc_accordion_tab][vc_accordion_tab title=\u00a0\u00bbDois-je utiliser un produit pour maintenir l\u2019olivier dans un parfait \u00e9tat ?\u00a0\u00bb][vc_column_text]Bien que les oliviers centenaires et mill\u00e9naires ou jeunes sont tr\u00e8s r\u00e9sistants et vivent durant des ann\u00e9es sans recevoir aucun soin, il est toujours conseillable d\u2019utiliser des produits sp\u00e9cifiquement \u00e9labor\u00e9s pour la maintenance des oliviers, comme ceux de notre gamme, exclusive pour clients Olive Tree Hunters.[\/vc_column_text][\/vc_accordion_tab][vc_accordion_tab title=\u00a0\u00bbQue se passe t-il si j\u2019ai des doutes sur la plantation ou la maintenance de mon olivier ornemental ?\u00a0\u00bb][vc_column_text]Si, maintenant ou plus tard , vous aviez des doutes sur la plantation\u00a0 ou la maintenance, nous vous offrons des conseils techniques personnalis\u00e9s.[\/vc_column_text][\/vc_accordion_tab][\/vc_accordion][\/vc_column][vc_column offset=\u00a0\u00bbvc_col-lg-6 vc_col-md-6 vc_col-xs-12&Prime; css=\u00a0\u00bb.vc_custom_1475335333766{padding-bottom: 40px !important;}\u00a0\u00bb]<div id=\"ultimate-heading-489269f46868df6dd\" class=\"uvc-heading ult-adjust-bottom-margin ultimate-heading-489269f46868df6dd uvc-8617 \" data-hspacer=\"no_spacer\"  data-halign=\"left\" style=\"text-align:left\"><div class=\"uvc-heading-spacer no_spacer\" style=\"top\"><\/div><div class=\"uvc-main-heading ult-responsive\"  data-ultimate-target='.uvc-heading.ultimate-heading-489269f46868df6dd h2'  data-responsive-json-new='{\"font-size\":\"desktop:24px;\",\"line-height\":\"desktop:34px;\"}' ><h2 style=\"font-weight:bold;margin-bottom:20px;\">Vous ne trouvez pas de r\u00e9ponse \u00e0 votre recherche ?<\/h2><\/div><\/div>[vc_column_text css=\u00a0\u00bb.vc_custom_1583143557952{padding-bottom: 25px !important;}\u00a0\u00bb]<\/p>\n<p style=\"font-weight: 400;\">Dans cette section vous trouverez un r\u00e9sum\u00e9 des principales questions relatives \u00e0 Olive Tree Hunters, nous restons \u00e0 votre disposition pour tout \u00e9claircissement suppl\u00e9mentaire, n\u2019h\u00e9sitez pas \u00e0 nous contacter.<\/p>\n<p>[\/vc_column_text]<form class=\"dt-contact-form dt-form privacy-form\" method=\"post\"><input type=\"hidden\" name=\"widget_id\" value=\"presscore-contact-form-widget--1\" \/><input type=\"hidden\" name=\"send_message\" value=\"\" \/><input type=\"hidden\" name=\"security_token\" value=\"21ad7548f282b4cb149e\"\/><div class=\"form-fields\"><span class=\"form-name\"><label class=\"assistive-text\">Nom *<\/label><input type=\"text\" class=\"validate[required]\" placeholder=\"Nom *\" name=\"name\" value=\"\" aria-required=\"true\">\n<\/span><span class=\"form-mail\"><label class=\"assistive-text\">E-mail *<\/label><input type=\"text\" class=\"validate[required,custom[email]]\" placeholder=\"E-mail *\" name=\"email\" value=\"\" aria-required=\"true\">\n<\/span><span class=\"form-telephone\"><label class=\"assistive-text\">T\u00e9l\u00e9phone<\/label><input type=\"text\" placeholder=\"T\u00e9l\u00e9phone\" name=\"telephone\" value=\"\" aria-required=\"false\">\n<\/span><\/div><span class=\"form-message\"><label class=\"assistive-text\">Message *<\/label><textarea class=\"validate[required]\" placeholder=\"Message *\" name=\"message\" rows=\"5\" aria-required=\"true\"><\/textarea>\n<\/span><p class=\"the7-form-terms-wrap\"><input type=\"checkbox\" id=\"the7-form-terms-554644c0cc70e64757bfdfe8512f90c6\" name=\"terms\" class=\"validate[required] the7-form-terms\" aria-required=\"true\" \/>&nbsp;<label for=\"the7-form-terms-554644c0cc70e64757bfdfe8512f90c6\"><span class=\"form-terms-text\">J'ai lu et j'accepte les <a href=\"\/aviso-legal\" target=\"_blank\">Mentions L\u00e9gales<\/a><\/span><\/label><\/p><p><a href=\"#\" class=\"dt-btn dt-btn-m dt-btn-submit\" rel=\"nofollow\"><span>ENVOIE<\/span><\/a><input class=\"assistive-text\" type=\"submit\" value=\"envoyer\"><\/p><\/form>\n[\/vc_column][\/vc_row]<\/p>\n<\/div>","protected":false},"excerpt":{"rendered":"<p>[vc_row type=\u00a0\u00bbvc_default\u00a0\u00bb margin_top=\u00a0\u00bb0&Prime; margin_bottom=\u00a0\u00bb-50&Prime; css=\u00a0\u00bb.vc_custom_1475335361394{margin-bottom: -40px !important;}\u00a0\u00bb][vc_column offset=\u00a0\u00bbvc_col-lg-6 vc_col-md-6 vc_col-xs-12&Prime; css=\u00a0\u00bb.vc_custom_1475335328257{padding-bottom: 50px !important;}\u00a0\u00bb][vc_accordion active_tab=\u00a0\u00bbfalse\u00a0\u00bb collapsible=\u00a0\u00bbyes\u00a0\u00bb style=\u00a0\u00bb3&Prime;][vc_accordion_tab title=\u00a0\u00bbDans quels pays je peux importer des oliviers centenaires et mill\u00e9naires\u00a0\u00bb][vc_column_text]Bien que l\u2019olivier soit d\u2019origine m\u00e9diterran\u00e9enne, il s\u2019agit d\u2019un arbre ornemental qui s\u2019adapte \u00e0 presque tous les climats de la plan\u00e8te ( except\u00e9 ceux pr\u00e8s des p\u00f4les) et pratiquement&hellip;<\/p>\n","protected":false},"author":1,"featured_media":0,"parent":0,"menu_order":20,"comment_status":"closed","ping_status":"closed","template":"","meta":{"footnotes":""},"class_list":["post-54884","page","type-page","status-publish","hentry","description-off"],"yoast_head":"<!-- This site is optimized with the Yoast SEO plugin v27.5 - https:\/\/yoast.com\/product\/yoast-seo-wordpress\/ -->\n<title>FAQ&#039;s | Olive-tree Hunters<\/title>\n<meta name=\"robots\" content=\"index, follow, max-snippet:-1, max-image-preview:large, max-video-preview:-1\" \/>\n<link rel=\"canonical\" href=\"https:\/\/www.olivetreehunters.com\/fr\/faqs\/\" \/>\n<meta property=\"og:locale\" content=\"fr_FR\" \/>\n<meta property=\"og:type\" content=\"article\" \/>\n<meta property=\"og:title\" content=\"FAQ&#039;s | Olive-tree Hunters\" \/>\n<meta property=\"og:description\" content=\"[vc_row type=\u00a0\u00bbvc_default\u00a0\u00bb margin_top=\u00a0\u00bb0&Prime; margin_bottom=\u00a0\u00bb-50&Prime; css=\u00a0\u00bb.vc_custom_1475335361394{margin-bottom: -40px !important;}\u00a0\u00bb][vc_column offset=\u00a0\u00bbvc_col-lg-6 vc_col-md-6 vc_col-xs-12&Prime; css=\u00a0\u00bb.vc_custom_1475335328257{padding-bottom: 50px !important;}\u00a0\u00bb][vc_accordion active_tab=\u00a0\u00bbfalse\u00a0\u00bb collapsible=\u00a0\u00bbyes\u00a0\u00bb style=\u00a0\u00bb3&Prime;][vc_accordion_tab title=\u00a0\u00bbDans quels pays je peux importer des oliviers centenaires et mill\u00e9naires\u00a0\u00bb][vc_column_text]Bien que l\u2019olivier soit d\u2019origine m\u00e9diterran\u00e9enne, il s\u2019agit d\u2019un arbre ornemental qui s\u2019adapte \u00e0 presque tous les climats de la plan\u00e8te ( except\u00e9 ceux pr\u00e8s des p\u00f4les) et pratiquement&hellip;\" \/>\n<meta property=\"og:url\" content=\"https:\/\/www.olivetreehunters.com\/fr\/faqs\/\" \/>\n<meta property=\"og:site_name\" content=\"Olive-tree Hunters\" \/>\n<meta property=\"article:publisher\" content=\"https:\/\/www.facebook.com\/Olive-Tree-Hunters-1085204018293771\/?modal=admin_todo_tour\" \/>\n<meta property=\"article:modified_time\" content=\"2020-03-02T11:10:36+00:00\" \/>\n<meta name=\"twitter:card\" content=\"summary_large_image\" \/>\n<meta name=\"twitter:label1\" content=\"Dur\u00e9e de lecture estim\u00e9e\" \/>\n\t<meta name=\"twitter:data1\" content=\"8 minutes\" \/>\n<script type=\"application\/ld+json\" class=\"yoast-schema-graph\">{\"@context\":\"https:\\\/\\\/schema.org\",\"@graph\":[{\"@type\":\"WebPage\",\"@id\":\"https:\\\/\\\/www.olivetreehunters.com\\\/fr\\\/faqs\\\/\",\"url\":\"https:\\\/\\\/www.olivetreehunters.com\\\/fr\\\/faqs\\\/\",\"name\":\"FAQ's | Olive-tree Hunters\",\"isPartOf\":{\"@id\":\"https:\\\/\\\/www.olivetreehunters.com\\\/fr\\\/#website\"},\"datePublished\":\"2019-05-24T14:15:19+00:00\",\"dateModified\":\"2020-03-02T11:10:36+00:00\",\"breadcrumb\":{\"@id\":\"https:\\\/\\\/www.olivetreehunters.com\\\/fr\\\/faqs\\\/#breadcrumb\"},\"inLanguage\":\"fr-FR\",\"potentialAction\":[{\"@type\":\"ReadAction\",\"target\":[\"https:\\\/\\\/www.olivetreehunters.com\\\/fr\\\/faqs\\\/\"]}]},{\"@type\":\"BreadcrumbList\",\"@id\":\"https:\\\/\\\/www.olivetreehunters.com\\\/fr\\\/faqs\\\/#breadcrumb\",\"itemListElement\":[{\"@type\":\"ListItem\",\"position\":1,\"name\":\"Accueil\",\"item\":\"https:\\\/\\\/www.olivetreehunters.com\\\/fr\\\/\"},{\"@type\":\"ListItem\",\"position\":2,\"name\":\"FAQ&#8217;s\"}]},{\"@type\":\"WebSite\",\"@id\":\"https:\\\/\\\/www.olivetreehunters.com\\\/fr\\\/#website\",\"url\":\"https:\\\/\\\/www.olivetreehunters.com\\\/fr\\\/\",\"name\":\"Olive-tree Hunters\",\"description\":\"Exportamos olivos a todo el mundo\",\"potentialAction\":[{\"@type\":\"SearchAction\",\"target\":{\"@type\":\"EntryPoint\",\"urlTemplate\":\"https:\\\/\\\/www.olivetreehunters.com\\\/fr\\\/?s={search_term_string}\"},\"query-input\":{\"@type\":\"PropertyValueSpecification\",\"valueRequired\":true,\"valueName\":\"search_term_string\"}}],\"inLanguage\":\"fr-FR\"}]}<\/script>\n<!-- \/ Yoast SEO plugin. -->","yoast_head_json":{"title":"FAQ's | Olive-tree Hunters","robots":{"index":"index","follow":"follow","max-snippet":"max-snippet:-1","max-image-preview":"max-image-preview:large","max-video-preview":"max-video-preview:-1"},"canonical":"https:\/\/www.olivetreehunters.com\/fr\/faqs\/","og_locale":"fr_FR","og_type":"article","og_title":"FAQ's | Olive-tree Hunters","og_description":"[vc_row type=\u00a0\u00bbvc_default\u00a0\u00bb margin_top=\u00a0\u00bb0&Prime; margin_bottom=\u00a0\u00bb-50&Prime; css=\u00a0\u00bb.vc_custom_1475335361394{margin-bottom: -40px !important;}\u00a0\u00bb][vc_column offset=\u00a0\u00bbvc_col-lg-6 vc_col-md-6 vc_col-xs-12&Prime; css=\u00a0\u00bb.vc_custom_1475335328257{padding-bottom: 50px !important;}\u00a0\u00bb][vc_accordion active_tab=\u00a0\u00bbfalse\u00a0\u00bb collapsible=\u00a0\u00bbyes\u00a0\u00bb style=\u00a0\u00bb3&Prime;][vc_accordion_tab title=\u00a0\u00bbDans quels pays je peux importer des oliviers centenaires et mill\u00e9naires\u00a0\u00bb][vc_column_text]Bien que l\u2019olivier soit d\u2019origine m\u00e9diterran\u00e9enne, il s\u2019agit d\u2019un arbre ornemental qui s\u2019adapte \u00e0 presque tous les climats de la plan\u00e8te ( except\u00e9 ceux pr\u00e8s des p\u00f4les) et pratiquement&hellip;","og_url":"https:\/\/www.olivetreehunters.com\/fr\/faqs\/","og_site_name":"Olive-tree Hunters","article_publisher":"https:\/\/www.facebook.com\/Olive-Tree-Hunters-1085204018293771\/?modal=admin_todo_tour","article_modified_time":"2020-03-02T11:10:36+00:00","twitter_card":"summary_large_image","twitter_misc":{"Dur\u00e9e de lecture estim\u00e9e":"8 minutes"},"schema":{"@context":"https:\/\/schema.org","@graph":[{"@type":"WebPage","@id":"https:\/\/www.olivetreehunters.com\/fr\/faqs\/","url":"https:\/\/www.olivetreehunters.com\/fr\/faqs\/","name":"FAQ's | Olive-tree Hunters","isPartOf":{"@id":"https:\/\/www.olivetreehunters.com\/fr\/#website"},"datePublished":"2019-05-24T14:15:19+00:00","dateModified":"2020-03-02T11:10:36+00:00","breadcrumb":{"@id":"https:\/\/www.olivetreehunters.com\/fr\/faqs\/#breadcrumb"},"inLanguage":"fr-FR","potentialAction":[{"@type":"ReadAction","target":["https:\/\/www.olivetreehunters.com\/fr\/faqs\/"]}]},{"@type":"BreadcrumbList","@id":"https:\/\/www.olivetreehunters.com\/fr\/faqs\/#breadcrumb","itemListElement":[{"@type":"ListItem","position":1,"name":"Accueil","item":"https:\/\/www.olivetreehunters.com\/fr\/"},{"@type":"ListItem","position":2,"name":"FAQ&#8217;s"}]},{"@type":"WebSite","@id":"https:\/\/www.olivetreehunters.com\/fr\/#website","url":"https:\/\/www.olivetreehunters.com\/fr\/","name":"Olive-tree Hunters","description":"Exportamos olivos a todo el mundo","potentialAction":[{"@type":"SearchAction","target":{"@type":"EntryPoint","urlTemplate":"https:\/\/www.olivetreehunters.com\/fr\/?s={search_term_string}"},"query-input":{"@type":"PropertyValueSpecification","valueRequired":true,"valueName":"search_term_string"}}],"inLanguage":"fr-FR"}]}},"_links":{"self":[{"href":"https:\/\/www.olivetreehunters.com\/fr\/wp-json\/wp\/v2\/pages\/54884","targetHints":{"allow":["GET"]}}],"collection":[{"href":"https:\/\/www.olivetreehunters.com\/fr\/wp-json\/wp\/v2\/pages"}],"about":[{"href":"https:\/\/www.olivetreehunters.com\/fr\/wp-json\/wp\/v2\/types\/page"}],"author":[{"embeddable":true,"href":"https:\/\/www.olivetreehunters.com\/fr\/wp-json\/wp\/v2\/users\/1"}],"replies":[{"embeddable":true,"href":"https:\/\/www.olivetreehunters.com\/fr\/wp-json\/wp\/v2\/comments?post=54884"}],"version-history":[{"count":5,"href":"https:\/\/www.olivetreehunters.com\/fr\/wp-json\/wp\/v2\/pages\/54884\/revisions"}],"predecessor-version":[{"id":56185,"href":"https:\/\/www.olivetreehunters.com\/fr\/wp-json\/wp\/v2\/pages\/54884\/revisions\/56185"}],"wp:attachment":[{"href":"https:\/\/www.olivetreehunters.com\/fr\/wp-json\/wp\/v2\/media?parent=54884"}],"curies":[{"name":"wp","href":"https:\/\/api.w.org\/{rel}","templated":true}]}}