{"id":54894,"date":"2019-05-24T14:35:21","date_gmt":"2019-05-24T14:35:21","guid":{"rendered":"https:\/\/www.olivetreehunters.com\/?page_id=54894"},"modified":"2020-06-29T15:35:33","modified_gmt":"2020-06-29T15:35:33","slug":"qui-sommes-nous","status":"publish","type":"page","link":"https:\/\/www.olivetreehunters.com\/fr\/qui-sommes-nous\/","title":{"rendered":"Qui sommes-nous ?"},"content":{"rendered":"<div class=\"wpb-content-wrapper\"><p>[vc_row][vc_column][vc_column_text css=\u00a0\u00bb.vc_custom_1582553072838{padding-bottom: 50px !important;}\u00a0\u00bb]<\/p>\n<p style=\"text-align: center;\"><strong><span style=\"font-size: 24pt;\">Qui sommes-nous?<\/span><\/strong><\/p>\n<p>[\/vc_column_text][\/vc_column][\/vc_row][vc_row type=\u00a0\u00bbvc_default\u00a0\u00bb margin_bottom=\u00a0\u00bb10&Prime; css=\u00a0\u00bb.vc_custom_1476046731265{padding-top: 70px !important;}\u00a0\u00bb][vc_column offset=\u00a0\u00bbvc_col-lg-8 vc_col-md-8 vc_col-xs-12&Prime; css=\u00a0\u00bb.vc_custom_1476046408224{padding-bottom: 70px !important;}\u00a0\u00bb]<div class=\"dt-fancy-separator title-left text-big\" style=\"width: 100%;\"><div class=\"dt-fancy-title\"><span class=\"separator-holder separator-left\"><\/span>Qui sommes-nous ?<span class=\"separator-holder separator-right\"><\/span><\/div><\/div>[vc_row_inner css=\u00a0\u00bb.vc_custom_1476046389155{margin-bottom: -30px !important;padding-top: 30px !important;}\u00a0\u00bb][vc_column_inner css=\u00a0\u00bb.vc_custom_1476046382561{padding-bottom: 30px !important;}\u00a0\u00bb][vc_column_text]<strong>Olive Tree Hunters<\/strong> est n\u00e9e des mains de deux entrepreneurs, amoureux des oliviers, qui ont une vision en commun : R\u00e9ussir que l\u2019olivier soit\u00a0 l\u2019arbre le plus pr\u00e9cieux du monde. Le projet est n\u00e9 pour \u00e9tendre au monde entier, la connaissance, l\u2019admiration de sa beaut\u00e9 et le symbolisme des oliviers.<\/p>\n<p>Ferran Cespedes, avec plus de 15 ans d\u2019exp\u00e9rience dans le secteur de la plante ornementale et de la fleur, au niveau international, a effectuaient des centaines d\u2019exportations d\u2019oliviers dans tout le monde entier : Asie, Moyen-Orient, Europe\u2026 En possession des connaissances techniques, n\u00e9cessaires pour un conseil personnalis\u00e9 et le contr\u00f4le de la logistique.<\/p>\n<p><blockquote class=\"text-big shortcode-blockquote\"><p><span style=\"color: #a0aea2;\"><em>\u00ab\u00a0Mes oliviers pr\u00e9f\u00e9r\u00e9s sont ceux qui parviennent \u00e0 harmoniser dans un jardin\u00a0\u00bb<\/em><\/span><\/p>\n<\/blockquote>Ian Ferri, venant d\u2019un monde luxueux, a travaill\u00e9 8 ans avec Louis Vuitton Mo\u00ebt Henessy (LVMH), Expert en localisation des oliviers, les plus exclusifs du march\u00e9, proportionne un traitement exquis aux clients les plus exigeants et amoureux des articles les plus exceptionnels.<\/p>\n<p><blockquote class=\"text-big shortcode-blockquote\"><p><span style=\"color: #a0aea2;\"><em>\u00ab\u00a0<\/em><\/span><em>Le temps est la seule chose que l\u2019argent ne peut pas acheter. C\u2019est pour cela que nos clients, les plus s\u00e9lectes, acqui\u00e8rent des oliviers mill\u00e9naires, car ils ach\u00e8tent un morceau d\u2019histoire qui, de plus, perdurera durant des g\u00e9n\u00e9rations.<\/em><span style=\"color: #a0aea2;\"><em>\u00ab\u00a0.<\/em><\/span><\/p>\n<\/blockquote>[\/vc_column_text][\/vc_column_inner][\/vc_row_inner][\/vc_column][vc_column offset=\u00a0\u00bbvc_col-lg-4 vc_col-md-4 vc_col-xs-12&Prime; css=\u00a0\u00bb.vc_custom_1476046411946{padding-bottom: 70px !important;}\u00a0\u00bb]<div class=\"dt-fancy-separator title-left text-big\" style=\"width: 100%;\"><div class=\"dt-fancy-title\"><span class=\"separator-holder separator-left\"><\/span>Mission<span class=\"separator-holder separator-right\"><\/span><\/div><\/div>[vc_column_text css=\u00a0\u00bb.vc_custom_1558708745003{padding-top: 30px !important;padding-bottom: 25px !important;}\u00a0\u00bb]Notre <strong>mission<\/strong> consiste \u00e0 donner une seconde vie aux oliviers ornementaux, lesquels re\u00e7oivent tous les soins et jouissent d\u2019une longue vie dans leur nouveau foyer.<\/p>\n<p>Nous contribuons \u00e0 la r\u00e9cup\u00e9ration et conservation des oliviers de la p\u00e9ninsule Ib\u00e9rique. Nous faisons que nos clients appr\u00e9cient la beaut\u00e9 des oliviers, l\u2019aura du climat et le paysage M\u00e9diterran\u00e9en.<\/p>\n<p>Nous livrons les oliviers en parfait \u00e9tat \u00e0 travers d\u2019un service de logistique excellent et une attention personnelle. Comme cela, nos clients seulement doivent se pr\u00e9occuper de prendre soin et admirer son olivier, une fois re\u00e7u.[\/vc_column_text][\/vc_column][\/vc_row][vc_row type=\u00a0\u00bbvc_default\u00a0\u00bb margin_bottom=\u00a0\u00bb-30&Prime; full_width_padding_left=\u00a0\u00bb40&Prime; full_width_padding_right=\u00a0\u00bb40&Prime; full_width_margin_top=\u00a0\u00bb0&Prime; full_width_margin_bottom=\u00a0\u00bb0&Prime;][vc_column css=\u00a0\u00bb.vc_custom_1533902066737{padding-bottom: 70px !important;}\u00a0\u00bb offset=\u00a0\u00bbvc_col-lg-12 vc_col-md-12&Prime;]<div class=\"dt-fancy-separator title-left text-big\" style=\"width: 100%;\"><div class=\"dt-fancy-title\"><span class=\"separator-holder separator-left\"><\/span>L&#039;\u00e9quipe<span class=\"separator-holder separator-right\"><\/span><\/div><\/div>[vc_masonry_media_grid gap=\u00a0\u00bb35&Prime; item=\u00a0\u00bbmasonryGrid_BlurOut\u00a0\u00bb grid_id=\u00a0\u00bbvc_gid:1593444901212-daf6ad5579c188d8db17955f32b6bc77-8&Prime; include=\u00a0\u00bb56028,56031,56034,56022,56037,56025,56040&Prime; css=\u00a0\u00bb.vc_custom_1593444922811{padding-right: 100px !important;padding-left: 100px !important;}\u00a0\u00bb][\/vc_column][\/vc_row][vc_row type=\u00a0\u00bbvc_default\u00a0\u00bb margin_bottom=\u00a0\u00bb-30&Prime; full_width_padding_left=\u00a0\u00bb40&Prime; full_width_padding_right=\u00a0\u00bb40&Prime; full_width_margin_top=\u00a0\u00bb0&Prime; full_width_margin_bottom=\u00a0\u00bb0&Prime;][vc_column css=\u00a0\u00bb.vc_custom_1533902066737{padding-bottom: 70px !important;}\u00a0\u00bb offset=\u00a0\u00bbvc_col-lg-12 vc_col-md-12&Prime;]<div class=\"dt-fancy-separator title-left text-big\" style=\"width: 100%;\"><div class=\"dt-fancy-title\"><span class=\"separator-holder separator-left\"><\/span>Valeurs<span class=\"separator-holder separator-right\"><\/span><\/div><\/div>[vc_row_inner equal_height=\u00a0\u00bbyes\u00a0\u00bb css=\u00a0\u00bb.vc_custom_1476046488622{margin-bottom: -30px !important;padding-top: 30px !important;}\u00a0\u00bb][vc_column_inner width=\u00a0\u00bb1\/2&Prime; css=\u00a0\u00bb.vc_custom_1476046181377{padding-bottom: 20px !important;}\u00a0\u00bb]<div class=\"aio-icon-component  vc_custom_1580905976521  accent-icon-bg style_1\"><div id=\"Info-box-wrap-5864\" class=\"aio-icon-box left-icon\" style=\"\"  ><div class=\"aio-ibd-block\"><div class=\"aio-icon-header\" ><h3 class=\"aio-icon-title ult-responsive\"  data-ultimate-target='#Info-box-wrap-5864 .aio-icon-title'  data-responsive-json-new='{\"font-size\":\"desktop:18px;\",\"line-height\":\"desktop:26px;\"}'  style=\"font-weight:bold;\">Excellence<\/h3><\/div> <!-- header --><div class=\"aio-icon-description ult-responsive\"  data-ultimate-target='#Info-box-wrap-5864 .aio-icon-description'  data-responsive-json-new='{\"font-size\":\"\",\"line-height\":\"\"}'  style=\"\">Notre sp\u00e9cialit\u00e9 et obsession sont la logistique des arbres, nous travaillons pour que vous vous inqui\u00e9tez seulement d\u2019admirer vos oliviers. Nous fournissons un appui exquis\u00a0 durant tout le proc\u00e8s d\u2019achat et de r\u00e9ception des oliviers.<\/div> <!-- description --><\/div> <!-- aio-ibd-block --><\/div> <!-- aio-icon-box --><\/div> <!-- aio-icon-component -->[vc_single_image image=\u00a0\u00bb55982&Prime; img_size=\u00a0\u00bb600&#215;360&Prime; alignment=\u00a0\u00bbcenter\u00a0\u00bb][\/vc_column_inner][vc_column_inner width=\u00a0\u00bb1\/2&Prime; css=\u00a0\u00bb.vc_custom_1476046188603{padding-bottom: 20px !important;}\u00a0\u00bb]<div class=\"aio-icon-component  vc_custom_1580905992817  accent-icon-bg style_1\"><div id=\"Info-box-wrap-6544\" class=\"aio-icon-box left-icon\" style=\"\"  ><div class=\"aio-ibd-block\"><div class=\"aio-icon-header\" ><h3 class=\"aio-icon-title ult-responsive\"  data-ultimate-target='#Info-box-wrap-6544 .aio-icon-title'  data-responsive-json-new='{\"font-size\":\"desktop:18px;\",\"line-height\":\"desktop:26px;\"}'  style=\"font-weight:bold;\">Exclusivit\u00e9<\/h3><\/div> <!-- header --><div class=\"aio-icon-description ult-responsive\"  data-ultimate-target='#Info-box-wrap-6544 .aio-icon-description'  data-responsive-json-new='{\"font-size\":\"\",\"line-height\":\"\"}'  style=\"\">Nous s\u00e9lectionnons les oliviers parfaits pour vous, dans un des plus grands stocks du monde. Si acquiert un olivier mill\u00e9naire, centenaire ou bonsa\u00ef, il a son num\u00e9ro de r\u00e9f\u00e9rence qui garantit son origine et sa tra\u00e7abilit\u00e9.<\/div> <!-- description --><\/div> <!-- aio-ibd-block --><\/div> <!-- aio-icon-box --><\/div> <!-- aio-icon-component -->[vc_single_image image=\u00a0\u00bb56143&Prime; img_size=\u00a0\u00bb600&#215;360&Prime; alignment=\u00a0\u00bbcenter\u00a0\u00bb][\/vc_column_inner][vc_column_inner width=\u00a0\u00bb1\/2&Prime; css=\u00a0\u00bb.vc_custom_1476046199783{padding-bottom: 20px !important;}\u00a0\u00bb]<div class=\"aio-icon-component  vc_custom_1580906361966  accent-icon-bg style_1\"><div id=\"Info-box-wrap-2506\" class=\"aio-icon-box left-icon\" style=\"\"  ><div class=\"aio-ibd-block\"><div class=\"aio-icon-header\" ><h3 class=\"aio-icon-title ult-responsive\"  data-ultimate-target='#Info-box-wrap-2506 .aio-icon-title'  data-responsive-json-new='{\"font-size\":\"desktop:18px;\",\"line-height\":\"desktop:26px;\"}'  style=\"font-weight:bold;\">Effort<\/h3><\/div> <!-- header --><div class=\"aio-icon-description ult-responsive\"  data-ultimate-target='#Info-box-wrap-2506 .aio-icon-description'  data-responsive-json-new='{\"font-size\":\"\",\"line-height\":\"\"}'  style=\"\">Nous nous for\u00e7ons pour qu\u2019aussi bien les produits comme le traitement au client soient exceptionnels. Nous conseillons \u00e0 nos clients en tout moment, aussi apr\u00e8s la vente, pour le transport, la plantation et post\u00e9rieurs soins de l\u2019olivier.<\/div> <!-- description --><\/div> <!-- aio-ibd-block --><\/div> <!-- aio-icon-box --><\/div> <!-- aio-icon-component -->[vc_single_image image=\u00a0\u00bb56165&Prime; img_size=\u00a0\u00bb600&#215;360&Prime; alignment=\u00a0\u00bbcenter\u00a0\u00bb][\/vc_column_inner][vc_column_inner width=\u00a0\u00bb1\/2&Prime; css=\u00a0\u00bb.vc_custom_1476046204856{padding-bottom: 20px !important;}\u00a0\u00bb]<div class=\"aio-icon-component  vc_custom_1580906037242  accent-icon-bg style_1\"><div id=\"Info-box-wrap-5288\" class=\"aio-icon-box left-icon\" style=\"\"  ><div class=\"aio-ibd-block\"><div class=\"aio-icon-header\" ><h3 class=\"aio-icon-title ult-responsive\"  data-ultimate-target='#Info-box-wrap-5288 .aio-icon-title'  data-responsive-json-new='{\"font-size\":\"desktop:18px;\",\"line-height\":\"desktop:26px;\"}'  style=\"font-weight:bold;\">Exp\u00e9rience<\/h3><\/div> <!-- header --><div class=\"aio-icon-description ult-responsive\"  data-ultimate-target='#Info-box-wrap-5288 .aio-icon-description'  data-responsive-json-new='{\"font-size\":\"\",\"line-height\":\"\"}'  style=\"\">Notre longue exp\u00e9rience nous permet d\u2019exporter \u00e0 tous les pays du monde. Nous nous conformons \u00e0 la r\u00e9glementation et protocoles sanitaires, gr\u00e2ce \u00e0 nos contr\u00f4les tr\u00e8s strictes. Nous avons toutes les connaissances n\u00e9cessaires pour s\u00e9lectionner les meilleurs oliviers pour vous.<\/div> <!-- description --><\/div> <!-- aio-ibd-block --><\/div> <!-- aio-icon-box --><\/div> <!-- aio-icon-component -->[vc_single_image image=\u00a0\u00bb55988&Prime; img_size=\u00a0\u00bb600&#215;360&Prime; alignment=\u00a0\u00bbcenter\u00a0\u00bb][\/vc_column_inner][\/vc_row_inner][\/vc_column][\/vc_row]<\/p>\n<\/div>","protected":false},"excerpt":{"rendered":"<p>[vc_row][vc_column][vc_column_text css=\u00a0\u00bb.vc_custom_1582553072838{padding-bottom: 50px !important;}\u00a0\u00bb] Qui sommes-nous? [\/vc_column_text][\/vc_column][\/vc_row][vc_row type=\u00a0\u00bbvc_default\u00a0\u00bb margin_bottom=\u00a0\u00bb10&Prime; css=\u00a0\u00bb.vc_custom_1476046731265{padding-top: 70px !important;}\u00a0\u00bb][vc_column offset=\u00a0\u00bbvc_col-lg-8 vc_col-md-8 vc_col-xs-12&Prime; css=\u00a0\u00bb.vc_custom_1476046408224{padding-bottom: 70px !important;}\u00a0\u00bb][vc_row_inner css=\u00a0\u00bb.vc_custom_1476046389155{margin-bottom: -30px !important;padding-top: 30px !important;}\u00a0\u00bb][vc_column_inner css=\u00a0\u00bb.vc_custom_1476046382561{padding-bottom: 30px !important;}\u00a0\u00bb][vc_column_text]Olive Tree Hunters est n\u00e9e des mains de deux entrepreneurs, amoureux des oliviers, qui ont une vision en commun : R\u00e9ussir que l\u2019olivier soit\u00a0 l\u2019arbre le plus pr\u00e9cieux du monde.&hellip;<\/p>\n","protected":false},"author":1,"featured_media":0,"parent":0,"menu_order":40,"comment_status":"closed","ping_status":"closed","template":"","meta":{"footnotes":""},"class_list":["post-54894","page","type-page","status-publish","hentry","description-off"],"yoast_head":"<!-- This site is optimized with the Yoast SEO plugin v27.5 - https:\/\/yoast.com\/product\/yoast-seo-wordpress\/ -->\n<title>Qui sommes-nous ? | Olive-tree Hunters<\/title>\n<meta name=\"robots\" content=\"index, follow, max-snippet:-1, max-image-preview:large, max-video-preview:-1\" \/>\n<link rel=\"canonical\" href=\"https:\/\/www.olivetreehunters.com\/fr\/qui-sommes-nous\/\" \/>\n<meta property=\"og:locale\" content=\"fr_FR\" \/>\n<meta property=\"og:type\" content=\"article\" \/>\n<meta property=\"og:title\" content=\"Qui sommes-nous ? | Olive-tree Hunters\" \/>\n<meta property=\"og:description\" content=\"[vc_row][vc_column][vc_column_text css=\u00a0\u00bb.vc_custom_1582553072838{padding-bottom: 50px !important;}\u00a0\u00bb] Qui sommes-nous? [\/vc_column_text][\/vc_column][\/vc_row][vc_row type=\u00a0\u00bbvc_default\u00a0\u00bb margin_bottom=\u00a0\u00bb10&Prime; css=\u00a0\u00bb.vc_custom_1476046731265{padding-top: 70px !important;}\u00a0\u00bb][vc_column offset=\u00a0\u00bbvc_col-lg-8 vc_col-md-8 vc_col-xs-12&Prime; css=\u00a0\u00bb.vc_custom_1476046408224{padding-bottom: 70px !important;}\u00a0\u00bb][vc_row_inner css=\u00a0\u00bb.vc_custom_1476046389155{margin-bottom: -30px !important;padding-top: 30px !important;}\u00a0\u00bb][vc_column_inner css=\u00a0\u00bb.vc_custom_1476046382561{padding-bottom: 30px !important;}\u00a0\u00bb][vc_column_text]Olive Tree Hunters est n\u00e9e des mains de deux entrepreneurs, amoureux des oliviers, qui ont une vision en commun : R\u00e9ussir que l\u2019olivier soit\u00a0 l\u2019arbre le plus pr\u00e9cieux du monde.&hellip;\" \/>\n<meta property=\"og:url\" content=\"https:\/\/www.olivetreehunters.com\/fr\/qui-sommes-nous\/\" \/>\n<meta property=\"og:site_name\" content=\"Olive-tree Hunters\" \/>\n<meta property=\"article:publisher\" content=\"https:\/\/www.facebook.com\/Olive-Tree-Hunters-1085204018293771\/?modal=admin_todo_tour\" \/>\n<meta property=\"article:modified_time\" content=\"2020-06-29T15:35:33+00:00\" \/>\n<meta name=\"twitter:card\" content=\"summary_large_image\" \/>\n<meta name=\"twitter:label1\" content=\"Dur\u00e9e de lecture estim\u00e9e\" \/>\n\t<meta name=\"twitter:data1\" content=\"6 minutes\" \/>\n<script type=\"application\/ld+json\" class=\"yoast-schema-graph\">{\"@context\":\"https:\\\/\\\/schema.org\",\"@graph\":[{\"@type\":\"WebPage\",\"@id\":\"https:\\\/\\\/www.olivetreehunters.com\\\/fr\\\/qui-sommes-nous\\\/\",\"url\":\"https:\\\/\\\/www.olivetreehunters.com\\\/fr\\\/qui-sommes-nous\\\/\",\"name\":\"Qui sommes-nous ? | Olive-tree Hunters\",\"isPartOf\":{\"@id\":\"https:\\\/\\\/www.olivetreehunters.com\\\/fr\\\/#website\"},\"datePublished\":\"2019-05-24T14:35:21+00:00\",\"dateModified\":\"2020-06-29T15:35:33+00:00\",\"breadcrumb\":{\"@id\":\"https:\\\/\\\/www.olivetreehunters.com\\\/fr\\\/qui-sommes-nous\\\/#breadcrumb\"},\"inLanguage\":\"fr-FR\",\"potentialAction\":[{\"@type\":\"ReadAction\",\"target\":[\"https:\\\/\\\/www.olivetreehunters.com\\\/fr\\\/qui-sommes-nous\\\/\"]}]},{\"@type\":\"BreadcrumbList\",\"@id\":\"https:\\\/\\\/www.olivetreehunters.com\\\/fr\\\/qui-sommes-nous\\\/#breadcrumb\",\"itemListElement\":[{\"@type\":\"ListItem\",\"position\":1,\"name\":\"Accueil\",\"item\":\"https:\\\/\\\/www.olivetreehunters.com\\\/fr\\\/\"},{\"@type\":\"ListItem\",\"position\":2,\"name\":\"Qui sommes-nous ?\"}]},{\"@type\":\"WebSite\",\"@id\":\"https:\\\/\\\/www.olivetreehunters.com\\\/fr\\\/#website\",\"url\":\"https:\\\/\\\/www.olivetreehunters.com\\\/fr\\\/\",\"name\":\"Olive-tree Hunters\",\"description\":\"Exportamos olivos a todo el mundo\",\"potentialAction\":[{\"@type\":\"SearchAction\",\"target\":{\"@type\":\"EntryPoint\",\"urlTemplate\":\"https:\\\/\\\/www.olivetreehunters.com\\\/fr\\\/?s={search_term_string}\"},\"query-input\":{\"@type\":\"PropertyValueSpecification\",\"valueRequired\":true,\"valueName\":\"search_term_string\"}}],\"inLanguage\":\"fr-FR\"}]}<\/script>\n<!-- \/ Yoast SEO plugin. -->","yoast_head_json":{"title":"Qui sommes-nous ? | Olive-tree Hunters","robots":{"index":"index","follow":"follow","max-snippet":"max-snippet:-1","max-image-preview":"max-image-preview:large","max-video-preview":"max-video-preview:-1"},"canonical":"https:\/\/www.olivetreehunters.com\/fr\/qui-sommes-nous\/","og_locale":"fr_FR","og_type":"article","og_title":"Qui sommes-nous ? | Olive-tree Hunters","og_description":"[vc_row][vc_column][vc_column_text css=\u00a0\u00bb.vc_custom_1582553072838{padding-bottom: 50px !important;}\u00a0\u00bb] Qui sommes-nous? [\/vc_column_text][\/vc_column][\/vc_row][vc_row type=\u00a0\u00bbvc_default\u00a0\u00bb margin_bottom=\u00a0\u00bb10&Prime; css=\u00a0\u00bb.vc_custom_1476046731265{padding-top: 70px !important;}\u00a0\u00bb][vc_column offset=\u00a0\u00bbvc_col-lg-8 vc_col-md-8 vc_col-xs-12&Prime; css=\u00a0\u00bb.vc_custom_1476046408224{padding-bottom: 70px !important;}\u00a0\u00bb][vc_row_inner css=\u00a0\u00bb.vc_custom_1476046389155{margin-bottom: -30px !important;padding-top: 30px !important;}\u00a0\u00bb][vc_column_inner css=\u00a0\u00bb.vc_custom_1476046382561{padding-bottom: 30px !important;}\u00a0\u00bb][vc_column_text]Olive Tree Hunters est n\u00e9e des mains de deux entrepreneurs, amoureux des oliviers, qui ont une vision en commun : R\u00e9ussir que l\u2019olivier soit\u00a0 l\u2019arbre le plus pr\u00e9cieux du monde.&hellip;","og_url":"https:\/\/www.olivetreehunters.com\/fr\/qui-sommes-nous\/","og_site_name":"Olive-tree Hunters","article_publisher":"https:\/\/www.facebook.com\/Olive-Tree-Hunters-1085204018293771\/?modal=admin_todo_tour","article_modified_time":"2020-06-29T15:35:33+00:00","twitter_card":"summary_large_image","twitter_misc":{"Dur\u00e9e de lecture estim\u00e9e":"6 minutes"},"schema":{"@context":"https:\/\/schema.org","@graph":[{"@type":"WebPage","@id":"https:\/\/www.olivetreehunters.com\/fr\/qui-sommes-nous\/","url":"https:\/\/www.olivetreehunters.com\/fr\/qui-sommes-nous\/","name":"Qui sommes-nous ? | Olive-tree Hunters","isPartOf":{"@id":"https:\/\/www.olivetreehunters.com\/fr\/#website"},"datePublished":"2019-05-24T14:35:21+00:00","dateModified":"2020-06-29T15:35:33+00:00","breadcrumb":{"@id":"https:\/\/www.olivetreehunters.com\/fr\/qui-sommes-nous\/#breadcrumb"},"inLanguage":"fr-FR","potentialAction":[{"@type":"ReadAction","target":["https:\/\/www.olivetreehunters.com\/fr\/qui-sommes-nous\/"]}]},{"@type":"BreadcrumbList","@id":"https:\/\/www.olivetreehunters.com\/fr\/qui-sommes-nous\/#breadcrumb","itemListElement":[{"@type":"ListItem","position":1,"name":"Accueil","item":"https:\/\/www.olivetreehunters.com\/fr\/"},{"@type":"ListItem","position":2,"name":"Qui sommes-nous ?"}]},{"@type":"WebSite","@id":"https:\/\/www.olivetreehunters.com\/fr\/#website","url":"https:\/\/www.olivetreehunters.com\/fr\/","name":"Olive-tree Hunters","description":"Exportamos olivos a todo el mundo","potentialAction":[{"@type":"SearchAction","target":{"@type":"EntryPoint","urlTemplate":"https:\/\/www.olivetreehunters.com\/fr\/?s={search_term_string}"},"query-input":{"@type":"PropertyValueSpecification","valueRequired":true,"valueName":"search_term_string"}}],"inLanguage":"fr-FR"}]}},"_links":{"self":[{"href":"https:\/\/www.olivetreehunters.com\/fr\/wp-json\/wp\/v2\/pages\/54894","targetHints":{"allow":["GET"]}}],"collection":[{"href":"https:\/\/www.olivetreehunters.com\/fr\/wp-json\/wp\/v2\/pages"}],"about":[{"href":"https:\/\/www.olivetreehunters.com\/fr\/wp-json\/wp\/v2\/types\/page"}],"author":[{"embeddable":true,"href":"https:\/\/www.olivetreehunters.com\/fr\/wp-json\/wp\/v2\/users\/1"}],"replies":[{"embeddable":true,"href":"https:\/\/www.olivetreehunters.com\/fr\/wp-json\/wp\/v2\/comments?post=54894"}],"version-history":[{"count":8,"href":"https:\/\/www.olivetreehunters.com\/fr\/wp-json\/wp\/v2\/pages\/54894\/revisions"}],"predecessor-version":[{"id":56921,"href":"https:\/\/www.olivetreehunters.com\/fr\/wp-json\/wp\/v2\/pages\/54894\/revisions\/56921"}],"wp:attachment":[{"href":"https:\/\/www.olivetreehunters.com\/fr\/wp-json\/wp\/v2\/media?parent=54894"}],"curies":[{"name":"wp","href":"https:\/\/api.w.org\/{rel}","templated":true}]}}